{"id":36866,"date":"2014-08-10T09:57:34","date_gmt":"2014-08-10T09:57:34","guid":{"rendered":"http:\/\/helseforhandleren.no\/butikk\/uncategorized\/earth-fx-jordingsmatte-for-kjaeledyr\/"},"modified":"2024-04-05T09:41:30","modified_gmt":"2024-04-05T09:41:30","slug":"earth-fx-jordingsmatte-for-kjaeledyr","status":"publish","type":"product","link":"https:\/\/helseforhandleren.no\/de\/geschaeft\/abschirmung\/erdung\/earth-fx-jordingsmatte-for-kjaeledyr\/","title":{"rendered":"Earth FX Jordingsmatte for kj\u00e6ledyr"},"content":{"rendered":"<h1 class=\"ProductTitle\">Earth FX Kj\u00e6ledyrmatte<\/h1>\n<p><span lang=\"&quot;\\&quot;NO-BOK\\&quot;&quot;\">Jordingsovertrekk til hundeseng e.t. Komplett med jordspyd, sikring og kabler.\u00a0 <\/span><\/p>\n<p><span lang=\"&quot;\\&quot;NO-BOK\\&quot;&quot;\">Systemet jorder kj\u00e6ledyret ditt, og effekten er den samme som om de ligger i gresset; spenning i kroppen lades ut, og man trekker i tillegg elektroner fra jorden. <\/span><\/p>\n<p class=\"&quot;\\&quot;MsoNormal\\&quot;&quot;\"><span lang=\"&quot;\\&quot;NO-BOK\\&quot;&quot;\">Jordingssystemet gir mange helsefordeler:<br \/>\n&#8211; Regenereringsprosessene som p\u00e5g\u00e5r under s\u00f8vnen blir mer effektive.<br \/>\n&#8211; Betennelsestilstander i kroppen kan dempes eller fjernes.<br \/>\n&#8211; Mange kj\u00e6ledyr f\u00e5r bedring av konkrete helsetilstander.<\/p>\n<p>Systemet best\u00e5r av en lakenpose med s\u00f8lvtr\u00e5der i en unik veving, samt jordingsspyd og skjermet forlengelseskabel med trykk-knapptilkopling p\u00e5 lakenet. Stoffet er ganske kraftig, og kan vaskes p\u00e5 40 grader finvask. Jordspydet m\u00e5 plasseres p\u00e5 egnet sted i hagen, og kabelen er lang nok til de fleste hus.<\/p>\n<p>Dersom du ikke kan koble til med jordspyd, er det mulig \u00e5 bestille tilkoblingsutstyr til jordet stikkontakt, men da m\u00e5 jordingen i huset v\u00e6re bedre enn det som er vanlig i norske hus. Du kan l\u00e5ne eller kj\u00f8pe jordingstester for \u00e5 teste den aktuelle stikk-kontakten. <\/span><\/p>\n<p class=\"&quot;\\&quot;MsoNormal\\&quot;&quot;\"><span lang=\"&quot;\\&quot;NO-BOK\\&quot;&quot;\">Se ogs\u00e5 gode artikler p\u00e5 norsk om jording og jordingslaken i VOF nr.1\/2011.<\/span><\/p>\n<table style=\"height: 16px;\" border=\"0\" width=\"6\" cellspacing=\"0\" cellpadding=\"0\">\n<tbody>\n<tr>\n<td colspan=\"2\" valign=\"top\"><\/td>\n<\/tr>\n<tr>\n<td colspan=\"3\" align=\"left\"><\/td>\n<\/tr>\n<tr>\n<td colspan=\"3\" align=\"left\"><\/td>\n<\/tr>\n<\/tbody>\n<\/table>\n","protected":false},"excerpt":{"rendered":"<p>Jordingsovertrekk til hundeseng e.t. Komplett med jordspyd, sikring og kabler.<\/p>\n<p># Systemet jorder kj\u00e6ledyret ditt, og effekten er den samme som om de ligger i gresset; spenning i kroppen lades ut, og man trekker i tillegg elektroner fra jorden.<\/p>\n<p>Jordingssystemet gir mange helsefordeler:<\/p>\n<p>&#8211; Regenereringsprosessene som p\u00e5g\u00e5r under s\u00f8vnen blir mer effektive.<br \/>\n&#8211; Betennelsestilstander i kroppen kan dempes eller fjernes.<br \/>\n&#8211; Mange kj\u00e6ledyr f\u00e5r bedring av konkrete helsetilstander.<\/p>\n<p>Systemet best\u00e5r av en lakenpose med s\u00f8lvtr\u00e5der i en unik veving, samt jordingsspyd og skjermet forlengelseskabel med trykk-knapptilkopling p\u00e5 lakenet. Stoffet er ganske kraftig, og kan vaskes p\u00e5 40 grader finvask. Jordspydet m\u00e5 plasseres p\u00e5 egnet sted i hagen, og kabelen er lang nok til de fleste hus.<\/p>\n<p>Dersom du ikke kan koble til med jordspyd, er det mulig \u00e5 bestille tilkoblingsutstyr til jordet stikkontakt, men da m\u00e5 jordingen i huset v\u00e6re bedre enn det som er vanlig i norske hus. Du kan l\u00e5ne eller kj\u00f8pe jordingstester for \u00e5 teste den aktuelle stikk-kontakten.<\/p>\n","protected":false},"featured_media":82835,"comment_status":"closed","ping_status":"closed","template":"","meta":[],"product_brand":[],"product_cat":[1028],"product_tag":[],"class_list":{"0":"post-36866","1":"product","2":"type-product","3":"status-publish","4":"has-post-thumbnail","6":"product_cat-erdung","8":"first","9":"outofstock","10":"taxable","11":"shipping-taxable","12":"purchasable","13":"product-type-simple"},"_links":{"self":[{"href":"https:\/\/helseforhandleren.no\/de\/wp-json\/wp\/v2\/product\/36866","targetHints":{"allow":["GET"]}}],"collection":[{"href":"https:\/\/helseforhandleren.no\/de\/wp-json\/wp\/v2\/product"}],"about":[{"href":"https:\/\/helseforhandleren.no\/de\/wp-json\/wp\/v2\/types\/product"}],"replies":[{"embeddable":true,"href":"https:\/\/helseforhandleren.no\/de\/wp-json\/wp\/v2\/comments?post=36866"}],"wp:featuredmedia":[{"embeddable":true,"href":"https:\/\/helseforhandleren.no\/de\/wp-json\/wp\/v2\/media\/82835"}],"wp:attachment":[{"href":"https:\/\/helseforhandleren.no\/de\/wp-json\/wp\/v2\/media?parent=36866"}],"wp:term":[{"taxonomy":"product_brand","embeddable":true,"href":"https:\/\/helseforhandleren.no\/de\/wp-json\/wp\/v2\/product_brand?post=36866"},{"taxonomy":"product_cat","embeddable":true,"href":"https:\/\/helseforhandleren.no\/de\/wp-json\/wp\/v2\/product_cat?post=36866"},{"taxonomy":"product_tag","embeddable":true,"href":"https:\/\/helseforhandleren.no\/de\/wp-json\/wp\/v2\/product_tag?post=36866"}],"curies":[{"name":"wp","href":"https:\/\/api.w.org\/{rel}","templated":true}]}}