{"id":36884,"date":"2014-08-10T09:56:35","date_gmt":"2014-08-10T09:56:35","guid":{"rendered":"http:\/\/helseforhandleren.no\/butikk\/uncategorized\/skjermings-og-jordingsmatte-steel-twin-dobbeltseng\/"},"modified":"2024-06-04T16:37:25","modified_gmt":"2024-06-04T14:37:25","slug":"skjermings-og-jordingsmatte-steel-twin-dobbeltseng","status":"publish","type":"product","link":"https:\/\/helseforhandleren.no\/de\/geschaeft\/abschirmung\/abschirmung-bett-baldachine-canopy\/schlafsack\/skjermings-og-jordingsmatte-steel-twin-dobbeltseng\/","title":{"rendered":"Skjermings- og Jordingslaken Steel-twin Dobbeltseng"},"content":{"rendered":"<p>STEEL TWIN<\/p>\n<p>Steel-Twin Skjermingslaken. Kan ogs\u00e5 jordes.<\/p>\n<p>Svakere skjerming, men rimeligere enn Silver-Twin.<\/p>\n<p>Steel-Twin er et kompakt bomullsstoff som skjermer for h\u00f8yfrekvent\/HF og lavfrekvent\/LF -str\u00e5ling. Dette stoffet blir ofte brukt til gardiner og laken.<\/p>\n<p>Detaljer: Forside er av hvit bomull. Bakside er av en tett vev av tynne st\u00e5ltr\u00e5der. Forsiden ser lysegr\u00e5 ut.<\/p>\n<p>God demping ogs\u00e5 ved h\u00f8y verdier.<br \/>\nKost og ytelseseffektiv.<br \/>\nBurde jordes for LF avledning.<br \/>\nH\u00f8y kvalitet.<br \/>\nKan vaskes p\u00e5 30?C med TEXCARE spesials\u00e5pe. Strykes p\u00e5 svak varme.<\/p>\n<p>Skjermer 35 dB ved 1 GHz.<br \/>\nKan farges.<br \/>\nR\u00e5materiale: 68% bomull, 17% polyester, 15% rustfritt st\u00e5l.<br \/>\nVekt: 190 g\/m2<br \/>\nKrymper: +\/- 3%<br \/>\nOverflatekonduktivitet: 100-800 ohm\/12&#8243;2 (2,54&#215;2,54)<\/p>\n<p>Tillegsutstyr: Grounding-plug EST, Jordingsspyd.<\/p>\n<p>Produktet testes regelmessig av Prof. Dipl. Ing. Pauli ved Mikrob\u00f8lge Laboratoriet ved Universitat der Bundeswehr M\u00fcnchen etter ASTM D4935-99 og\/eller MIL-Standard 285 standarer.<\/p>\n<p>Testrapport er tilgjengelig ved foresp\u00f8rsel.<\/p>\n","protected":false},"excerpt":{"rendered":"<p>Jordingslaken og for skjerming under sengen, mot str\u00e5ling som kommer nedenifra. Naturlig bomullstoff p\u00e5 den ene siden, st\u00e5lvev p\u00e5 den andre.<\/p>\n","protected":false},"featured_media":85671,"comment_status":"closed","ping_status":"closed","template":"","meta":[],"product_brand":[],"product_cat":[1269,1268],"product_tag":[1339,1275,1276,572],"class_list":{"0":"post-36884","1":"product","2":"type-product","3":"status-publish","4":"has-post-thumbnail","6":"product_cat-baldachine","7":"product_cat-schlafsack","8":"product_tag-jording-de","9":"product_tag-skjerming-2","10":"product_tag-soverommet-2","11":"product_tag-straling-de","13":"first","14":"instock","15":"taxable","16":"shipping-taxable","17":"purchasable","18":"product-type-simple"},"_links":{"self":[{"href":"https:\/\/helseforhandleren.no\/de\/wp-json\/wp\/v2\/product\/36884","targetHints":{"allow":["GET"]}}],"collection":[{"href":"https:\/\/helseforhandleren.no\/de\/wp-json\/wp\/v2\/product"}],"about":[{"href":"https:\/\/helseforhandleren.no\/de\/wp-json\/wp\/v2\/types\/product"}],"replies":[{"embeddable":true,"href":"https:\/\/helseforhandleren.no\/de\/wp-json\/wp\/v2\/comments?post=36884"}],"wp:featuredmedia":[{"embeddable":true,"href":"https:\/\/helseforhandleren.no\/de\/wp-json\/wp\/v2\/media\/85671"}],"wp:attachment":[{"href":"https:\/\/helseforhandleren.no\/de\/wp-json\/wp\/v2\/media?parent=36884"}],"wp:term":[{"taxonomy":"product_brand","embeddable":true,"href":"https:\/\/helseforhandleren.no\/de\/wp-json\/wp\/v2\/product_brand?post=36884"},{"taxonomy":"product_cat","embeddable":true,"href":"https:\/\/helseforhandleren.no\/de\/wp-json\/wp\/v2\/product_cat?post=36884"},{"taxonomy":"product_tag","embeddable":true,"href":"https:\/\/helseforhandleren.no\/de\/wp-json\/wp\/v2\/product_tag?post=36884"}],"curies":[{"name":"wp","href":"https:\/\/api.w.org\/{rel}","templated":true}]}}