{"id":38775,"date":"2018-08-24T10:21:47","date_gmt":"2018-08-24T10:21:47","guid":{"rendered":"http:\/\/helseforhandleren.no\/?post_type=product&#038;p=38775"},"modified":"2024-04-05T09:42:44","modified_gmt":"2024-04-05T09:42:44","slug":"pullunder","status":"publish","type":"product","link":"https:\/\/helseforhandleren.no\/de\/geschaeft\/abschirmung\/kleidung-de\/hosen-und-blusen\/pullunder\/","title":{"rendered":"Pullunder"},"content":{"rendered":"<p>Ein gern getragenes, individuelles Kleidungsst\u00fcck ist der Pullunder oder Westover!<\/p>\n<p>Er l\u00e4sst sich in den verschiedensten Situationen \u00fcberziehen, im B\u00fcro unters Jacket, die Dame l\u00e4ssig \u00fcber einen Pullover.<\/p>\n<p>Pullunder aus 50% Wandil-Torf und 50% kbA-Baumwolle in den Farben: Jeans und beere in den Gr\u00f6\u00dfen XS, S, M, L und XL.<\/p>\n","protected":false},"excerpt":{"rendered":"<p>Ein gern getragenes, individuelles Kleidungsst\u00fcck ist der Pullunder oder Westover!  [&#8230;]<\/p>\n","protected":false},"featured_media":82947,"comment_status":"closed","ping_status":"closed","template":"","meta":[],"product_brand":[],"product_cat":[1033,1330],"product_tag":[],"class_list":{"0":"post-38775","1":"product","2":"type-product","3":"status-publish","4":"has-post-thumbnail","6":"product_cat-hosen-und-blusen","7":"product_cat-torf-und-meeraesche-faser","9":"first","10":"instock","11":"taxable","12":"shipping-taxable","13":"purchasable","14":"product-type-simple"},"_links":{"self":[{"href":"https:\/\/helseforhandleren.no\/de\/wp-json\/wp\/v2\/product\/38775","targetHints":{"allow":["GET"]}}],"collection":[{"href":"https:\/\/helseforhandleren.no\/de\/wp-json\/wp\/v2\/product"}],"about":[{"href":"https:\/\/helseforhandleren.no\/de\/wp-json\/wp\/v2\/types\/product"}],"replies":[{"embeddable":true,"href":"https:\/\/helseforhandleren.no\/de\/wp-json\/wp\/v2\/comments?post=38775"}],"wp:featuredmedia":[{"embeddable":true,"href":"https:\/\/helseforhandleren.no\/de\/wp-json\/wp\/v2\/media\/82947"}],"wp:attachment":[{"href":"https:\/\/helseforhandleren.no\/de\/wp-json\/wp\/v2\/media?parent=38775"}],"wp:term":[{"taxonomy":"product_brand","embeddable":true,"href":"https:\/\/helseforhandleren.no\/de\/wp-json\/wp\/v2\/product_brand?post=38775"},{"taxonomy":"product_cat","embeddable":true,"href":"https:\/\/helseforhandleren.no\/de\/wp-json\/wp\/v2\/product_cat?post=38775"},{"taxonomy":"product_tag","embeddable":true,"href":"https:\/\/helseforhandleren.no\/de\/wp-json\/wp\/v2\/product_tag?post=38775"}],"curies":[{"name":"wp","href":"https:\/\/api.w.org\/{rel}","templated":true}]}}