{"id":38866,"date":"2018-08-23T14:13:21","date_gmt":"2018-08-23T14:13:21","guid":{"rendered":"https:\/\/wordpress-1160125-4043454.cloudwaysapps.com\/butikk\/unkategorisiert\/flip-side-mobildeksel-exclusive-til-iphone-7-og-iphone-8\/"},"modified":"2024-04-05T09:42:56","modified_gmt":"2024-04-05T09:42:56","slug":"flip-side-mobildeksel-exclusive-til-iphone-7-og-iphone-8","status":"publish","type":"product","link":"https:\/\/helseforhandleren.no\/de\/geschaeft\/abschirmung\/daten-mobile-de\/mobil-de\/flip-side-mobildeksel-exclusive-til-iphone-7-og-iphone-8\/","title":{"rendered":"Flip-side mobildeksel &#8211; &#8222;Exclusive&#8220; til iPhone 7 og iPhone 8 (RAD092)"},"content":{"rendered":"<p align=\"left\">Flott\u00a0RadiCover flip-side mobilcover til iPhone 7 er\u00a0utvendig\u00a0fremstilt i det fineste\u00a0ekte sorte kvalitetsl\u00e6r. Innsiden er\u00a0lavet i lyst\u00a0koksgr\u00e5 kvalitets PU l\u00e6r.\u00a0Dekselet beskytter effektivt din dyrebare iPhone 7 mot st\u00f8t og riper\u00a0&#8211;\u00a0og\u00a0deg\u00a0selv mot mobilstr\u00e5ler.<\/p>\n<p>&nbsp;<\/p>\n<p align=\"left\"><strong>\u00a0Funksjoner:<br \/>\n<\/strong>&#8211; 3 innebygde lommer til kredittkort<br \/>\n&#8211; Skr\u00e5stilling av skjerm<br \/>\n&#8211;\u00a0Lomme til kvitteringer<br \/>\n&#8211; Magnetisk lukkemekanisme\u00a0i siden<\/p>\n<p>&nbsp;<\/p>\n<p align=\"left\"><strong>Slik\u00a0beskytter dekselet deg<br \/>\n<\/strong>Telefonen er utstyrt med huller til h\u00f8yttaler og mikrofon som gj\u00f8r det mulig\u00a0\u00e5 snakke\u00a0med\u00a0dekselet lukket, og\u00a0derfor oppn\u00e5 den maksimale reduksjon av str\u00e5lene p\u00e5 opptil 86%. Du er\u00a0p\u00e5 den m\u00e5te\u00a0godt sikret b\u00e5de n\u00e5r du\u00a0snakker i telefonen og n\u00e5r den ligger i\u00a0f.eks. lommen eller vesken. Med\u00a0fronten av dekselet\u00a0lukket,\u00a0unng\u00e5r du\u00a0b\u00e5de str\u00e5ler og at du f\u00e5r &#8222;varmt \u00f8re&#8220; (oppvarming av hode og vev), noe som er bevist \u00e5 v\u00e6re skadelig.<\/p>\n<p><img class=\"lazyload\" decoding=\"async\" title=\"uten beskyttelsesdeksel og med RadiCover mobil deksel\" src=\"data:image\/gif;base64,R0lGODlhAQABAAAAACH5BAEKAAEALAAAAAABAAEAAAICTAEAOw==\" data-orig-src=\"https:\/\/www.radicover.no\/media\/wysiwyg\/Diverse\/slik-fungerer-det.jpg\" alt=\"uten beskyttelsesdeksel og med RadiCover mobil deksel\" width=\"800\" \/><\/p>\n<p align=\"left\"><strong>Dokumentasjon:<br \/>\n<\/strong>Produktet er SAR testet og anti-str\u00e5lingseffekten er dokumentert til 86% i retning af front af dekslet,av det uavhengige\u00a0sertifiserte tysk\/amerikanske laboratorium CETECOM.<br \/>\nBem\u00e6rk: Testen og resultatet tager h\u00f8yde for forandringer i sendestyrken.<\/p>\n<p align=\"left\"><a title=\"Delta test - RadiCover anti-str\u00e5lings cover\" href=\"https:\/\/www.radicover.no\/media\/wysiwyg\/Testrapporter\/RadiCover_CETECOM_SAR_Test_Assessment_Anti-radiation_Mobile_covers.pdf\" target=\"_blank\" rel=\"noopener noreferrer\">*Se testrapport her<br \/>\n<\/a><br \/>\n<a title=\"Se RadiCover SAR test udf\u00f8rt af CETECOM GmbH\/Inc.\" href=\"https:\/\/www.radicover.no\/media\/wysiwyg\/Testrapporter\/RadiCover_CETECOM_SAR_Test_Assessment_Anti-radiation_Mobile_covers.pdf\" target=\"_blank\" rel=\"noopener noreferrer\"><img class=\"lazyload\" decoding=\"async\" title=\"Se RadiCover SAR test af Cetecom GmbH\/Inc. RadiCover anti-str\u00e5lings cover\" src=\"data:image\/gif;base64,R0lGODlhAQABAAAAACH5BAEKAAEALAAAAAABAAEAAAICTAEAOw==\" data-orig-src=\"https:\/\/www.radicover.no\/media\/wysiwyg\/Testrapporter\/RadiCover_CETECOM_SAR_Test_Assesment_Anti-radiation_phone_cases.png\" alt=\"RadiCover SAR test - af Cetecom GmbH\/Inc. RadiCover anti-str\u00e5lings cover\" width=\"250\" \/><\/a><\/p>\n","protected":false},"excerpt":{"rendered":"<p>Flott\u00a0RadiCover flip-side mobilcover til iPhone 7 og iPhone 8 &#8211; Brun &#8211; Ekte Geiteskinn &#8211; 86% beskyttelse<\/p>\n","protected":false},"featured_media":82969,"comment_status":"closed","ping_status":"closed","template":"","meta":[],"product_brand":[],"product_cat":[1420],"product_tag":[],"class_list":{"0":"post-38866","1":"product","2":"type-product","3":"status-publish","4":"has-post-thumbnail","6":"product_cat-mobil-de","8":"first","9":"outofstock","10":"taxable","11":"shipping-taxable","12":"purchasable","13":"product-type-simple"},"_links":{"self":[{"href":"https:\/\/helseforhandleren.no\/de\/wp-json\/wp\/v2\/product\/38866","targetHints":{"allow":["GET"]}}],"collection":[{"href":"https:\/\/helseforhandleren.no\/de\/wp-json\/wp\/v2\/product"}],"about":[{"href":"https:\/\/helseforhandleren.no\/de\/wp-json\/wp\/v2\/types\/product"}],"replies":[{"embeddable":true,"href":"https:\/\/helseforhandleren.no\/de\/wp-json\/wp\/v2\/comments?post=38866"}],"wp:featuredmedia":[{"embeddable":true,"href":"https:\/\/helseforhandleren.no\/de\/wp-json\/wp\/v2\/media\/82969"}],"wp:attachment":[{"href":"https:\/\/helseforhandleren.no\/de\/wp-json\/wp\/v2\/media?parent=38866"}],"wp:term":[{"taxonomy":"product_brand","embeddable":true,"href":"https:\/\/helseforhandleren.no\/de\/wp-json\/wp\/v2\/product_brand?post=38866"},{"taxonomy":"product_cat","embeddable":true,"href":"https:\/\/helseforhandleren.no\/de\/wp-json\/wp\/v2\/product_cat?post=38866"},{"taxonomy":"product_tag","embeddable":true,"href":"https:\/\/helseforhandleren.no\/de\/wp-json\/wp\/v2\/product_tag?post=38866"}],"curies":[{"name":"wp","href":"https:\/\/api.w.org\/{rel}","templated":true}]}}