{"id":38896,"date":"2018-09-04T10:36:51","date_gmt":"2018-09-04T10:36:51","guid":{"rendered":"https:\/\/helseforhandleren.no\/butikk\/unkategorisiert\/radicover-slim-design-flip-side-mobilcover-til-samsung-s5-rad056\/"},"modified":"2024-04-05T09:43:07","modified_gmt":"2024-04-05T09:43:07","slug":"radicover-slim-design-flip-side-mobilcover-til-samsung-s5-rad056","status":"publish","type":"product","link":"https:\/\/helseforhandleren.no\/de\/geschaeft\/abschirmung\/daten-mobile-de\/mobil-de\/radicover-slim-design-flip-side-mobilcover-til-samsung-s5-rad056\/","title":{"rendered":"RadiCover Flip-side mobilcover til Samsung S5 &#8211; (RAD056)"},"content":{"rendered":"<p>Elegant RadiCover flip-side mobilcover i slim design, der effektivt reducerer op til 91% af den elektromagnetiske mobilstr\u00e5ling, der udsendes fra din mobiltelefon i retning af hoved og kroppen. Coveret beskytter med den l\u00e6kre PU l\u00e6der og slagfaste plastramme, samtidigt effektivt din Samsung Galaxy S5 mod slag.<\/p>\n<p>&nbsp;<\/p>\n<p><strong>Funktioner:<\/strong><br \/>\n&#8211; 3 stk. kreditkortlommer<br \/>\n&#8211; Lomme til kvitteringer<br \/>\n&#8211; Muligt at skr\u00e5tstille sk\u00e6rm<br \/>\n&#8211; Magnetluk<br \/>\n&#8211; Huller til kamera, headsets etc.<\/p>\n<p>&nbsp;<\/p>\n<p><strong>Materialer:<br \/>\n<\/strong>Udvendigt: H\u00f8j kvalitets PU l\u00e6der<br \/>\nIndvendigt: H\u00f8j kvalitets PU l\u00e6der<br \/>\nPlastramme: PC plast.<\/p>\n<p><strong>S\u00e5dan beskytter coveret dig:<\/strong><br \/>\nTelefonen er udstyret med huller til h\u00f8jtaler og mikrofon, der g\u00f8r det muligt at tale med coveret lukket, og dermed opn\u00e5 den maksimale reduktion af str\u00e5lerne p\u00e5 op til 91%. Du er s\u00e5ledes godt sikret b\u00e5de, n\u00e5r du taler i telefonen og n\u00e5r den ligger i fx. lommen eller tasken. Coveret er udf\u00f8rt i l\u00e6kkert h\u00f8jkvalitets PU l\u00e6der, som er behageligt at holde ved, samt holde mod \u00f8ret n\u00e5r du taler. Med klappen lukket for, undg\u00e5r du s\u00e5vel str\u00e5ler som at f\u00e5 &#8222;varmt \u00f8re&#8220; og opvarmet hovedet\/v\u00e6vet, hvilket er bevidst skadeligt.<\/p>\n<p>&nbsp;<\/p>\n<p><strong>Dokumentation:<\/strong><br \/>\nProduktet er testet og anti-str\u00e5lingseffekten dokumenteret af det uafh\u00e6ngige akkrediterede danske laboratorium Delta.<\/p>\n<p>&nbsp;<\/p>\n<p><a title=\"Delta test - RadiCover anti-str\u00e5lings cover\" href=\"https:\/\/www.radicover.no\/media\/wysiwyg\/Testrapporter\/Delta_Testrapport-_RadiCover_Anti-str_lings_SmartPhone_Cover_-_Oktober_2014.pdf\">Se testrapport her<\/a><br \/>\n<img class=\"lazyload\" decoding=\"async\" title=\"Delta test - RadiCover anti-str\u00e5lings cover\" src=\"data:image\/gif;base64,R0lGODlhAQABAAAAACH5BAEKAAEALAAAAAABAAEAAAICTAEAOw==\" data-orig-src=\"https:\/\/www.radicover.no\/media\/wysiwyg\/Testrapporter\/Delta_test_-_RadiCover_Anti-str_lings_mobil_flip-cover_-_okt._2014_1.png\" alt=\"Delta test - RadiCover anti-str\u00e5lings cover\" width=\"250\" \/><\/p>\n","protected":false},"excerpt":{"rendered":"<p>Sort &#8211; 91% beskyttelse<\/p>\n","protected":false},"featured_media":82987,"comment_status":"closed","ping_status":"closed","template":"","meta":[],"product_brand":[],"product_cat":[1420],"product_tag":[],"class_list":{"0":"post-38896","1":"product","2":"type-product","3":"status-publish","4":"has-post-thumbnail","6":"product_cat-mobil-de","8":"first","9":"outofstock","10":"taxable","11":"shipping-taxable","12":"purchasable","13":"product-type-simple"},"_links":{"self":[{"href":"https:\/\/helseforhandleren.no\/de\/wp-json\/wp\/v2\/product\/38896","targetHints":{"allow":["GET"]}}],"collection":[{"href":"https:\/\/helseforhandleren.no\/de\/wp-json\/wp\/v2\/product"}],"about":[{"href":"https:\/\/helseforhandleren.no\/de\/wp-json\/wp\/v2\/types\/product"}],"replies":[{"embeddable":true,"href":"https:\/\/helseforhandleren.no\/de\/wp-json\/wp\/v2\/comments?post=38896"}],"wp:featuredmedia":[{"embeddable":true,"href":"https:\/\/helseforhandleren.no\/de\/wp-json\/wp\/v2\/media\/82987"}],"wp:attachment":[{"href":"https:\/\/helseforhandleren.no\/de\/wp-json\/wp\/v2\/media?parent=38896"}],"wp:term":[{"taxonomy":"product_brand","embeddable":true,"href":"https:\/\/helseforhandleren.no\/de\/wp-json\/wp\/v2\/product_brand?post=38896"},{"taxonomy":"product_cat","embeddable":true,"href":"https:\/\/helseforhandleren.no\/de\/wp-json\/wp\/v2\/product_cat?post=38896"},{"taxonomy":"product_tag","embeddable":true,"href":"https:\/\/helseforhandleren.no\/de\/wp-json\/wp\/v2\/product_tag?post=38896"}],"curies":[{"name":"wp","href":"https:\/\/api.w.org\/{rel}","templated":true}]}}