{"id":38961,"date":"2018-09-04T13:19:42","date_gmt":"2018-09-04T13:19:42","guid":{"rendered":"https:\/\/helseforhandleren.no\/butikk\/unkategorisiert\/radicover-ipad-mini-i-ii-cover-exclusive-til-ipad-mini-1-2-3-sort-rad052\/"},"modified":"2024-04-05T09:43:28","modified_gmt":"2024-04-05T09:43:28","slug":"radicover-ipad-mini-i-ii-cover-exclusive-til-ipad-mini-1-2-3-sort-rad052","status":"publish","type":"product","link":"https:\/\/helseforhandleren.no\/de\/geschaeft\/abschirmung\/daten-mobile-de\/tablet-de\/radicover-ipad-mini-i-ii-cover-exclusive-til-ipad-mini-1-2-3-sort-rad052\/","title":{"rendered":"RadiCover &#8211; iPad Mini I &#038; II Cover Exclusive &#8211; til iPad Mini 1, 2 &#038; 3 &#8211; Sort (RAD052)"},"content":{"rendered":"<p><strong>Funktioner:<\/strong><br \/>\n&#8211; Inklusiv AutoWake magnet<br \/>\n&#8211; Tre trins- sk\u00e6rmvinkling<br \/>\n&#8211; Magnet luk<br \/>\n&#8211; Huller til alle funktion inkl. kamera, h\u00f8retelefon og str\u00f8m<\/p>\n<p>&nbsp;<\/p>\n<p><strong>Materialer:<\/strong><br \/>\n&#8211; Udvendingt: Udf\u00f8rt i bl\u00f8dt kvalitets og reng\u00f8ringsvenligt PU l\u00e6der<br \/>\n&#8211; Indvendig: Udf\u00f8rt i bl\u00f8dt og l\u00e6kkert kunststof<br \/>\n&#8211; Plastramme: H\u00e5rd slagfast PC plastramme der fikserer iPad\u00b4en i coveret.<\/p>\n<p>&nbsp;<\/p>\n<p><strong>Passer for:<\/strong><br \/>\n&#8211;\u00a0A1432<br \/>\n&#8211;\u00a0A1454<br \/>\n&#8211;\u00a0A1455<br \/>\n&#8211;\u00a0A1489<br \/>\n&#8211;\u00a0A1490<br \/>\n&#8211;\u00a0A1491<br \/>\n&#8211; A1599<br \/>\n&#8211; A1600<br \/>\n<span id=\"result_box\" class=\"short_text\" lang=\"no\">(Modellnummer\u00a0er p\u00e5\u00a0bakselet av\u00a0din\u00a0iPad).<\/span><br \/>\n<span id=\"result_box\" lang=\"no\">Hvis\u00a0du\u00a0er usikker p\u00e5 hva\u00a0din\u00a0iPad-modell?\u00a0<a title=\"Fin din iPad modell\" href=\"https:\/\/support.apple.com\/no-no\/HT201471\" target=\"_blank\" rel=\"noopener\">Klikk\u00a0her for \u00e5\u00a0finne din\u00a0iPad-modellen<\/a><\/span><\/p>\n<p>&nbsp;<\/p>\n<p><strong>S\u00e5dan beskytter coveret dig:<br \/>\n<\/strong>Inde i coveret har vi indbygget vores specielle anti-str\u00e5lingsmembran der reducerer str\u00e5lingen i retning nedad og i retning af l\u00e5get, med op til 55%. Hvis du sidder med tabletten i sk\u00f8det\/ p\u00e5 kn\u00e6ene, opn\u00e5r du den bedste beskyttelse ved at placere coveret, s\u00e5 l\u00e5get\/flappen st\u00e5r lodret op af din mave. Dermed beskytter det mod str\u00e5ler fra sk\u00e6rmen og siden, ind imod din krop.<\/p>\n<p>&nbsp;<\/p>\n<p><strong>Dokumentation:<\/strong><br \/>\nProduktet er testet og anti-str\u00e5lingseffekten dokumenteret af det uafh\u00e6ngige akkrediterede danske laboratorium Delta.<\/p>\n<p>&nbsp;<\/p>\n<p><a title=\"Delta test - RadiCover anti-str\u00e5lings tablet cover\" href=\"https:\/\/www.radicover.no\/media\/wysiwyg\/Testrapporter\/Delta_Test_-_Tablet_cover_version_2_-_maj_2016.png\" target=\"_blank\" rel=\"noopener\">Se testrapport her<\/a><\/p>\n<p><a title=\"Se Delta testrapport\" href=\"https:\/\/www.radicover.no\/media\/wysiwyg\/Testrapporter\/Delta_Test_-_Tablet_cover_version_2_-_maj_2016.png\" target=\"_blank\" rel=\"noopener\"><img class=\"lazyload\" decoding=\"async\" title=\"Delta testrapport - Radicover anti-str\u00e5lings tablet cover\" src=\"data:image\/gif;base64,R0lGODlhAQABAAAAACH5BAEKAAEALAAAAAABAAEAAAICTAEAOw==\" data-orig-src=\"https:\/\/www.radicover.no\/media\/wysiwyg\/Testrapporter\/SD_-_iPad_V2_-_Radicover_iPad_tablet_cover_V2_-_55_reduktion_.png\" alt=\"Delta testrapport - Radicover anti-str\u00e5lings tablet cover\" width=\"250\" \/><\/a><\/p>\n","protected":false},"excerpt":{"rendered":"<p>Eksklusivt og smart cover til din mini iPad tablet fx., der giver en effektiv beskyttelse p\u00e5 op til 55% af mobilstr\u00e5lingen og sikrer din iPad mod ridser og slag. Den h\u00e5rde slagfaste PC plastramme fikserer iPad\u00b4en i coveret. Velegnet til b\u00f8rn.<\/p>\n","protected":false},"featured_media":83026,"comment_status":"closed","ping_status":"closed","template":"","meta":[],"product_brand":[],"product_cat":[1423],"product_tag":[],"class_list":{"0":"post-38961","1":"product","2":"type-product","3":"status-publish","4":"has-post-thumbnail","6":"product_cat-tablet-de","8":"first","9":"instock","10":"taxable","11":"shipping-taxable","12":"purchasable","13":"product-type-simple"},"_links":{"self":[{"href":"https:\/\/helseforhandleren.no\/de\/wp-json\/wp\/v2\/product\/38961","targetHints":{"allow":["GET"]}}],"collection":[{"href":"https:\/\/helseforhandleren.no\/de\/wp-json\/wp\/v2\/product"}],"about":[{"href":"https:\/\/helseforhandleren.no\/de\/wp-json\/wp\/v2\/types\/product"}],"replies":[{"embeddable":true,"href":"https:\/\/helseforhandleren.no\/de\/wp-json\/wp\/v2\/comments?post=38961"}],"wp:featuredmedia":[{"embeddable":true,"href":"https:\/\/helseforhandleren.no\/de\/wp-json\/wp\/v2\/media\/83026"}],"wp:attachment":[{"href":"https:\/\/helseforhandleren.no\/de\/wp-json\/wp\/v2\/media?parent=38961"}],"wp:term":[{"taxonomy":"product_brand","embeddable":true,"href":"https:\/\/helseforhandleren.no\/de\/wp-json\/wp\/v2\/product_brand?post=38961"},{"taxonomy":"product_cat","embeddable":true,"href":"https:\/\/helseforhandleren.no\/de\/wp-json\/wp\/v2\/product_cat?post=38961"},{"taxonomy":"product_tag","embeddable":true,"href":"https:\/\/helseforhandleren.no\/de\/wp-json\/wp\/v2\/product_tag?post=38961"}],"curies":[{"name":"wp","href":"https:\/\/api.w.org\/{rel}","templated":true}]}}