{"id":39011,"date":"2018-08-23T15:23:55","date_gmt":"2018-08-23T15:23:55","guid":{"rendered":"https:\/\/helseforhandleren.no\/butikk\/unkategorisiert\/radicover-ipad-deksel-exclusive-til-ipad-air-1-2-og-ipad-5-generation-svart-rad107\/"},"modified":"2024-04-05T09:43:49","modified_gmt":"2024-04-05T09:43:49","slug":"radicover-ipad-deksel-exclusive-til-ipad-air-1-2-og-ipad-5-generation-svart-rad107","status":"publish","type":"product","link":"https:\/\/helseforhandleren.no\/de\/geschaeft\/abschirmung\/daten-mobile-de\/tablet-de\/radicover-ipad-deksel-exclusive-til-ipad-air-1-2-og-ipad-5-generation-svart-rad107\/","title":{"rendered":"RadiCover &#8211; iPad deksel Exclusive &#8211; til iPad Air 1\/2 og iPad 5. Generation &#8211; Svart (RAD107)"},"content":{"rendered":"<p>Eksklusivt og smart anti-str\u00e5lings iPad\u00a0deksel i &#8222;bokdesign&#8220; til din iPad Air 1\/2 eller iPad 5. Generation.\u00a0Dekselet reduserer\u00a0effektivt op til 55% af den elektromagnetiske mobilstr\u00e5ling som\u00a0sendes ut\u00a0fra ditt nettbrett\u00a0i retning av baksiden og forsiden.\u00a0Dekselet beskytter, med den\u00a0flotte PU l\u00e6r og\u00a0og harde\u00a0plastramme, samtidigt effektivt din iPad mot st\u00f8t.<\/p>\n<p>&nbsp;<\/p>\n<p><strong>Funksjoner:\u00a0<\/strong><br \/>\n&#8211; AutoWake magnet<br \/>\n&#8211; 3\u00a0forskjellige mulige vinklinger af skjermen<br \/>\n&#8211;\u00a0Magnetisk lukkemekanisme<br \/>\n&#8211;\u00a0Hull til alle funksjoner, inklusive kamera, hodetelefoner og str\u00f8m.<\/p>\n<p>&nbsp;<\/p>\n<p><strong>Passer for:<\/strong><br \/>\n&#8211; A1474<br \/>\n&#8211; A1475<br \/>\n&#8211; A1476<br \/>\n&#8211; A1566<br \/>\n&#8211; A1567<br \/>\n&#8211;\u00a0A1822<br \/>\n&#8211;\u00a0A1823<br \/>\n<span id=\"result_box\" class=\"short_text\" lang=\"no\">(Modellnummer\u00a0er p\u00e5\u00a0bakselet av\u00a0din\u00a0iPad).<\/span><br \/>\n<span id=\"result_box\" lang=\"no\">Hvis\u00a0du\u00a0er usikker p\u00e5 hva\u00a0din\u00a0iPad-modell?\u00a0<a title=\"Fin din iPad modell\" href=\"https:\/\/support.apple.com\/no-no\/HT201471\" target=\"_blank\" rel=\"noopener noreferrer\">Klikk\u00a0her for \u00e5\u00a0finne din\u00a0iPad-modellen<\/a><\/span><\/p>\n<p><strong>Materialer:<\/strong><br \/>\n&#8211; Utvendig: Bl\u00f8t kvalitets- og reng\u00f8ringsvennlig PU l\u00e6r<br \/>\n&#8211; Innvendig: Bl\u00f8dt kunststoff<br \/>\n-Plastramme: Hard slagfast plastramme i PC\u00a0som fikserer og beskytter iPad i\u00a0dekselet mot\u00a0st\u00f8t .<\/p>\n<p><strong>Slik\u00a0beskytter\u00a0dekselet deg:<\/strong><br \/>\nDen innebygde anti-str\u00e5lingsmembran gir effektiv beskyttelse p\u00e5 optil 55% af mobilstr\u00e5lingen p\u00e5 baksiden og mod kroppen. Ytterligere beskyttelse n\u00e5r lokket er &#8222;lukket&#8220; i &#8211;\u00a0eksempelvis vesken. Den\u00a0beste beskyttelse, n\u00e5r du sitter med iPad p\u00e5 l\u00e5r\/mave, oppn\u00e5r du ved \u00e5 stille lokket opp\u00a0mot maven, for \u00e5 blokkere str\u00e5lene i retning av kroppen og de vitale organer.<\/p>\n<p>&nbsp;<\/p>\n<p align=\"left\"><strong>Dokumentasjon:<br \/>\n<\/strong>Produktet er testet og anti-str\u00e5lingseffekten er dokumentert av det uavhengige\u00a0sertifiserte danske laboratorium Delta.<\/p>\n<p align=\"left\"><img class=\"lazyload\" decoding=\"async\" src=\"data:image\/gif;base64,R0lGODlhAQABAAAAACH5BAEKAAEALAAAAAABAAEAAAICTAEAOw==\" data-orig-src=\"https:\/\/www.radicover.no\/media\/wysiwyg\/Testrapporter\/Delta_Test_-_Tablet_cover_version_2_-_maj_2016.png\" \/><\/p>\n","protected":false},"excerpt":{"rendered":"<p>Eksklusivt og smart anti-str\u00e5lings iPad\u00a0deksel i &#8222;bokdesign&#8220; til din iPad Air 1\/2 eller iPad 5. Generation.<\/p>\n","protected":false},"featured_media":83062,"comment_status":"closed","ping_status":"closed","template":"","meta":[],"product_brand":[],"product_cat":[1423],"product_tag":[],"class_list":{"0":"post-39011","1":"product","2":"type-product","3":"status-publish","4":"has-post-thumbnail","6":"product_cat-tablet-de","8":"first","9":"instock","10":"taxable","11":"shipping-taxable","12":"purchasable","13":"product-type-simple"},"_links":{"self":[{"href":"https:\/\/helseforhandleren.no\/de\/wp-json\/wp\/v2\/product\/39011","targetHints":{"allow":["GET"]}}],"collection":[{"href":"https:\/\/helseforhandleren.no\/de\/wp-json\/wp\/v2\/product"}],"about":[{"href":"https:\/\/helseforhandleren.no\/de\/wp-json\/wp\/v2\/types\/product"}],"replies":[{"embeddable":true,"href":"https:\/\/helseforhandleren.no\/de\/wp-json\/wp\/v2\/comments?post=39011"}],"wp:featuredmedia":[{"embeddable":true,"href":"https:\/\/helseforhandleren.no\/de\/wp-json\/wp\/v2\/media\/83062"}],"wp:attachment":[{"href":"https:\/\/helseforhandleren.no\/de\/wp-json\/wp\/v2\/media?parent=39011"}],"wp:term":[{"taxonomy":"product_brand","embeddable":true,"href":"https:\/\/helseforhandleren.no\/de\/wp-json\/wp\/v2\/product_brand?post=39011"},{"taxonomy":"product_cat","embeddable":true,"href":"https:\/\/helseforhandleren.no\/de\/wp-json\/wp\/v2\/product_cat?post=39011"},{"taxonomy":"product_tag","embeddable":true,"href":"https:\/\/helseforhandleren.no\/de\/wp-json\/wp\/v2\/product_tag?post=39011"}],"curies":[{"name":"wp","href":"https:\/\/api.w.org\/{rel}","templated":true}]}}