{"id":39308,"date":"2018-11-02T16:07:55","date_gmt":"2018-11-02T16:07:55","guid":{"rendered":"https:\/\/helseforhandleren.no\/?post_type=product&#038;p=39308"},"modified":"2024-04-05T09:44:42","modified_gmt":"2024-04-05T09:44:42","slug":"re-lux-energie-lasur","status":"publish","type":"product","link":"https:\/\/helseforhandleren.no\/de\/geschaeft\/straling-emf\/elektro\/re-lux-energie-lasur\/","title":{"rendered":"Re-Lux Energie-Lasur"},"content":{"rendered":"<div>Elektrosmog ist ein Teil unseres modernen Lebens geworden.<\/div>\n<div>Durch entsprechende Ma\u00dfnahmen an WLAN-Routern und schnurlosen Telefonen<\/div>\n<div>k\u00f6nnen wir unseren Beitrag dazu leisten, den eigenen Anteil daran zu reduzieren.<\/div>\n<div>Was jedoch von au\u00dfen in unsere R\u00e4ume eindringt, darauf haben wir i.d.R. keinen Einfluss.<\/div>\n<div>H\u00e4ufig entsteht so selbst in den sch\u00f6nsten und hellsten R\u00e4umen<\/div>\n<div>ein Lebensgef\u00fchl von Druck, Anspannung, und Dauerstress.<\/div>\n<div><\/div>\n<div>Die Energie-Lasur l\u00e4sst Ihre W\u00e4nde und Decken zu einer \u201eSchutz- und Energie- Umh\u00fcllung\u201c werden.<\/div>\n<div><\/div>\n<div>Sie besteht aus 2 Komponenten:<\/div>\n<div>der Re Lux Lasur zur Harmonisierung bei Elektrosmog sowie der Aurum-Lasur f\u00fcr Ausgleich und Wohlbefinden.<\/div>\n<div>Durch die Re Lux Lasur werden Energien in den Raum \u00fcbertragen, die eine Weite und W\u00e4rme erm\u00f6glichen,<\/div>\n<div>eine sp\u00fcrbare Entspannung auf allen Ebenen.<\/div>\n<div>Durch die zweite Komponente, der Aurum- Lasur, kann in diese Atmosph\u00e4re hinein<\/div>\n<div>die Kraft des Goldes \u00fcbertragen werden:<\/div>\n<div>Lebensfreude, Ausgleich, und Wohlbefinden.<\/div>\n<div><\/div>\n<div>Die Energie-Lasur , als quasi-transparente Lasur, einfach zum Aufspr\u00fchen auf bestehende Anstriche.<\/div>\n<div>Die Energie-Lasur ist dauerhaft wirksam und sehr ergiebig. Das Druckspr\u00fchger\u00e4t ist im Lieferumfang enthalten,<\/div>\n<div>so k\u00f6nnen Sie direkt loslegen.<\/div>\n<div>\n<div><\/div>\n<div>Bringen Sie die Kraft des Lichtes und des Goldes<\/div>\n<div>in ihre Wohnr\u00e4ume, Schlafzimmer, an den Arbeitsplatz, in Praxen, B\u00fcros und L\u00e4den.<\/div>\n<div>Schaffen Sie sich einen Ort, der Kraft und Wohlbefinden spendet.<\/div>\n<\/div>\n","protected":false},"excerpt":{"rendered":"<p>Elektrosmog ist ein Teil unseres modernen Lebens geworden. Durch entsprechende  [&#8230;]<\/p>\n","protected":false},"featured_media":83133,"comment_status":"closed","ping_status":"closed","template":"","meta":[],"product_brand":[],"product_cat":[391,189,429,258,15],"product_tag":[],"class_list":{"0":"post-39308","1":"product","2":"type-product","3":"status-publish","4":"has-post-thumbnail","6":"product_cat-elektro","7":"product_cat-energi-vitalitet-infraroed","8":"product_cat-re-lux-nb","9":"product_cat-skjerming-straling-emf","10":"product_cat-straling-emf","12":"first","13":"instock","14":"taxable","15":"shipping-taxable","16":"product-type-variable"},"_links":{"self":[{"href":"https:\/\/helseforhandleren.no\/de\/wp-json\/wp\/v2\/product\/39308","targetHints":{"allow":["GET"]}}],"collection":[{"href":"https:\/\/helseforhandleren.no\/de\/wp-json\/wp\/v2\/product"}],"about":[{"href":"https:\/\/helseforhandleren.no\/de\/wp-json\/wp\/v2\/types\/product"}],"replies":[{"embeddable":true,"href":"https:\/\/helseforhandleren.no\/de\/wp-json\/wp\/v2\/comments?post=39308"}],"wp:featuredmedia":[{"embeddable":true,"href":"https:\/\/helseforhandleren.no\/de\/wp-json\/wp\/v2\/media\/83133"}],"wp:attachment":[{"href":"https:\/\/helseforhandleren.no\/de\/wp-json\/wp\/v2\/media?parent=39308"}],"wp:term":[{"taxonomy":"product_brand","embeddable":true,"href":"https:\/\/helseforhandleren.no\/de\/wp-json\/wp\/v2\/product_brand?post=39308"},{"taxonomy":"product_cat","embeddable":true,"href":"https:\/\/helseforhandleren.no\/de\/wp-json\/wp\/v2\/product_cat?post=39308"},{"taxonomy":"product_tag","embeddable":true,"href":"https:\/\/helseforhandleren.no\/de\/wp-json\/wp\/v2\/product_tag?post=39308"}],"curies":[{"name":"wp","href":"https:\/\/api.w.org\/{rel}","templated":true}]}}