{"id":39602,"date":"2019-03-01T20:56:22","date_gmt":"2019-03-01T20:56:22","guid":{"rendered":"https:\/\/helseforhandleren.no\/?post_type=product&#038;p=39602"},"modified":"2024-04-05T09:44:41","modified_gmt":"2024-04-05T09:44:41","slug":"aetherquelle-aurum-anhanger","status":"publish","type":"product","link":"https:\/\/helseforhandleren.no\/de\/geschaeft\/gesundheit-de\/energimedisin-de\/re-lux-de\/aetherquelle-aurum-anhanger\/","title":{"rendered":"Aetherquelle Aurum Anh\u00e4nger"},"content":{"rendered":"<p>F\u00fcr unterwegs. Wird um den Hals getragen oder auf belastete K\u00f6rperstellen aufgelegt.<\/p>\n<p>Aufkommen ausgeglichener Gelassenheit,<br \/>\nStimmungsaufhellung Angenehme Ruhe, die sich vom Herzen ausgehend im K\u00f6rper ausbreitet,<br \/>\nSt\u00e4rkung der Herz- und Atmungsdynamik<\/p>\n","protected":false},"excerpt":{"rendered":"<p>Unser durch das spezielle Raumpotenzierungsverfahren behandelte Mineralienpulver wird in einer deutschen Glasbl\u00e4serei in Borosilikatglas eingeschmolzen und zu Anh\u00e4ngern verarbeitet.<\/p>\n<p>Durch seine konvexe Form kann ein sehr kr\u00e4ftiges Energiefeld aufgebaut werden.<\/p>\n<p>Harmonie, Gleichgewicht und rhythmische Prozesse im K\u00f6rper werden durch den Aetherquelle Aurum Anh\u00e4nger angeregt.<br \/>\nEr kann um den Hals getragen, oder direkt auf belastete K\u00f6rperstellen aufgelegt werden.<\/p>\n","protected":false},"featured_media":83140,"comment_status":"closed","ping_status":"closed","template":"","meta":[],"product_brand":[],"product_cat":[553,1749,1184],"product_tag":[560,561,562,563,564,803,565,804,566,567,568,569,805,570,806,571,807,808,572],"class_list":{"0":"post-39602","1":"product","2":"type-product","3":"status-publish","4":"has-post-thumbnail","6":"product_cat-skjerming-de","7":"product_cat-re-lux-de","8":"product_cat-re-lux-nb-de","9":"product_tag-alternativ-de","10":"product_tag-alternativ-helse-de","11":"product_tag-amulett-de","12":"product_tag-amulett-alternativ-eter-relux-findeisen-straling-antroposofi-orgon-energi-de","13":"product_tag-antroposofi-de","14":"product_tag-energetisk-skjerming-de","15":"product_tag-energi-de","16":"product_tag-energimedisin-de","17":"product_tag-eter-de","18":"product_tag-eterteknologi-de","19":"product_tag-findeisen-de","20":"product_tag-findeisen-straling-antroposofi-orgon-energi-de","21":"product_tag-gesundheit-de","22":"product_tag-orgon-de","23":"product_tag-re-lux-nb-de","24":"product_tag-relux-de","25":"product_tag-skjerming-alternativ-de","26":"product_tag-strahlung-emf-de","27":"product_tag-straling-de","29":"first","30":"instock","31":"purchasable","32":"product-type-simple"},"_links":{"self":[{"href":"https:\/\/helseforhandleren.no\/de\/wp-json\/wp\/v2\/product\/39602","targetHints":{"allow":["GET"]}}],"collection":[{"href":"https:\/\/helseforhandleren.no\/de\/wp-json\/wp\/v2\/product"}],"about":[{"href":"https:\/\/helseforhandleren.no\/de\/wp-json\/wp\/v2\/types\/product"}],"replies":[{"embeddable":true,"href":"https:\/\/helseforhandleren.no\/de\/wp-json\/wp\/v2\/comments?post=39602"}],"wp:featuredmedia":[{"embeddable":true,"href":"https:\/\/helseforhandleren.no\/de\/wp-json\/wp\/v2\/media\/83140"}],"wp:attachment":[{"href":"https:\/\/helseforhandleren.no\/de\/wp-json\/wp\/v2\/media?parent=39602"}],"wp:term":[{"taxonomy":"product_brand","embeddable":true,"href":"https:\/\/helseforhandleren.no\/de\/wp-json\/wp\/v2\/product_brand?post=39602"},{"taxonomy":"product_cat","embeddable":true,"href":"https:\/\/helseforhandleren.no\/de\/wp-json\/wp\/v2\/product_cat?post=39602"},{"taxonomy":"product_tag","embeddable":true,"href":"https:\/\/helseforhandleren.no\/de\/wp-json\/wp\/v2\/product_tag?post=39602"}],"curies":[{"name":"wp","href":"https:\/\/api.w.org\/{rel}","templated":true}]}}