{"id":39873,"date":"2014-08-10T09:58:20","date_gmt":"2014-08-10T09:58:20","guid":{"rendered":"https:\/\/helseforhandleren.no\/butikk\/unkategorisiert\/baldron-mistletreeessences-circle-of-life-set-12x10ml-2\/"},"modified":"2024-04-05T09:45:09","modified_gmt":"2024-04-05T09:45:09","slug":"baldron-mistletreeessences-circle-of-life-set-12x10ml-2-2","status":"publish","type":"product","link":"https:\/\/helseforhandleren.no\/de\/geschaeft\/gesundheit-de\/bluetenessenzen-de\/baldron-essenzen-de\/baldron-mistletreeessences-circle-of-life-set-12x10ml-2-2\/","title":{"rendered":"BALDRON MistleTreeEssences, Circle of Life Set, 12x10ml"},"content":{"rendered":"<p>12 ausgew\u00e4hlte Essenzen f\u00fcr die wichtigsten Bereiche und Lebensphasen. 10 ml # Kreislauf der Lebensessenzen Wir haben auch einen Satz von 12 Essenzen ausgew\u00e4hlt, die wir &#8222;Circle of Life Essences&#8220; genannt haben. Sie werden oft individuell in Bezug auf ein spezielles Grundthema bearbeitet: Essenz des Anfangs: F\u00fcr Geburten und alle Anf\u00e4nge Essenz der St\u00e4rke: F\u00fcr St\u00e4rke und Vitalit\u00e4t (der \u00c4therleib) Essenz des ICH BIN: F\u00fcr menschliches Erwachen und gesundes Selbstwertgef\u00fchl Essenz und Mutter: F\u00fcr die Kraft der Mutterschaft und die weibliche und spirituelle W\u00e4rme. Essenz der Schmetterlinge: F\u00fcr die Freuden und Farben des Lebens; Pinealchakra Essenz der Harmonie: F\u00fcr den Atem und das Gleichgewicht zwischen Geben und Nehmen Essenz und Herz: F\u00fcr das Herz und die Verbindung mit der Kraft der Liebe Essenz des Schaffens: F\u00fcr den Mutterleib und Kreativit\u00e4t Essenz des Vaters: Zur Verankerung das Verh\u00e4ltnis zu Autorit\u00e4ten und M\u00e4nnlichkeit. Essenz des Vertrauens: F\u00fcr das urspr\u00fcngliche Vertrauen in das Leben, es zu wagen, die Fr\u00fcchte des Lebens zu genie\u00dfen. Essenz des Schutzes: Zum Schutz, wenn ich einem Druck ausgesetzt bin; Ich stehe zuversichtlich und bin nie allein. Essenz der Erf\u00fcllung: Wenn etwas freigegeben werden soll, damit etwas Neues hereinkommt; Ich gebe den Engeln meine Erfahrungen als Nahrung.<\/p>\n","protected":false},"excerpt":{"rendered":"<p>12 ausgew\u00e4hlte Essenzen f\u00fcr die wichtigsten Bereiche und Lebensphasen. 10 ml Circle of Life Essenzen<\/p>\n<p>&nbsp;<\/p>\n","protected":false},"featured_media":83515,"comment_status":"closed","ping_status":"closed","template":"","meta":[],"product_brand":[],"product_cat":[945,941,1838],"product_tag":[],"class_list":{"0":"post-39873","1":"product","2":"type-product","3":"status-publish","4":"has-post-thumbnail","6":"product_cat-baldron-essenzen-de","7":"product_cat-bluetenessenzen-de","8":"product_cat-circle-of-life-set-de","10":"first","11":"instock","12":"taxable","13":"shipping-taxable","14":"purchasable","15":"product-type-simple"},"_links":{"self":[{"href":"https:\/\/helseforhandleren.no\/de\/wp-json\/wp\/v2\/product\/39873","targetHints":{"allow":["GET"]}}],"collection":[{"href":"https:\/\/helseforhandleren.no\/de\/wp-json\/wp\/v2\/product"}],"about":[{"href":"https:\/\/helseforhandleren.no\/de\/wp-json\/wp\/v2\/types\/product"}],"replies":[{"embeddable":true,"href":"https:\/\/helseforhandleren.no\/de\/wp-json\/wp\/v2\/comments?post=39873"}],"wp:featuredmedia":[{"embeddable":true,"href":"https:\/\/helseforhandleren.no\/de\/wp-json\/wp\/v2\/media\/83515"}],"wp:attachment":[{"href":"https:\/\/helseforhandleren.no\/de\/wp-json\/wp\/v2\/media?parent=39873"}],"wp:term":[{"taxonomy":"product_brand","embeddable":true,"href":"https:\/\/helseforhandleren.no\/de\/wp-json\/wp\/v2\/product_brand?post=39873"},{"taxonomy":"product_cat","embeddable":true,"href":"https:\/\/helseforhandleren.no\/de\/wp-json\/wp\/v2\/product_cat?post=39873"},{"taxonomy":"product_tag","embeddable":true,"href":"https:\/\/helseforhandleren.no\/de\/wp-json\/wp\/v2\/product_tag?post=39873"}],"curies":[{"name":"wp","href":"https:\/\/api.w.org\/{rel}","templated":true}]}}