{"id":40074,"date":"2020-01-01T21:17:49","date_gmt":"2020-01-01T21:17:49","guid":{"rendered":"https:\/\/helseforhandleren.no\/?post_type=product&#038;p=40074"},"modified":"2024-04-05T09:45:12","modified_gmt":"2024-04-05T09:45:12","slug":"radicover-universal-2-in-1-sort-rad108","status":"publish","type":"product","link":"https:\/\/helseforhandleren.no\/de\/geschaeft\/abschirmung\/daten-mobile-de\/mobil-de\/radicover-universal-2-in-1-sort-rad108\/","title":{"rendered":"RadiCover &#8211; Universal medium 2-in-1 &#8211; Sort &#8211; (RAD108)"},"content":{"rendered":"<p>Det flotte\u00a0 &#8222;2-in-1&#8243; anti-str\u00e5lings mobildeksel til 5&#8243; &amp; 5,4&#8220; smartphones inneholder b\u00e5de et flott flip-side deksel med plass til 3 kredittkort, og et elegant avtakbart tynt \u00abbumber\u00bb-deksel. Dekselet er lavet med det fineste ekte kvalitets full grain l\u00e6r med magnetisk lukkemekanisme, og gir en effektiv beskyttelse av din kostbare mobiltelefon mot st\u00f8t og riper. Bumber-dekselet &#8211; som monteres i dekselet med en skjult magnet &#8211; er lavet i kraftig plast, som beskytter mobilen mod st\u00f8t og trukket med flott sort l\u00e6r p\u00e5 baksiden. Dekselet gj\u00f8r det mulig enkelt \u00e5 montere mobilen i din bilholder, ha den i vesken etc. I &#8222;2-in-1&#8220; dekselet f\u00e5r du ogs\u00e5 en innbygget anti-str\u00e5lingsmembran, som beskytter deg selv mot opptil 86% av de mobilstr\u00e5ler, mobilen utstr\u00e5ler i retning av hode og kropp.<\/p>\n<p>&nbsp;<\/p>\n<p><strong>Funksjoner:<\/strong><br \/>\n&#8211; Anti-str\u00e5lingsmembran -beskytter deg selv mot opptil 86% av de mobilstr\u00e5ler<br \/>\n&#8211;\u00a0RFID kreditkortbeskyttelse<br \/>\n&#8211; 3 stk innbyggede kredittkortlommer<br \/>\n&#8211; 1 stk. kvitteringslomme<br \/>\n&#8211; Innbygget antagelig \u00abbumber\u00bb cover<br \/>\n&#8211; Magnetisk lukkemekanisme i siden<br \/>\n&#8211; Ekte l\u00e6r<\/p>\n<p>&nbsp;<\/p>\n<p><strong>VIGTIG: Slik beskytter dekselet deg!<\/strong><\/p>\n<p>&nbsp;<\/p>\n<p>1) Snakk med dekselet lukket foran fronten<br \/>\nFor \u00e5 unng\u00e5 de skadelige str\u00e5ler, og varmen fra mobilen, skal du snakke med dekselet lukket foran skjermen. Dekselet er utstyrt med huller til h\u00f8yttaler og mikrofon, som gj\u00f8r samtaler mulig, og dermed oppn\u00e5 den maksimale reduksjon av str\u00e5lingen p\u00e5 opptil 86%. Du er p\u00e5 denne m\u00e5ten godt sikret b\u00e5de n\u00e5r du snakker i telefonen, og n\u00e5r den eksempelvis ligger i lommen eller vesken.<\/p>\n<p>2) Vend alltid fronten av dekselet i retning av kroppen<br \/>\nDa dekselet kun beskytter i retningen av fronten, skal dette ALLTID vende inn mot kroppen for \u00e5 oppn\u00e5 beskyttelsen<\/p>\n<p>Med klappen lukket foran skjermen, unng\u00e5r du b\u00e5de str\u00e5ler, samt \u00e5 f\u00e5 &#8222;varmt \u00f8re&#8220; og oppvarmet hode\/vev, noe som er bevist skadelig.<\/p>\n<p>&nbsp;<\/p>\n<p><strong>Materialer<\/strong><strong><br \/>\n<\/strong>&#8211; Utvendig materiale: Flott h\u00f8ykvalitets l\u00e6r med elegant skinnm\u00f8nster<br \/>\n&#8211; Innvendig materiale: Flott h\u00f8ykvalitets l\u00e6r<br \/>\n&#8211; Innvendig: Anti-str\u00e5lingsmembran og magneter +\u00a0<a href=\"https:\/\/www.radicover.no\/rfid-kreditkortbeskyttelse\">RFID kreditkortbeskyttelse<\/a><br \/>\n&#8211; Plastramme: Lavet i hardf\u00f8r gummibelagt PC plastikk<\/p>\n<p><strong>Ingen skadelige stoffer<\/strong><br \/>\n&#8211; Produktet er testet for skadelige stoffer og oppfyller det internasjonale REACH regulativ jvf. SGS rapport nr. GZHL1610044987OT<\/p>\n<p>&nbsp;<\/p>\n<p><strong>Dokumentasjon:<\/strong><br \/>\nProduktet er testet og anti-str\u00e5lingseffekten dokumentert av det uavhengige akkrediterte tyske og amerikanske laboratorium CETECOM.<\/p>\n<p><a href=\"https:\/\/www.radicover.no\/media\/wysiwyg\/Testrapporter\/RadiCover_CETECOM_SAR_Test_Assessment_Anti-radiation_Mobile_covers_1.pdf\"><img decoding=\"async\" class=\"lazyload alignnone wp-image-40080\" src=\"https:\/\/wordpress-1160125-4443598.cloudwaysapps.com\/wp-content\/uploads\/2020\/01\/RadiCover_CETECOM_SAR_Test_Assesment_Anti-radiation_phone_cases.png\" data-orig-src=\"https:\/\/wordpress-1160125-4443598.cloudwaysapps.com\/wp-content\/uploads\/2020\/01\/RadiCover_CETECOM_SAR_Test_Assesment_Anti-radiation_phone_cases.png\" alt=\"\" width=\"167\" height=\"236\" data-id=\"40080\" srcset=\"data:image\/svg+xml,%3Csvg%20xmlns%3D%27http%3A%2F%2Fwww.w3.org%2F2000%2Fsvg%27%20width%3D%27167%27%20height%3D%27236%27%20viewBox%3D%270%200%20167%20236%27%3E%3Crect%20width%3D%27167%27%20height%3D%27236%27%20fill-opacity%3D%220%22%2F%3E%3C%2Fsvg%3E\" data-srcset=\"https:\/\/helseforhandleren.no\/wp-content\/uploads\/2020\/01\/RadiCover_CETECOM_SAR_Test_Assesment_Anti-radiation_phone_cases-212x300.png 212w, https:\/\/helseforhandleren.no\/wp-content\/uploads\/2020\/01\/RadiCover_CETECOM_SAR_Test_Assesment_Anti-radiation_phone_cases-500x708.png 500w, https:\/\/helseforhandleren.no\/wp-content\/uploads\/2020\/01\/RadiCover_CETECOM_SAR_Test_Assesment_Anti-radiation_phone_cases-565x800.png 565w, https:\/\/helseforhandleren.no\/wp-content\/uploads\/2020\/01\/RadiCover_CETECOM_SAR_Test_Assesment_Anti-radiation_phone_cases.png 636w\" data-sizes=\"auto\" data-orig-sizes=\"(max-width: 167px) 100vw, 167px\" \/><\/a><\/p>\n","protected":false},"excerpt":{"rendered":"<h2 class=\"product-name\"><a title=\"Exclusive &quot;2-in-1&quot; - 5&quot;-5,4&quot; smartphones - EKTE PREMIUM L\u00c6R - 86% beskyttelse - Svart - (RAD108)\" href=\"https:\/\/www.radicover.no\/radicover-flip-side-2-in-1-ip6-6s-mobilcover-svart-ekte-skinn-2237\">Exclusive &#8222;2-in-1&#8243; &#8211; 5&#8243;-5,4&#8220; smartphones &#8211; EKTE PREMIUM L\u00c6R &#8211; 86% beskyttelse &#8211; Svart &#8211; (RAD108)<\/a><\/h2>\n","protected":false},"featured_media":83185,"comment_status":"closed","ping_status":"closed","template":"","meta":[],"product_brand":[],"product_cat":[1420],"product_tag":[],"class_list":{"0":"post-40074","1":"product","2":"type-product","3":"status-publish","4":"has-post-thumbnail","6":"product_cat-mobil-de","8":"first","9":"onbackorder","10":"taxable","11":"shipping-taxable","12":"purchasable","13":"product-type-simple"},"_links":{"self":[{"href":"https:\/\/helseforhandleren.no\/de\/wp-json\/wp\/v2\/product\/40074","targetHints":{"allow":["GET"]}}],"collection":[{"href":"https:\/\/helseforhandleren.no\/de\/wp-json\/wp\/v2\/product"}],"about":[{"href":"https:\/\/helseforhandleren.no\/de\/wp-json\/wp\/v2\/types\/product"}],"replies":[{"embeddable":true,"href":"https:\/\/helseforhandleren.no\/de\/wp-json\/wp\/v2\/comments?post=40074"}],"wp:featuredmedia":[{"embeddable":true,"href":"https:\/\/helseforhandleren.no\/de\/wp-json\/wp\/v2\/media\/83185"}],"wp:attachment":[{"href":"https:\/\/helseforhandleren.no\/de\/wp-json\/wp\/v2\/media?parent=40074"}],"wp:term":[{"taxonomy":"product_brand","embeddable":true,"href":"https:\/\/helseforhandleren.no\/de\/wp-json\/wp\/v2\/product_brand?post=40074"},{"taxonomy":"product_cat","embeddable":true,"href":"https:\/\/helseforhandleren.no\/de\/wp-json\/wp\/v2\/product_cat?post=40074"},{"taxonomy":"product_tag","embeddable":true,"href":"https:\/\/helseforhandleren.no\/de\/wp-json\/wp\/v2\/product_tag?post=40074"}],"curies":[{"name":"wp","href":"https:\/\/api.w.org\/{rel}","templated":true}]}}