{"id":40393,"date":"2020-04-04T16:00:44","date_gmt":"2020-04-04T16:00:44","guid":{"rendered":"https:\/\/helseforhandleren.no\/butikk\/unkategorisiert\/androgrphis\/"},"modified":"2024-04-05T09:45:40","modified_gmt":"2024-04-05T09:45:40","slug":"androgrphis","status":"publish","type":"product","link":"https:\/\/helseforhandleren.no\/de\/geschaeft\/gesundheit-de\/urteuttrekk-de\/androgrphis\/","title":{"rendered":"Andrographis tinktur, 50 ml"},"content":{"rendered":"<p><strong>Ingredients:<\/strong>\u00a0Water, ethyl alcohol*, Andrographis paniculata nees (*from organic farming)<\/p>\n<p><strong>Empfohlene Anwendung:<\/strong>\u00a015 Tropfen 2-3 mal am Tag einnehmen. Vor Einnahme Rat bei einem Experten einholen.<\/p>\n<p><strong>Tagesdosis:<\/strong><br \/>\n45 Tropfen entsprechen 1,5 ml und 150mg Wirkstoff<br \/>\n60 Tropfen (3x halbe Pipetten) entsprechen 2 ml und 200mg Wirkstoff<\/p>\n<p><strong>Wichtige Hinweise:\u00a0<\/strong>Unsere nat\u00fcrlichen Kr\u00e4uter-Extrakte richten sich ausschlie\u00dflich an professionelle Nutzer, die bereits Erfahrung mit der Naturheilkunde oder der Kinesiologie haben, sowie Therapeuten, \u00c4rzte, Veterin\u00e4re und Apotheker. Bitte testen Sie die einzelnen Urtinkturen sorgf\u00e4ltig auf Ihre Patienten, bevor Sie Off-Label Nutzungen freigeben.<br \/>\nAlle Preise sind zzgl. 22% ital. Mehrwertsteuer. Kunden mit einer Umsatzsteuer-ID erhalten eine Ust. freie Rechnung. Ein Widerrufsrecht ist ausgeschlossen.<\/p>\n<p>&nbsp;<\/p>\n<p><strong>Empfohlene Anwendung:<\/strong>\u00a015 Tropfen 2-3 mal am Tag einnehmen. Vor Einnahme Rat bei einem Experten einholen.<\/p>\n<p><strong>Tagesdosis:<\/strong><br \/>\n45 Tropfen entsprechen 1,5 ml und 150mg Wirkstoff<br \/>\n60 Tropfen (3x halbe Pipetten) entsprechen 2 ml und 200mg Wirkstoff<\/p>\n<p><strong>Wichtige Hinweise:\u00a0<\/strong>Unsere nat\u00fcrlichen Kr\u00e4uter-Extrakte richten sich ausschlie\u00dflich an professionelle Nutzer, die bereits Erfahrung mit der Naturheilkunde oder der Kinesiologie haben, sowie Therapeuten, \u00c4rzte, Veterin\u00e4re und Apotheker. Bitte testen Sie die einzelnen Urtinkturen sorgf\u00e4ltig auf Ihre Patienten, bevor Sie Off-Label Nutzungen freigeben.<br \/>\nAlle Preise sind zzgl. 22% ital. Mehrwertsteuer. Kunden mit einer Umsatzsteuer-ID erhalten eine Ust. freie Rechnung. Ein Widerrufsrecht ist ausgeschlossen.<\/p>\n","protected":false},"excerpt":{"rendered":"<p>Andrographis paniculata nees; \u00f8kologisk superkvalitet fra Italia!<\/p>\n<p>50ml Bitterurt<\/p>\n<p>Dosering: 15\u00a0 dr\u00e5per 2-3 gr. daglig<\/p>\n","protected":false},"featured_media":83221,"comment_status":"closed","ping_status":"closed","template":"","meta":[],"product_brand":[],"product_cat":[1603,1487],"product_tag":[1604,1607],"class_list":{"0":"post-40393","1":"product","2":"type-product","3":"status-publish","4":"has-post-thumbnail","6":"product_cat-urteuttrekk-de","7":"product_cat-krauterpraparate-de","8":"product_tag-andrographis-de","9":"product_tag-bitterurt-de","11":"first","12":"instock","13":"taxable","14":"shipping-taxable","15":"product-type-simple"},"_links":{"self":[{"href":"https:\/\/helseforhandleren.no\/de\/wp-json\/wp\/v2\/product\/40393","targetHints":{"allow":["GET"]}}],"collection":[{"href":"https:\/\/helseforhandleren.no\/de\/wp-json\/wp\/v2\/product"}],"about":[{"href":"https:\/\/helseforhandleren.no\/de\/wp-json\/wp\/v2\/types\/product"}],"replies":[{"embeddable":true,"href":"https:\/\/helseforhandleren.no\/de\/wp-json\/wp\/v2\/comments?post=40393"}],"wp:featuredmedia":[{"embeddable":true,"href":"https:\/\/helseforhandleren.no\/de\/wp-json\/wp\/v2\/media\/83221"}],"wp:attachment":[{"href":"https:\/\/helseforhandleren.no\/de\/wp-json\/wp\/v2\/media?parent=40393"}],"wp:term":[{"taxonomy":"product_brand","embeddable":true,"href":"https:\/\/helseforhandleren.no\/de\/wp-json\/wp\/v2\/product_brand?post=40393"},{"taxonomy":"product_cat","embeddable":true,"href":"https:\/\/helseforhandleren.no\/de\/wp-json\/wp\/v2\/product_cat?post=40393"},{"taxonomy":"product_tag","embeddable":true,"href":"https:\/\/helseforhandleren.no\/de\/wp-json\/wp\/v2\/product_tag?post=40393"}],"curies":[{"name":"wp","href":"https:\/\/api.w.org\/{rel}","templated":true}]}}