{"id":40533,"date":"2020-04-04T23:53:44","date_gmt":"2020-04-04T23:53:44","guid":{"rendered":"https:\/\/helseforhandleren.no\/butikk\/unkategorisiert\/essenskort-x12\/"},"modified":"2024-04-05T09:46:10","modified_gmt":"2024-04-05T09:46:10","slug":"essenskort-x12","status":"publish","type":"product","link":"https:\/\/helseforhandleren.no\/de\/geschaeft\/gesundheit-de\/bluetenessenzen-de\/baldron-essenzen-de\/essenskort-x12\/","title":{"rendered":"Essenzkarten x12"},"content":{"rendered":"","protected":false},"excerpt":{"rendered":"<p>Essenzkarten f\u00fcr Circle of Life \u2013 Illustrative Kunstkarten f\u00fcr Meditation und Unterst\u00fctzung mit einer Beschreibung der Essenz und ihrer Verwendung auf der R\u00fcckseite. Die Karten sind in vielen Sprachen erh\u00e4ltlich.<\/p>\n","protected":false},"featured_media":83249,"comment_status":"closed","ping_status":"closed","template":"","meta":[],"product_brand":[],"product_cat":[945],"product_tag":[],"class_list":{"0":"post-40533","1":"product","2":"type-product","3":"status-publish","4":"has-post-thumbnail","6":"product_cat-baldron-essenzen-de","8":"first","9":"instock","10":"purchasable","11":"product-type-simple"},"_links":{"self":[{"href":"https:\/\/helseforhandleren.no\/de\/wp-json\/wp\/v2\/product\/40533","targetHints":{"allow":["GET"]}}],"collection":[{"href":"https:\/\/helseforhandleren.no\/de\/wp-json\/wp\/v2\/product"}],"about":[{"href":"https:\/\/helseforhandleren.no\/de\/wp-json\/wp\/v2\/types\/product"}],"replies":[{"embeddable":true,"href":"https:\/\/helseforhandleren.no\/de\/wp-json\/wp\/v2\/comments?post=40533"}],"wp:featuredmedia":[{"embeddable":true,"href":"https:\/\/helseforhandleren.no\/de\/wp-json\/wp\/v2\/media\/83249"}],"wp:attachment":[{"href":"https:\/\/helseforhandleren.no\/de\/wp-json\/wp\/v2\/media?parent=40533"}],"wp:term":[{"taxonomy":"product_brand","embeddable":true,"href":"https:\/\/helseforhandleren.no\/de\/wp-json\/wp\/v2\/product_brand?post=40533"},{"taxonomy":"product_cat","embeddable":true,"href":"https:\/\/helseforhandleren.no\/de\/wp-json\/wp\/v2\/product_cat?post=40533"},{"taxonomy":"product_tag","embeddable":true,"href":"https:\/\/helseforhandleren.no\/de\/wp-json\/wp\/v2\/product_tag?post=40533"}],"curies":[{"name":"wp","href":"https:\/\/api.w.org\/{rel}","templated":true}]}}