{"id":40535,"date":"2020-04-04T23:54:35","date_gmt":"2020-04-04T23:54:35","guid":{"rendered":"https:\/\/helseforhandleren.no\/?post_type=product&#038;p=40535"},"modified":"2024-04-05T09:46:57","modified_gmt":"2024-04-05T09:46:57","slug":"essenskort-til-circle-of-life-enkeltvis","status":"publish","type":"product","link":"https:\/\/helseforhandleren.no\/de\/geschaeft\/gesundheit-de\/bluetenessenzen-de\/baldron-essenzen-de\/essenskort-til-circle-of-life-enkeltvis\/","title":{"rendered":"Essenzkarten f\u00fcr Circle of Life, einzeln"},"content":{"rendered":"<p>Essence of Butterflies, Essence of Creativity, Essence of Breath, Essence of Protection, Essence of Strength, Essence of the Father, Essence of the Mother, Essence of Trust, Essence of Fulfilment, Essence of I am, Essence of the Beginning, Essence of the Heart<\/p>\n","protected":false},"excerpt":{"rendered":"<p>Essenzkarten f\u00fcr Circle of Life &#8211; Illustrative Kunstkarten f\u00fcr Meditation und Unterst\u00fctzung mit einer Beschreibung der Essenz und ihrer Verwendung auf der R\u00fcckseite. Die Karten sind in vielen Sprachen erh\u00e4ltlich.<\/p>\n","protected":false},"featured_media":83265,"comment_status":"closed","ping_status":"closed","template":"","meta":[],"product_brand":[],"product_cat":[945,1158],"product_tag":[],"class_list":{"0":"post-40535","1":"product","2":"type-product","3":"status-publish","4":"has-post-thumbnail","6":"product_cat-baldron-essenzen-de","7":"product_cat-infomaterial-accessories-de","9":"first","10":"instock","11":"purchasable","12":"product-type-variable"},"_links":{"self":[{"href":"https:\/\/helseforhandleren.no\/de\/wp-json\/wp\/v2\/product\/40535","targetHints":{"allow":["GET"]}}],"collection":[{"href":"https:\/\/helseforhandleren.no\/de\/wp-json\/wp\/v2\/product"}],"about":[{"href":"https:\/\/helseforhandleren.no\/de\/wp-json\/wp\/v2\/types\/product"}],"replies":[{"embeddable":true,"href":"https:\/\/helseforhandleren.no\/de\/wp-json\/wp\/v2\/comments?post=40535"}],"wp:featuredmedia":[{"embeddable":true,"href":"https:\/\/helseforhandleren.no\/de\/wp-json\/wp\/v2\/media\/83265"}],"wp:attachment":[{"href":"https:\/\/helseforhandleren.no\/de\/wp-json\/wp\/v2\/media?parent=40535"}],"wp:term":[{"taxonomy":"product_brand","embeddable":true,"href":"https:\/\/helseforhandleren.no\/de\/wp-json\/wp\/v2\/product_brand?post=40535"},{"taxonomy":"product_cat","embeddable":true,"href":"https:\/\/helseforhandleren.no\/de\/wp-json\/wp\/v2\/product_cat?post=40535"},{"taxonomy":"product_tag","embeddable":true,"href":"https:\/\/helseforhandleren.no\/de\/wp-json\/wp\/v2\/product_tag?post=40535"}],"curies":[{"name":"wp","href":"https:\/\/api.w.org\/{rel}","templated":true}]}}