{"id":40564,"date":"2020-04-08T21:39:28","date_gmt":"2020-04-08T21:39:28","guid":{"rendered":"https:\/\/helseforhandleren.no\/?post_type=product&#038;p=40564"},"modified":"2024-04-05T09:47:09","modified_gmt":"2024-04-05T09:47:09","slug":"dvd-kleimann-raphael-led-und-das-lebendige-von-der-lichtverschmutzung-zur-licht-heilung","status":"publish","type":"product","link":"https:\/\/helseforhandleren.no\/de\/geschaeft\/media-de\/dvd-de\/dvd-kleimann-raphael-led-und-das-lebendige-von-der-lichtverschmutzung-zur-licht-heilung\/","title":{"rendered":"DVD -&#8222;LED \u2013 und das Lebendige&#8220;"},"content":{"rendered":"<p>Vortrag von Raphael Kleimann, gehalten am 28. Februar 2020, in den R\u00e4umen des Herbert Witzenmann Zentrums Dornach.<\/p>\n<p>Laufzeit:\u00a0 131 Min.<br \/>\nSprache: Deutsch<br \/>\nFormat:\u00a0 MP3-CD oder DVD (empfohlen als DVD wegen vieler Bilder)<\/p>\n<p><strong>Raphael Kleimann<\/strong>\u00a0(Oslo, Norwegen) ist elektrosensibel und betreut seinesgleichen als Berater, Messtechniker und Therapeut seit \u00fcber 10 Jahren. Bekannt ist er vor allem als Entwickler der Baldron MistleTree Essences und der Methode des \u00bbBiografischen Heilens\u00ab \/ &#8222;Geo-Biographie&#8220;. Er gibt Kurse und Vortr\u00e4ge in ganz Europa, unter anderem auf Konferenzen zu Meditation, Naturmedizin, Unternehmensentwicklung sowie internationalen Konferenzen wie\u00a0<a href=\"http:\/\/www.biokrebs.de\/\">Bio-Krebs<\/a>,\u00a0\u00a0<a href=\"https:\/\/dgeim.de\/doppelkongress-19-20-mai-2019\/referenten-und-themen-dgeim-doppelkongress-2019\/\">DGEIM<\/a>\u00a0und Flowertherapy World Day. In seine therapeutische Praxis l\u00e4sst er auch die vielf\u00e4ltigen Erfahrungen als Baubiologe, Umwelt- und Energiemediziner, Baumpfleger und Waldorfp\u00e4dagoge einflie\u00dfen.<br \/>\n<a href=\"http:\/\/www.baldron.org\">www.<\/a><a href=\"http:\/\/www.baldron.org\"><strong>baldron.org<\/strong><\/a>\u00a0\u00a0 &#8211;\u00a0<a href=\"mailto:post@baldron.com\"><strong>post@baldron.com<\/strong><\/a><br \/>\n<a href=\"http:\/\/www.facebook.com\/baldron.no\">facebook.com\/<\/a><a href=\"http:\/\/www.facebook.com\/baldron.no\"><strong>baldron.no<\/strong><\/a>\u00a0\u00a0\u00a0&#8211;\u00a0\u00a0<a href=\"https:\/\/www.youtube.com\/playlist?list=PLMTBWWwAmsvACcwheFHgZv8c4_0wULXyc\">YouTube:<\/a><a href=\"https:\/\/www.youtube.com\/playlist?list=PLMTBWWwAmsvACcwheFHgZv8c4_0wULXyc\"><strong>BaldronTV<\/strong><\/a><\/p>\n","protected":false},"excerpt":{"rendered":"<p class=\"product-info-title-desktop hidden-xs hidden-sm\">Kleimann, Raphael &#8222;LED \u2013 und das Lebendige Von der Lichtverschmutzung zur Licht-Heilung&#8220;<\/p>\n<p>DVD, Art.Nr.: RRK20-V2D ( + 18,00 EUR )<\/p>\n","protected":false},"featured_media":83299,"comment_status":"closed","ping_status":"closed","template":"","meta":[],"product_brand":[],"product_cat":[1024],"product_tag":[],"class_list":{"0":"post-40564","1":"product","2":"type-product","3":"status-publish","4":"has-post-thumbnail","6":"product_cat-dvd-de","8":"first","9":"instock","10":"taxable","11":"shipping-taxable","12":"purchasable","13":"product-type-simple"},"_links":{"self":[{"href":"https:\/\/helseforhandleren.no\/de\/wp-json\/wp\/v2\/product\/40564","targetHints":{"allow":["GET"]}}],"collection":[{"href":"https:\/\/helseforhandleren.no\/de\/wp-json\/wp\/v2\/product"}],"about":[{"href":"https:\/\/helseforhandleren.no\/de\/wp-json\/wp\/v2\/types\/product"}],"replies":[{"embeddable":true,"href":"https:\/\/helseforhandleren.no\/de\/wp-json\/wp\/v2\/comments?post=40564"}],"wp:featuredmedia":[{"embeddable":true,"href":"https:\/\/helseforhandleren.no\/de\/wp-json\/wp\/v2\/media\/83299"}],"wp:attachment":[{"href":"https:\/\/helseforhandleren.no\/de\/wp-json\/wp\/v2\/media?parent=40564"}],"wp:term":[{"taxonomy":"product_brand","embeddable":true,"href":"https:\/\/helseforhandleren.no\/de\/wp-json\/wp\/v2\/product_brand?post=40564"},{"taxonomy":"product_cat","embeddable":true,"href":"https:\/\/helseforhandleren.no\/de\/wp-json\/wp\/v2\/product_cat?post=40564"},{"taxonomy":"product_tag","embeddable":true,"href":"https:\/\/helseforhandleren.no\/de\/wp-json\/wp\/v2\/product_tag?post=40564"}],"curies":[{"name":"wp","href":"https:\/\/api.w.org\/{rel}","templated":true}]}}