{"id":40593,"date":"2014-08-10T09:55:28","date_gmt":"2014-08-10T09:55:28","guid":{"rendered":"https:\/\/helseforhandleren.no\/butikk\/unkategorisiert\/jungebad-oljedispersjonsapparat\/"},"modified":"2024-04-05T09:47:17","modified_gmt":"2024-04-05T09:47:17","slug":"jungebad-oljedispersjonsapparat","status":"publish","type":"product","link":"https:\/\/helseforhandleren.no\/de\/geschaeft\/wasser\/bad-und-dusche\/oeldispersion\/jungebad-oljedispersjonsapparat\/","title":{"rendered":"Jungebad \u00d6ldispertionsger\u00e4t"},"content":{"rendered":"<div class=\"ce_text revelead large-8 medium-10 medium-offset-2 large-offset-3 columns end fadeInUp last block fadeIn\">\n<h3>Am Anfang stand die Idee<\/h3>\n<div class=\"ce_text_inside\">\n<p>Baden mit \u00e4therischen \u00d6len ohne chemische Zus\u00e4tze oder Emulgatoren: Geboren wurde die Idee Anfang der 30er Jahre, als Werner Junge sich mit einem Vortrag von Rudolf Steiner besch\u00e4ftigte. Sie lie\u00df den medizinischen Bademeister nicht mehr los. Jahrelang forschte und experimentierte er, um das unm\u00f6glich Scheinende m\u00f6glich zu machen.<\/p>\n<p>Das Ergebnis seiner Arbeit meldete Junge zum Patent an \u2013 das original Jungebad. Die nach hartn\u00e4ckigem Bem\u00fchen gefundene L\u00f6sung zeigte bei Patienten in seinem Schwarzw\u00e4lder Kurhaus schnell Erfolge. Die B\u00e4der und eine von Werner Junge gemeinsam mit seiner Frau Franziska entwickelte B\u00fcrstenmassage brachten die Bade\u00f6le voll zur Wirkung. Das f\u00fchrte damals wie heute zu erstaunlichen, f\u00fcr die Schulmedizin zum Teil \u00fcberraschenden Heilerfolgen.<\/p>\n<p>Den Jungebad-Apparat k\u00f6nnen Sie heute ganz einfach auch zuhause nutzen \u2013 wann immer Sie wollen. Ob zur Therapie chronischer Erkrankungen, als kleine Hausapotheke bei der winterlichen Grippe, als Belohnung nach sportlicher H\u00f6chstleistung oder einfach zur Erholung im eigenen Badezimmer f\u00fcr K\u00f6rper, Geist und Seele.<\/p>\n<\/div>\n<\/div>\n","protected":false},"excerpt":{"rendered":"<p>Jungebad \u00d6ldispertions Apparat<\/p>\n<div class=\"ce_text redHeader revelead large-6 medium-8 medium-offset-3 large-offset-4 columns end fadeInRight block fadeIn\">\n<div class=\"ce_text_inside\">\n<h3>Jungebad-Set<\/h3>\n<p>Jungebad-Apparat mit 2 Unterwassermassageb\u00fcrsten, Badethermometer, Steckkupplung und Bedienungsanleitung in einer Pappelholzkiste<br \/>\nPZN 02418057<br \/>\nUVP 346,80 EUR*<\/p>\n<\/div>\n<\/div>\n","protected":false},"featured_media":83307,"comment_status":"closed","ping_status":"closed","template":"","meta":[],"product_brand":[],"product_cat":[1092],"product_tag":[805,1231],"class_list":{"0":"post-40593","1":"product","2":"type-product","3":"status-publish","4":"has-post-thumbnail","6":"product_cat-oeldispersion","7":"product_tag-gesundheit-de","8":"product_tag-vann-2-de","10":"first","11":"outofstock","12":"taxable","13":"shipping-taxable","14":"purchasable","15":"product-type-simple"},"_links":{"self":[{"href":"https:\/\/helseforhandleren.no\/de\/wp-json\/wp\/v2\/product\/40593","targetHints":{"allow":["GET"]}}],"collection":[{"href":"https:\/\/helseforhandleren.no\/de\/wp-json\/wp\/v2\/product"}],"about":[{"href":"https:\/\/helseforhandleren.no\/de\/wp-json\/wp\/v2\/types\/product"}],"replies":[{"embeddable":true,"href":"https:\/\/helseforhandleren.no\/de\/wp-json\/wp\/v2\/comments?post=40593"}],"wp:featuredmedia":[{"embeddable":true,"href":"https:\/\/helseforhandleren.no\/de\/wp-json\/wp\/v2\/media\/83307"}],"wp:attachment":[{"href":"https:\/\/helseforhandleren.no\/de\/wp-json\/wp\/v2\/media?parent=40593"}],"wp:term":[{"taxonomy":"product_brand","embeddable":true,"href":"https:\/\/helseforhandleren.no\/de\/wp-json\/wp\/v2\/product_brand?post=40593"},{"taxonomy":"product_cat","embeddable":true,"href":"https:\/\/helseforhandleren.no\/de\/wp-json\/wp\/v2\/product_cat?post=40593"},{"taxonomy":"product_tag","embeddable":true,"href":"https:\/\/helseforhandleren.no\/de\/wp-json\/wp\/v2\/product_tag?post=40593"}],"curies":[{"name":"wp","href":"https:\/\/api.w.org\/{rel}","templated":true}]}}