{"id":40747,"date":"2020-04-27T18:30:00","date_gmt":"2020-04-27T18:30:00","guid":{"rendered":"https:\/\/helseforhandleren.no\/butikk\/unkategorisiert\/vannvirvler-aqua-nevo-basic-1-8\/"},"modified":"2025-07-03T17:41:46","modified_gmt":"2025-07-03T15:41:46","slug":"vannvirvler-aqua-nevo-basic-1-8","status":"publish","type":"product","link":"https:\/\/helseforhandleren.no\/de\/geschaeft\/wasser\/wasserbelebung-de\/virvlere-de\/virvler-til-kranen-de\/vannvirvler-aqua-nevo-basic-1-8\/","title":{"rendered":"ALVITO Vannvirvler Viva 2.8"},"content":{"rendered":"<ul>\n<li>Spissteknologi fra Tyskland<\/li>\n<li>Med Mikro-Levitasjons-Virvelkammer<\/li>\n<li>Av h\u00f8ykvalitet edelst\u00e5l og POM<\/li>\n<li>5 \u00e5rs garanti<\/li>\n<li>H\u00f8ymoderne teknologi i mikroskala<\/li>\n<\/ul>\n<p>Avansert virvelteknologi, minimalt dimensjonert.<br \/>\nV\u00e5r &#8222;Viva&#8220;-kranvirvler imponerer med sin klare, diskrete design. Drikkevannet optimaliseres med minimal plass takket v\u00e6re den spesielt effektive mikrovibrasjonen. Det behandlede vannet har en merkbart h\u00f8yere kvalitet og en friskere, mykere smak.<\/p>\n<p>Viva-vannvirvleren monteres enkelt p\u00e5 utl\u00f8pet av en kran. Den har en standard M22-innvendig gjenge og passer derfor til mange standardkraner og egnede benkefilter. For enda mer intensiv virvling kan &#8222;Viva&#8220; utvides med flere virveltrinn. Viva 2.8 virvler er universelt egnet for gjennomstr\u00f8mningshastigheter p\u00e5 to til \u00e5tte liter. Den er kompatibel med alle Alvito-blokkfiltre samt Carbonit-blokkfiltrene NFP Premium, EM Premium, IFP Puro og EM Puro.<\/p>\n<p>Tekniske data:<\/p>\n<p>Ca. dimensjoner: Lengde 36 mm, \u00d8 23 mm<\/p>\n<p>Materiale: Rustfritt st\u00e5l og POM.<\/p>\n<p>OBS, viktig!<\/p>\n<p>M\u00e5 ikke brukes etter lavtrykkskjeler (trykkl\u00f8se kjeler) eller gjennomstr\u00f8mningsvannvarmere med lavt trykk!<\/p>\n<p>M\u00e5 ikke kobles til dusjarmaturer eller installasjoner som ikke t\u00e5ler det vanlige ledningstrykket!<\/p>\n<p><a href=\"https:\/\/helseforhandleren.no\/wp-content\/uploads\/2020\/04\/Garantie_2023.pdf\">Garantie_2023<\/a><\/p>\n<p>&nbsp;<\/p>\n","protected":false},"excerpt":{"rendered":"<p>Vannvirvler til Alvito filtersystem gir vannet vitalitet og friskhet!<\/p>\n","protected":false},"featured_media":86137,"comment_status":"closed","ping_status":"closed","template":"","meta":[],"product_brand":[],"product_cat":[2515,1655,1120],"product_tag":[1466,1247,1656,1657],"class_list":{"0":"post-40747","1":"product","2":"type-product","3":"status-publish","4":"has-post-thumbnail","6":"product_cat-alvito-tilbehor-de","7":"product_cat-virvler-til-kranen-de","8":"product_cat-virvlere-de","9":"product_tag-rent-vann-de","10":"product_tag-vannrensing-de","11":"product_tag-vannvirvler-de","12":"product_tag-vitalt-vann-de","14":"first","15":"instock","16":"taxable","17":"shipping-taxable","18":"purchasable","19":"product-type-simple"},"_links":{"self":[{"href":"https:\/\/helseforhandleren.no\/de\/wp-json\/wp\/v2\/product\/40747","targetHints":{"allow":["GET"]}}],"collection":[{"href":"https:\/\/helseforhandleren.no\/de\/wp-json\/wp\/v2\/product"}],"about":[{"href":"https:\/\/helseforhandleren.no\/de\/wp-json\/wp\/v2\/types\/product"}],"replies":[{"embeddable":true,"href":"https:\/\/helseforhandleren.no\/de\/wp-json\/wp\/v2\/comments?post=40747"}],"wp:featuredmedia":[{"embeddable":true,"href":"https:\/\/helseforhandleren.no\/de\/wp-json\/wp\/v2\/media\/86137"}],"wp:attachment":[{"href":"https:\/\/helseforhandleren.no\/de\/wp-json\/wp\/v2\/media?parent=40747"}],"wp:term":[{"taxonomy":"product_brand","embeddable":true,"href":"https:\/\/helseforhandleren.no\/de\/wp-json\/wp\/v2\/product_brand?post=40747"},{"taxonomy":"product_cat","embeddable":true,"href":"https:\/\/helseforhandleren.no\/de\/wp-json\/wp\/v2\/product_cat?post=40747"},{"taxonomy":"product_tag","embeddable":true,"href":"https:\/\/helseforhandleren.no\/de\/wp-json\/wp\/v2\/product_tag?post=40747"}],"curies":[{"name":"wp","href":"https:\/\/api.w.org\/{rel}","templated":true}]}}