{"id":41275,"date":"2020-07-17T16:08:54","date_gmt":"2020-07-17T16:08:54","guid":{"rendered":"https:\/\/helseforhandleren.no\/?post_type=product&#038;p=41275"},"modified":"2024-04-05T09:48:13","modified_gmt":"2024-04-05T09:48:13","slug":"radicover-universal-large-sort-rad014","status":"publish","type":"product","link":"https:\/\/helseforhandleren.no\/de\/geschaeft\/abschirmung\/daten-mobile-de\/mobil-de\/radicover-universal-large-sort-rad014\/","title":{"rendered":"RadiCover &#8211; Universal large &#8211; Sort &#8211; (RAD014)"},"content":{"rendered":"<div class=\"small-12 medium-5 columns\">\n<div class=\"product-info\">\n<h1>RADICOVER Str\u00e5lingsbeskyttelse Mobilveske Large Svart<\/h1>\n<div class=\"product-id\">Artikkelnummer 587005<\/div>\n<div class=\"description\">\n<div class=\"description-container\">\n<h2>Str\u00e5lingsbeskyttende Mobilpose Svart<\/h2>\n<ul>\n<li>Posen inneholder en spesiell anti-str\u00e5ling membran<\/li>\n<li>Effektiv beskyttelse for opptil 85% av str\u00e5lingen<\/li>\n<li>Brukes som en daglig beskyttelse<\/li>\n<\/ul>\n<p>Smart mobiltelefonveske som gir effektiv beskyttelse mot opptil 85% av str\u00e5lingen fra mobiltelefonen samtidig som du bevarer signalet!Kan brukes enten som et daglig deksel eller som en &#8222;sovepose&#8220; til mobilen om natten, hvis du sover med telefonen p\u00e5 soverommet. Spesielt beregnet p\u00e5 ten\u00e5ringer som sover med mobiltelefonen sin under eller ved siden av puten.<\/p>\n<p>Vesken er laget av en spesiell anti-str\u00e5lingsmembran som effektivt reduserer mobilstr\u00e5ling. Membranen brukes ogs\u00e5 blant annet i luftfarts- og romfartsindustriene og milj\u00f8er med str\u00e5ling.<\/p>\n<p>I omr\u00e5der med d\u00e5rlig nettverksdekning kan signalet v\u00e6re svakt eller g\u00e5 tapt n\u00e5r telefonen er i vesken. Kontroller derfor alltid signalet.<\/p>\n<p>M\u00c5L<\/p>\n<p>Stor &#8211; Innvendige dimensjoner: B: 12,5 cm x L: 17,5 cm<br \/>\nLiten &#8211; Innvendige dimensjoner: B: 8,9 cm x L: 15 cm<\/p>\n<p>MATERIAL<br \/>\nAnti-str\u00e5ling membran: bomull og 50% s\u00f8lvfibre<br \/>\nYtterstoff: bomull og antistatiske fibre<\/p>\n<p>VASKER\u00c5D<br \/>\nVaskbar i 30 grader.<\/p>\n<\/div>\n<\/div>\n<div class=\"price-info\" data-product-id=\"587005\" data-bulk-price-product-id=\"587005\">\n<div class=\"row\">\n<div class=\"small-12 medium-6 columns\">\n<table class=\"price-info-table\">\n<tbody>\n<tr class=\"not-logged-in\">\n<td class=\"column-name\"><\/td>\n<td class=\"column-value text-right\"><\/td>\n<\/tr>\n<\/tbody>\n<\/table>\n<\/div>\n<div class=\"small-12 medium-6 columns\"><\/div>\n<\/div>\n<\/div>\n<div class=\"variant-selection\" data-ajax-content-load=\"\">\n<div class=\"row\">\n<div class=\"small-12 columns\"><\/div>\n<\/div>\n<\/div>\n<div class=\"social-share\"><\/div>\n<\/div>\n<\/div>\n<p>&nbsp;<\/p>\n","protected":false},"excerpt":{"rendered":"<h3 class=\"product-name\">Beskytt deg med en skjermende mobilveske fra Radicover &#8211; tar opptil 85% av str\u00e5lingen<\/h3>\n<p>&nbsp;<\/p>\n","protected":false},"featured_media":83375,"comment_status":"closed","ping_status":"closed","template":"","meta":[],"product_brand":[],"product_cat":[1420],"product_tag":[1681,1682,1683],"class_list":{"0":"post-41275","1":"product","2":"type-product","3":"status-publish","4":"has-post-thumbnail","6":"product_cat-mobil-de","7":"product_tag-mobil-bag-de","8":"product_tag-mobilbeskyttelse-de","9":"product_tag-mobilpose-de","11":"first","12":"onbackorder","13":"taxable","14":"shipping-taxable","15":"purchasable","16":"product-type-simple"},"_links":{"self":[{"href":"https:\/\/helseforhandleren.no\/de\/wp-json\/wp\/v2\/product\/41275","targetHints":{"allow":["GET"]}}],"collection":[{"href":"https:\/\/helseforhandleren.no\/de\/wp-json\/wp\/v2\/product"}],"about":[{"href":"https:\/\/helseforhandleren.no\/de\/wp-json\/wp\/v2\/types\/product"}],"replies":[{"embeddable":true,"href":"https:\/\/helseforhandleren.no\/de\/wp-json\/wp\/v2\/comments?post=41275"}],"wp:featuredmedia":[{"embeddable":true,"href":"https:\/\/helseforhandleren.no\/de\/wp-json\/wp\/v2\/media\/83375"}],"wp:attachment":[{"href":"https:\/\/helseforhandleren.no\/de\/wp-json\/wp\/v2\/media?parent=41275"}],"wp:term":[{"taxonomy":"product_brand","embeddable":true,"href":"https:\/\/helseforhandleren.no\/de\/wp-json\/wp\/v2\/product_brand?post=41275"},{"taxonomy":"product_cat","embeddable":true,"href":"https:\/\/helseforhandleren.no\/de\/wp-json\/wp\/v2\/product_cat?post=41275"},{"taxonomy":"product_tag","embeddable":true,"href":"https:\/\/helseforhandleren.no\/de\/wp-json\/wp\/v2\/product_tag?post=41275"}],"curies":[{"name":"wp","href":"https:\/\/api.w.org\/{rel}","templated":true}]}}