{"id":41442,"date":"2020-10-16T19:50:46","date_gmt":"2020-10-16T19:50:46","guid":{"rendered":"https:\/\/helseforhandleren.no\/?post_type=product&#038;p=41442"},"modified":"2024-04-05T09:48:49","modified_gmt":"2024-04-05T09:48:49","slug":"widar-mistel-deutsch-webinar-24-10-2020","status":"publish","type":"product","link":"https:\/\/helseforhandleren.no\/de\/geschaeft\/baldron-misteltree-essences\/widar-mistel-deutsch-webinar-24-10-2020\/","title":{"rendered":"Himmeloffen in bedrohter Zeit: Widar und die Mistel &#8211; online Seminar 24.10.2020"},"content":{"rendered":"<h2><span style=\"color: #ff6600;\"><strong>Himmeloffen in bedrohter Zeit: Widar und die Mistel<\/strong><\/span><\/h2>\n<h3><span style=\"color: #33cccc;\"><strong>Geistige Entwicklungschancen der gegenw\u00e4rtigen \u201eG\u00f6tterd\u00e4mmerung\u201c<\/strong><\/span><\/h3>\n<p>&nbsp;<\/p>\n<p><strong>Praxis-Seminar mit meditativen Forschungsergebnissen, mit Raphael Kleimann (Oslo) und Freunden<\/strong><\/p>\n<p>&nbsp;<\/p>\n<p>Raphael Kleimann entfaltet die Ergebnisse seiner 20-j\u00e4hrigen Forschung zu den Heilkr\u00e4ften der Mistelbl\u00fcte \u2013 vor dem Hintergrund der gegenw\u00e4rtigen globalen Entwicklungskrise. Dabei l\u00e4sst er auch seinen intensiven Austausch mit vielen anderen anthroposophischen Geistesforschern einflie\u00dfen.<\/p>\n<p>&nbsp;<\/p>\n<p>&nbsp;<\/p>\n<p>Die Mistel einmal anders: Nicht als spezifisches Heilmittel gegen den Tumor, sondern als Bewusstseinshelfer f\u00fcr den Menschen des 21. Jahrhunderts, ja als Krisenhelfer im Jahr der gro\u00dfen Verwandlungen 2020. Welche M\u00f6glichkeiten ergeben sich, mit dem Zeitgeist zu wirken? Welchen Herausforderungen und Mi\u00dfbrauchsm\u00f6glichkeiten stehen wir gegen\u00fcber?<\/p>\n<p>&nbsp;<\/p>\n<p>Die unscheinbare Mistelbl\u00fcte bringt ein besonderes Licht in diese neuen sozialen R\u00e4ume. Wie schon bei den Druiden kann sie sie den Menschen \u00fcber die Schwelle der Einweihung geleiten. Sie schenkt St\u00e4rke durch Sensibilit\u00e4t, sie leuchtet voran in den sensiblen energetischen R\u00e4umen, die sich heute f\u00fcr immer mehr Menschen \u00f6ffnen. Damit bekommt die Mistel, die bisher vor allem als Krebsmedizin gebraucht wurde, ein ganz neues Aufgabenfeld.<\/p>\n<p>&nbsp;<\/p>\n<p>Bei der Geo-Biographie setzen wir nicht bei der k\u00f6rperlichen Tumorbek\u00e4mpfung oder irgendwelchen Symptombehandlungen an, sondern bei den geistigen Ressourcen des Individuums. Denn wo Ich bin, da ist kein Platz f\u00fcr das wilde Wuchern, da kommt alles an den rechten Ort der Selbstentfaltung. Das ist nicht Medizin im \u00fcblichen Sinne, sondern ein Bewusstseinsinstrument f\u00fcr Mensch und Erde, das h\u00f6chst individuell und intuitiv zu benutzen ist.<\/p>\n<p>Die Bl\u00fctenessenzen der Mistel (differenziert nach Dutzenden von verschiedenen B\u00e4umen und subtilen Zeit-Prozessen im Jahreslauf) bringen uns in unmittelbaren Kontakt mit dem \u201eKomponisten\u201c der eigenen \u201eLebensmelodie\u201c: Ich selbst in meinem umfassenden, ungeteilten All-Bewusstsein. Durch sensible Prozesse der Wahrnehmung erschlie\u00dft sich ein Weg zur Quelle der eigenen Lebenskraft. Zugleich stellen sie uns in den gr\u00f6\u00dferen spirituellen Zusammenhang der Gegenwart: Widar als \u201eSchutzgeist\u201c bei spirituellen \u00d6ffnungen\u2026.<\/p>\n<p>Rudolf Steiner hat an prominenten Stellen seines Werkes \u2013 nicht nur in Norwegen \u2013 auf Widar hingewiesen, den \u00bbGenius des Nordens\u00ab, ganz nah an Michaels Seite\u00a0. Mit der stillen Kraft des Bewu\u00dftseins vermag er sich im Get\u00f6se der \u00bbG\u00f6tterd\u00e4mmerung\u00ab zu halten, um dann an entscheidender Stelle dem Drachen den Fu\u00df in Rachen zu setzen. So kann am Abgrund der bisherigen Zivilisation eine \u00bbNeue Erde\u00ab erstehen.<\/p>\n<p>&nbsp;<\/p>\n<p>Zeitgen\u00f6ssische Geistesforschung best\u00e4tigt, was in der nordischen Mythologie schon angelegt ist: Widar h\u00fctet die feinen \u00c4therkr\u00e4fte des neuen Hellsehens. Er wirkt dabei besonders durch das Wesen der Mistel, ja er zeigt sich dem imaginativen Bewusstsein mit dem Mistelzweig in der Hand (Steffen Hartmann).<\/p>\n<p>&nbsp;<\/p>\n<p>Das Seminar bietet Gelegenheit, sich selbst im Strom des Zeit-Geschehens wahrzunehmen, das Alte verwandelnd, das Zuk\u00fcnftige begr\u00fc\u00dfend &#8211; spielerisch-ernst verbunden mit den eigenen Schicksalsmotiven.<\/p>\n<p>&nbsp;<\/p>\n<p>&nbsp;<\/p>\n<p>&nbsp;<\/p>\n<p>Themen:<\/p>\n<ul>\n<li>Die \u00d6ffnung der Erdschichten f\u00fcr das Bewusstsein: Herausforderung und Chancen<\/li>\n<li>Das Wachstum des Auferstehungsleibes<\/li>\n<li>Meditative Wege zum Herz der Erde<\/li>\n<li>5G und Corona: Verborgene Zusammenh\u00e4nge und meditative Heilungsans\u00e4tze<\/li>\n<li>Vidar: Der Erzengel mit dem Mistelzweig in der Hand<\/li>\n<li>Mistel 2020: Heilung f\u00fcr Mensch und Erde<\/li>\n<li>Planetenverwandlungen als Bewu\u00dftseinstore: Die kosmische Signatur des Saturn-Pluto Jahres 2020<\/li>\n<li>Die Biographie als Kunstwerk und ihre kosmologischen Grundlagen.<\/li>\n<li>Ver\u00e4nderungen der unsichtbaren Wesensglieder- historisch und in der Gegenwart<\/li>\n<\/ul>\n<p>&nbsp;<\/p>\n<p>&nbsp;<\/p>\n<p>Dieses Grundlagenseminar umfasst:<\/p>\n<ul>\n<li>Eine <strong>Einf\u00fchrung<\/strong> in die Mistel-Essenz-Beratung und Energiearbeit<\/li>\n<li><strong>Vertiefung<\/strong>: Die kosmologischen Hintergr\u00fcnde der Mistelessenzen<\/li>\n<li><strong>Wahrnehmungs\u00fcbungen<\/strong> an den Essenzen und im eigenen Energiefeld<\/li>\n<li><strong>Synergien<\/strong> mit anderen Methoden (z.B. Biographiearbeit, Bildekr\u00e4fteforschung, anthroposophische Astrologie, intuitive Testmethoden, Tensor-Techniken etc.).<\/li>\n<\/ul>\n<p>Es richtet sich an Jedermann \/-frau, Berater, Behandler in Heilberufen f\u00fcr Mensch, Tier und Pflanze sowie alle, die ihr Leben in spiritueller Selbstverantwortung vertiefen m\u00f6chten. Es sind keine Vorkenntnisse notwendig.<\/p>\n<p>&nbsp;<\/p>\n<p>Kursgeb\u00fchr: 70 \u20ac, &#8211; Erm\u00e4\u00dfigung nach Vereinbarung<\/p>\n<p>&nbsp;<\/p>\n<p><strong>Zusatzangebot<\/strong> nach Vereinbarung: <strong>Pers\u00f6nliche Konsultationen<\/strong> (Biographische Selbstheilung mit Mistel-Bl\u00fctenessenzen) sowie Geo-Biographie f\u00fcr Therapeuten, \u00c4rzte, Organisationsentwickler etc..(Ggf. auch per Telefon oder Skype).<\/p>\n<p>&nbsp;<\/p>\n<p>Info, auch zu weiteren Vortr\u00e4gen, Forschung und Ausbildung, sowie Beratungen mit R. Kleimann: siehe\u00a0 <a href=\"mailto:baldron.org,\">baldron.org,<\/a> (Auch auf telegram und facebook). Kontakt in Wien Ingrid Rasocha <a href=\"mailto:ras.brg7@schule.at\">ras.brg7@schule.at<\/a> Tel 0650 8882889<\/p>\n<p>&nbsp;<\/p>\n<p>&nbsp;<\/p>\n<p>300 &#8211; 700 kr etter egen vurdering<\/p>\n<p>Info, p\u00e5melding: https:\/\/wordpress-1160125-4443598.cloudwaysapps.com\/produktkategori\/media\/events\/<\/p>\n<p>&nbsp;<\/p>\n<p>&nbsp;<\/p>\n<p>&nbsp;<\/p>\n<p><a href=\"#_msoanchor_1\">[B1]<\/a>der Michaels Stelle als Erzengel einnimmt, als dieser zum Zeitgeist aufger\u00fcckt.<\/p>\n<p><img decoding=\"async\" class=\"lazyload alignnone wp-image-40705\" src=\"https:\/\/wordpress-1160125-4443598.cloudwaysapps.com\/wp-content\/uploads\/2020\/04\/zen-2040340_640.jpg\" data-orig-src=\"https:\/\/wordpress-1160125-4443598.cloudwaysapps.com\/wp-content\/uploads\/2020\/04\/zen-2040340_640.jpg\" alt=\"\" width=\"399\" height=\"180\" data-id=\"40702\" srcset=\"data:image\/svg+xml,%3Csvg%20xmlns%3D%27http%3A%2F%2Fwww.w3.org%2F2000%2Fsvg%27%20width%3D%27399%27%20height%3D%27180%27%20viewBox%3D%270%200%20399%20180%27%3E%3Crect%20width%3D%27399%27%20height%3D%27180%27%20fill-opacity%3D%220%22%2F%3E%3C%2Fsvg%3E\" data-srcset=\"https:\/\/helseforhandleren.no\/wp-content\/uploads\/2020\/04\/zen-2040340_640-300x135.jpg 300w, https:\/\/helseforhandleren.no\/wp-content\/uploads\/2020\/04\/zen-2040340_640-500x226.jpg 500w, https:\/\/helseforhandleren.no\/wp-content\/uploads\/2020\/04\/zen-2040340_640.jpg 640w\" data-sizes=\"auto\" data-orig-sizes=\"(max-width: 399px) 100vw, 399px\" \/><\/p>\n<div>\u00a0<\/div>\n<h1>\u00a0<\/h1>\n<h1>Urbild und Anwendung<\/h1>\n<h2>Heilende Perspektiven in Zeiten von Krise und Verwandlung<\/h2>\n<p>&nbsp;<\/p>\n<p>(Skizze zu Struktur und Inhalt der Ausbildungen<\/p>\n<p>&nbsp;<\/p>\n<table>\n<tbody>\n<tr>\n<td width=\"302\">\u00a0<\/td>\n<td width=\"302\">\u00a0<\/p>\n<p>&nbsp;<\/p>\n<\/td>\n<\/tr>\n<tr>\n<td width=\"302\"><strong>Geo-BIOgraphie<\/strong><\/p>\n<p><strong>Essenzen f\u00fcr den Menschen<\/strong><\/p>\n<\/td>\n<td width=\"302\"><strong>GEO-Biographie<\/strong><\/p>\n<p><strong>Essenzen f\u00fcr die Erde<\/strong><\/p>\n<\/td>\n<\/tr>\n<tr>\n<td width=\"302\"><em>Vormittag<\/em><\/td>\n<td width=\"302\">\u00a0<\/td>\n<\/tr>\n<tr>\n<td width=\"302\"><strong>Einstimmung<\/strong>:<\/td>\n<td width=\"302\">\u00a0<\/td>\n<\/tr>\n<tr>\n<td width=\"302\">Wahrnehmung: wie finde ich \u00bbmeine\u00ab Essenz?<\/p>\n<p>Wie findet mich \u00bbmein\u00ab Schicksal?<\/p>\n<\/td>\n<td width=\"302\">Einstimmung: Begegnung mit B\u00e4umen<\/td>\n<\/tr>\n<tr>\n<td width=\"302\">\u00a0<\/td>\n<td width=\"302\">\u00a0<\/td>\n<\/tr>\n<tr>\n<td width=\"302\"><strong>Grundlagen<\/strong>:<\/td>\n<td width=\"302\">\u00a0<\/td>\n<\/tr>\n<tr>\n<td width=\"302\">Selbst-Biographie<\/td>\n<td width=\"302\">Erd-Biographie<\/td>\n<\/tr>\n<tr>\n<td width=\"302\">Das Urbild: Die Signatur des Selbst in der \u00bbLebensmelodie\u00ab<\/td>\n<td width=\"302\">Das Urbild: Die Christus-Signatur im Jahreslauf<\/td>\n<\/tr>\n<tr>\n<td width=\"302\">\u00a0<\/td>\n<td width=\"302\">\u00a0<\/td>\n<\/tr>\n<tr>\n<td width=\"302\">\u00a0<\/td>\n<td width=\"302\">\u00a0<\/td>\n<\/tr>\n<tr>\n<td width=\"302\"><em>Nachmittag<\/em><\/td>\n<td width=\"302\">\u00a0<\/td>\n<\/tr>\n<tr>\n<td width=\"302\"><strong>Anwendung<\/strong><\/td>\n<td width=\"302\">\u00a0<\/td>\n<\/tr>\n<tr>\n<td width=\"302\">Sch\u00f6pferische Pr\u00e4senz im Doppelstrom der Zeit<\/td>\n<td width=\"302\">Neue Partnerschaften zwischen Mensch, Naturgeistern und Engelwelten<\/td>\n<\/tr>\n<tr>\n<td width=\"302\">Wie komme ich in Resonanz zu meinen vorgeburtlichen Intentionen?<\/td>\n<td width=\"302\">Das Zeugnis der B\u00e4ume wahrnehmen<\/td>\n<\/tr>\n<tr>\n<td width=\"302\">Wie schaffe ich Raum f\u00fcr das, was aus der Zukunft kommt?<\/td>\n<td width=\"302\">Den neuen \u00c4ther in der Natur wahrnehmen, st\u00e4rken, verweben<\/td>\n<\/tr>\n<tr>\n<td width=\"302\">Der sch\u00f6pferische Augenblick \u2013 \u00dcbungen zu Intuitionsf\u00e4higkeit<\/td>\n<td width=\"302\">\u00a0<\/td>\n<\/tr>\n<tr>\n<td width=\"302\">Manich\u00e4ische Praxis<\/td>\n<td width=\"302\">Geomantische Heilung<\/td>\n<\/tr>\n<tr>\n<td width=\"302\">\u00a0<\/td>\n<td width=\"302\">\u00a0<\/td>\n<\/tr>\n<tr>\n<td width=\"302\"><em>\u00a0Abend<\/em><\/td>\n<td width=\"302\">\u00a0<\/td>\n<\/tr>\n<tr>\n<td width=\"302\">Fragen, Austausch, k\u00fcnstlerisches<\/td>\n<td width=\"302\">\u00a0<\/td>\n<\/tr>\n<\/tbody>\n<\/table>\n<p>&nbsp;<\/p>\n","protected":false},"excerpt":{"rendered":"<div data-pm-slice=\"1 3 []\" data-en-clipboard=\"true\">\n<h2><strong>Webinar <\/strong><\/h2>\n<p>Info, Anmeldung: <a href=\"https:\/\/translate.google.com\/translate?hl=en&amp;prev=_t&amp;sl=auto&amp;tl=no&amp;u=https:\/\/helseforhandleren.no\/de\/produkt-kategorie\/media-de\/online\">https:\/\/helseforhandleren.no\/de\/produkt-kategorie\/media-de\/online<\/a><\/p>\n<h4>\u00a0<\/h4>\n<h4><strong>Samstag 24. 10. 10 &#8211; 17h<\/strong><\/h4>\n<h4>Ort: Online &#8211; live fra BALDRON, Syverudveien 130, 1407 Vinterbro<\/h4>\n<p>&nbsp;<\/p>\n<p>Info , Anmeldung: <a href=\"https:\/\/translate.google.com\/translate?hl=en&amp;prev=_t&amp;sl=auto&amp;tl=no&amp;u=https:\/\/helseforhandleren.no\/de\/produkt-kategorie\/media-de\/online\">https:\/\/helseforhandleren.no\/de\/produkt-kategorie\/media-de\/online<\/a><\/p>\n<p>&nbsp;<\/p>\n<\/div>\n<p>Preis: 50 Euro oder nach eigener Einsch\u00e4tzung<\/p>\n<div data-pm-slice=\"1 3 []\" data-en-clipboard=\"true\">\n<p><strong>Format:<\/strong> Halb \u00f6ffentlich, mit Anmeldung, sodass wir vertraulich \u00bbunter uns\u00ab sprechen k\u00f6nnen. Vortragsteile, Fragen, Gespr\u00e4ch, und bei Interesse im letzten Teil auch Praxis-Austausch. \u00dcbgruppen zur Vertiefung vor, w\u00e4hrend und nach dem Seminar in Deutschland, Niederlanden, Wien, Dornach und Oslo.<\/p>\n<\/div>\n<p>&nbsp;<\/p>\n<p>Login zum Zoom meeting:<\/p>\n<p>Topic: Vidar und die Mistel &#8211; Med Vidar til jordens hjerte &#8211; online Seminar (Deutsch)<br \/>Time: Oct 24, 2020 10:00 PM Oslo<\/p>\n<p><strong>Join Zoom Meeting<\/strong><br \/><strong>https:\/\/zoom.us\/j\/9712121271?pwd=ZVViVWVVU1hjQ2RrTG5yL1FkUWFTQT09<\/strong><\/p>\n<p><strong>Meeting ID: 971 212 1271<\/strong><br \/><strong>Passcode: baldron<\/strong><\/p>\n<p>&nbsp;<\/p>\n<div data-pm-slice=\"1 3 []\" data-en-clipboard=\"true\">\n<p>&nbsp;<\/p>\n<\/div>\n","protected":false},"featured_media":83410,"comment_status":"closed","ping_status":"closed","template":"","meta":[],"product_brand":[],"product_cat":[908],"product_tag":[1634,1676,1673,1672,1675,1639],"class_list":{"0":"post-41442","1":"product","2":"type-product","3":"status-publish","4":"has-post-thumbnail","6":"product_cat-baldron-misteltree-essences","7":"product_tag-5g","8":"product_tag-baldron","9":"product_tag-misteltein","10":"product_tag-mistelteinessenser","11":"product_tag-mte","12":"product_tag-online-seminar","14":"first","15":"instock","16":"purchasable","17":"product-type-variable","18":"has-default-attributes"},"_links":{"self":[{"href":"https:\/\/helseforhandleren.no\/de\/wp-json\/wp\/v2\/product\/41442","targetHints":{"allow":["GET"]}}],"collection":[{"href":"https:\/\/helseforhandleren.no\/de\/wp-json\/wp\/v2\/product"}],"about":[{"href":"https:\/\/helseforhandleren.no\/de\/wp-json\/wp\/v2\/types\/product"}],"replies":[{"embeddable":true,"href":"https:\/\/helseforhandleren.no\/de\/wp-json\/wp\/v2\/comments?post=41442"}],"wp:featuredmedia":[{"embeddable":true,"href":"https:\/\/helseforhandleren.no\/de\/wp-json\/wp\/v2\/media\/83410"}],"wp:attachment":[{"href":"https:\/\/helseforhandleren.no\/de\/wp-json\/wp\/v2\/media?parent=41442"}],"wp:term":[{"taxonomy":"product_brand","embeddable":true,"href":"https:\/\/helseforhandleren.no\/de\/wp-json\/wp\/v2\/product_brand?post=41442"},{"taxonomy":"product_cat","embeddable":true,"href":"https:\/\/helseforhandleren.no\/de\/wp-json\/wp\/v2\/product_cat?post=41442"},{"taxonomy":"product_tag","embeddable":true,"href":"https:\/\/helseforhandleren.no\/de\/wp-json\/wp\/v2\/product_tag?post=41442"}],"curies":[{"name":"wp","href":"https:\/\/api.w.org\/{rel}","templated":true}]}}