{"id":41514,"date":"2020-11-10T15:06:21","date_gmt":"2020-11-10T15:06:21","guid":{"rendered":"https:\/\/helseforhandleren.no\/?post_type=product&#038;p=41514"},"modified":"2024-04-05T09:48:57","modified_gmt":"2024-04-05T09:48:57","slug":"elixator-dusj-og-bad","status":"publish","type":"product","link":"https:\/\/helseforhandleren.no\/de\/geschaeft\/wasser\/bad-und-dusche\/badeoele\/elixator-dusj-og-bad\/","title":{"rendered":"Elixator dusche und bad"},"content":{"rendered":"<dl class=\"data-sheet\">\n<dd>\n<h3>Duschen Sie trockene Haut einfach weg!<\/h3>\n<p><strong>Verwandeln Sie Ihr Duschwasser auf Knopfdruck in eine zarte Bio-Hautpflege.<\/strong><\/p>\n<h4>Lieferumfang:<\/h4>\n<p>Elixator douche zum Herstellung einer feinen, pflegenden Duschmilch aus naturreinen Bio-Pflege\u00f6len. Einfach an jeder Duscharmatur anzuschlie\u00dfen. Komplett in Geschenkdose mit Dosierflasche und den vier Elixator Bio-Pflege\u00f6len &#8211; hier mit bademilch Zubeh\u00f6rset:<\/p>\n<p><strong>olio vitale<\/strong>\u00a0\u2013 Ingredients (Bestandteile): Helianthus Annuus Seed Oil* (Sonnen-blumen\u00f6l), Simondsia Chinesis* (Jojoba), Prunus Amygdalus Dulcis Oil* (Mandel\u00f6l), Parfum (naturreine, \u00e4therische \u00d6le), Tocopherol (Vitamin E), Citral**, Linalool**, Limonene**, Geraniol**, Citronellol**.<\/p>\n<p><strong>olio dolce rosa<\/strong>\u00a0\u2013 Ingredients (Bestandteile): Helianthus Annuus Seed Oil* (Sonnenblumen\u00f6l), Simondsia Chinesis* (Jojoiba), Prunus Amygdalus Dulcis Oil* (Mandel\u00f6l), Parfum (naturreine, \u00e4therische \u00d6le), Tocopherol (Vitamin E), Hippophae Rhamnoides Oil (Sanddornfruchtfleisch\u00f6l), Linalool**, Limonene**, Benzylbenzoat**, Benzylsalicylat**, Geraniol**, Citronellol**.<\/p>\n<p><strong>olio paradiso<\/strong>\u00a0\u2013 Ingredients (Bestandteile): Helianthus Annuus Seed Oil* (Sonnenblumen\u00f6l), Simondsia Chinesis* (Jojoba), Prunus Amygdalus Dulcis Oil* (Mandel\u00f6l), Hippophae Rhamnoides Oil (Sanddornfruchtfleisch\u00f6l), Calendula (Ringelblumenextrakt) Parfum (naturreine, \u00e4therische \u00d6le), Tocopherol (Vitamin E), Citral**, Linalool**, Limonene**, Geraniol**, Citronellol**.<\/p>\n<p><strong>olio natura<\/strong>\u00a0\u2013 Ingredients (Bestandteile): Helianthus Annuus Seed Oil* (Sonnenblumen\u00f6l), Simondsia Chinesis* (Jojoba), Prunus Amygdalus Dulcis Oil* (Mandel\u00f6l), Tocopherol (Vitamin E).<\/p>\n<p>*Aus biologischem Anbau<br clear=\"all\" \/>**Bestandteile der naturreinen, \u00e4therischen \u00d6le<\/p>\n<section class=\"product-features\">\n<h3 class=\"h6\">Technische Daten<\/h3>\n<dl class=\"data-sheet\">\n<dt class=\"name\">Material<\/dt>\n<dd class=\"value\">alle wasserf\u00fchrenden Teile sind aus Messing hergestellt. Oberfl\u00e4chen verchromt.<\/dd>\n<dt class=\"name\">Pflege\u00f6l-Verbrauch<\/dt>\n<dd class=\"value\">0,006 l\/min (6ml\/min) &#8211; Mischungsverh\u00e4ltnis Wasser \/ \u00d6l ca. 1:750<\/dd>\n<dt class=\"name\">Wasserdurchfluss bei \u00d6leinmischung (Bedienknopf bet\u00e4tigt)<\/dt>\n<dd class=\"value\">ca. 4,5 l\/min<\/dd>\n<dt class=\"name\">Wasserdurchfluss ohne \u00d6leinmischung (Bedienknopf herausgezogen)<\/dt>\n<dd class=\"value\">voller Durchfluss ohne Reduzierung<\/dd>\n<dt class=\"name\">Anschlussgewinde oben (Einlasss)<\/dt>\n<dd class=\"value\">G1\/2&#8243; (Halbzoll) \u00dcberwurfmutter zum einfachen Anschluss an jede Duscharmatur<\/dd>\n<dt class=\"name\">Anschlussgewinde unten (Auslass)<\/dt>\n<dd class=\"value\">G1\/2&#8243; (Halbzoll) Au\u00dfengewinde &#8211; passend f\u00fcr jeden Brauseschlauch<\/dd>\n<\/dl>\n<\/section>\n<section class=\"product-features\">\n<h3 class=\"h6\"><\/h3>\n<\/section>\n<\/dd>\n<\/dl>\n","protected":false},"excerpt":{"rendered":"<p>Verwandeln Sie Ihr Duschwasser auf Knopfdruck in eine zarte Bio-Hautpflege.<\/p>\n<p>Elixator douche zur Herstellung einer feinen, pflegenden\u00a0Duschmilch aus naturreinen \u00d6len. Mit Dosierflasche und je 40 ml der vier verschiedenen Elixator BIO-Dusch\u00f6le.<\/p>\n","protected":false},"featured_media":85182,"comment_status":"closed","ping_status":"closed","template":"","meta":[],"product_brand":[],"product_cat":[1131,1132,1090,1720,1092],"product_tag":[1704,1705],"class_list":{"0":"post-41514","1":"product","2":"type-product","3":"status-publish","4":"has-post-thumbnail","6":"product_cat-bad-und-dusche","7":"product_cat-badeoele","8":"product_cat-duschkoepfe","9":"product_cat-ekixator-de","10":"product_cat-oeldispersion","11":"product_tag-hudpleie-de","12":"product_tag-pleiende-dusj-de","14":"first","15":"instock","16":"taxable","17":"shipping-taxable","18":"purchasable","19":"product-type-simple"},"_links":{"self":[{"href":"https:\/\/helseforhandleren.no\/de\/wp-json\/wp\/v2\/product\/41514","targetHints":{"allow":["GET"]}}],"collection":[{"href":"https:\/\/helseforhandleren.no\/de\/wp-json\/wp\/v2\/product"}],"about":[{"href":"https:\/\/helseforhandleren.no\/de\/wp-json\/wp\/v2\/types\/product"}],"replies":[{"embeddable":true,"href":"https:\/\/helseforhandleren.no\/de\/wp-json\/wp\/v2\/comments?post=41514"}],"wp:featuredmedia":[{"embeddable":true,"href":"https:\/\/helseforhandleren.no\/de\/wp-json\/wp\/v2\/media\/85182"}],"wp:attachment":[{"href":"https:\/\/helseforhandleren.no\/de\/wp-json\/wp\/v2\/media?parent=41514"}],"wp:term":[{"taxonomy":"product_brand","embeddable":true,"href":"https:\/\/helseforhandleren.no\/de\/wp-json\/wp\/v2\/product_brand?post=41514"},{"taxonomy":"product_cat","embeddable":true,"href":"https:\/\/helseforhandleren.no\/de\/wp-json\/wp\/v2\/product_cat?post=41514"},{"taxonomy":"product_tag","embeddable":true,"href":"https:\/\/helseforhandleren.no\/de\/wp-json\/wp\/v2\/product_tag?post=41514"}],"curies":[{"name":"wp","href":"https:\/\/api.w.org\/{rel}","templated":true}]}}