{"id":41630,"date":"2020-12-09T21:52:36","date_gmt":"2020-12-09T21:52:36","guid":{"rendered":"https:\/\/helseforhandleren.no\/buttik\/unkategorisiert\/zodiak-sett-13-x-30-ml\/"},"modified":"2024-04-05T09:50:07","modified_gmt":"2024-04-05T09:50:07","slug":"zodiak-sett-13","status":"publish","type":"product","link":"https:\/\/helseforhandleren.no\/de\/geschaeft\/gesundheit-de\/bluetenessenzen-de\/baldron-essenzen-de\/zodiak-sett-13\/","title":{"rendered":"Zodiak Set, 13 Essenzen"},"content":{"rendered":"<p>Aus Edelsteinen gewonnen.<\/p>\n<p>Zw\u00f6lf Tore zum K\u00f6rper, von Kopf bis Fu\u00df.<\/p>\n<p>Mit dem dreizehnten, der die Verwandlung bringt: dem Schlangentr\u00e4ger<\/p>\n<p>Bringt uns auf die h\u00f6chste Ebene der Mistel-Arbeit<\/p>\n<p>Als \u00bbKrone\u00ab bzw. \u201eRing\u201c um das Pro Set herum.<\/p>\n<p>Als Gegenpol und Erg\u00e4nzung zum Gaia Set: Strahlen aus dem Kosmos in die Erdentiefen.<\/p>\n<p>Die Wesen des Tierkreises konstituieren die Materie, insbesondere den Menschenleib<\/p>\n<p>Er\u00f6ffnen fortgeschrittenen Anwendern ganz neue Dimensionen.<\/p>\n<p>Auch still im Hintergrund wirksam.<\/p>\n<p>Strahlen weit in den Raum, potenzieren so das Pro Set in der Wirkung f\u00fcr ein ganzes Wohnhaus, Praxisr\u00e4ume, Garten.<\/p>\n<p>&nbsp;<\/p>\n<p>Das Nonplusultra: Der doppelte Tierkreis, gegenl\u00e4ufig in zwei konzentrischen Ringen (tropisch und siderisch)<\/p>\n<p>&nbsp;<\/p>\n","protected":false},"excerpt":{"rendered":"<p>Zodiac Set: Kosmische Sch\u00f6pferkr\u00e4fte<br \/>\nErweiterung zum Pro Set: Sternenklare Archetypen der physischen Wirklichkeit.<\/p>\n","protected":false},"featured_media":83487,"comment_status":"closed","ping_status":"closed","template":"","meta":[],"product_brand":[],"product_cat":[945],"product_tag":[1692,1694],"class_list":{"0":"post-41630","1":"product","2":"type-product","3":"status-publish","4":"has-post-thumbnail","6":"product_cat-baldron-essenzen-de","7":"product_tag-mistelteinessenser-de","8":"product_tag-mte-de","9":"pa_volum-10-ml-de","10":"pa_volum-30-ml-de","12":"first","13":"instock","14":"taxable","15":"shipping-taxable","16":"purchasable","17":"product-type-variable"},"_links":{"self":[{"href":"https:\/\/helseforhandleren.no\/de\/wp-json\/wp\/v2\/product\/41630","targetHints":{"allow":["GET"]}}],"collection":[{"href":"https:\/\/helseforhandleren.no\/de\/wp-json\/wp\/v2\/product"}],"about":[{"href":"https:\/\/helseforhandleren.no\/de\/wp-json\/wp\/v2\/types\/product"}],"replies":[{"embeddable":true,"href":"https:\/\/helseforhandleren.no\/de\/wp-json\/wp\/v2\/comments?post=41630"}],"wp:featuredmedia":[{"embeddable":true,"href":"https:\/\/helseforhandleren.no\/de\/wp-json\/wp\/v2\/media\/83487"}],"wp:attachment":[{"href":"https:\/\/helseforhandleren.no\/de\/wp-json\/wp\/v2\/media?parent=41630"}],"wp:term":[{"taxonomy":"product_brand","embeddable":true,"href":"https:\/\/helseforhandleren.no\/de\/wp-json\/wp\/v2\/product_brand?post=41630"},{"taxonomy":"product_cat","embeddable":true,"href":"https:\/\/helseforhandleren.no\/de\/wp-json\/wp\/v2\/product_cat?post=41630"},{"taxonomy":"product_tag","embeddable":true,"href":"https:\/\/helseforhandleren.no\/de\/wp-json\/wp\/v2\/product_tag?post=41630"}],"curies":[{"name":"wp","href":"https:\/\/api.w.org\/{rel}","templated":true}]}}