{"id":42084,"date":"2021-02-18T15:45:57","date_gmt":"2021-02-18T15:45:57","guid":{"rendered":"https:\/\/helseforhandleren.no\/buttik\/unkategorisiert\/bio-waschball-von\/"},"modified":"2024-04-05T09:52:19","modified_gmt":"2024-04-05T09:52:19","slug":"bio-waschball-von","status":"publish","type":"product","link":"https:\/\/helseforhandleren.no\/de\/geschaeft\/wasser\/trinkwasser\/filtersystemer-de\/bio-waschball-von\/","title":{"rendered":"Bio Waschball von"},"content":{"rendered":"<p><strong>MAUNAWAI Pi-Waschkugel mit PI-Keramiken,<\/strong><\/p>\n<p><strong>Zum Waschen ohne oder mit stark reduziertem Waschmittel<\/strong><\/p>\n<p><strong>Lieferumfang:<\/strong> <strong>Pi-Waschkugel <\/strong>mit PI-Keramiken,<\/p>\n<p><strong>Vorteile <\/strong>der <strong>Pi-Waschkugel<\/strong>:<br \/>\n\u00b7 Ersetzt Waschpulver um bis zu 100%<br \/>\n\u00b7 Frei von Chemie (Tenside) und k\u00fcnstlichen Aromen<br \/>\n\u00b7 Ideal f\u00fcr sensible Haut und Allergiker<br \/>\n\u00b7 Waschen bei 30\u00b0C ausreichend<br \/>\n\u00b7 Spart Waschmittel, Strom, Wasser und Geld<br \/>\n\u00b7 Kein Ausbleichen, Buntw\u00e4sche beh\u00e4lt ihre Farbe<br \/>\n\u00b7 Keine sch\u00e4dlichen R\u00fcckst\u00e4nde in der W\u00e4sche<br \/>\n\u00b7 Entfernt zuverl\u00e4ssig alle Ger\u00fcche aus der W\u00e4sche<br \/>\n\u00b7 Lebensdauer etwa 3\u20134 Jahre bzw. 1000 Waschg\u00e4nge<br \/>\n\u00b7 Hergestellt aus recyceltem Kunststoff<\/p>\n<p><strong>Durch die Verwendung verschiedener Pi-BioCera-Keramiken<\/strong><\/p>\n<p>\u00b7 wird die Oberfl\u00e4chenspannung verbessert,<\/p>\n<p>\u00b7 nimmt die Waschf\u00e4higkeit zu,<\/p>\n<p>\u00b7 der pH-Wert wird erh\u00f6ht,<\/p>\n<p>\u00b7 das Wasser wird alkalischer<\/p>\n<p>\u00b7 durch Infrarotwellen aktiviert<\/p>\n<p>\u00b7 Sauerstoff wird erh\u00f6ht<\/p>\n<p>\u00b7 Chlor wird gebunden<\/p>\n<p>\u00b7 Wassercluster werden verkleinert<\/p>\n<p>Alle Keramikkugeln haben ein spezielles Herstellungsverfahren durchlaufen, bei dem die Keramiken mit der jeweiligen Substanz vermischt werden. Durch das Zusammenspiel dieser einzigartigen Kombination erzielen Sie beste Waschergebnisse.<\/p>\n<p><strong>Material: <\/strong>Der Bio-Waschball besteht aus weichem, umweltfreundlichem Recyclingmaterial (SEBS).<\/p>\n<p><strong>Keramiken: <\/strong>Die verwendeten Keramiken sind nach dem internationalen Standard der FDA und NSF\/ANSI (Standard-042) f\u00fcr Trinkwasserbehandlung getestet und zertifiziert.<\/p>\n","protected":false},"excerpt":{"rendered":"<p>MAUNAWAI Pi-Waschkugel mit PI-Keramiken, Zum Waschen ohne oder mit stark  [&#8230;]<\/p>\n","protected":false},"featured_media":83602,"comment_status":"closed","ping_status":"closed","template":"","meta":[],"product_brand":[],"product_cat":[1213,1464,1094,746,744],"product_tag":[1465,1244,1466,1246,1247],"class_list":{"0":"post-42084","1":"product","2":"type-product","3":"status-publish","4":"has-post-thumbnail","6":"product_cat-filtersystemer-de","7":"product_cat-pi-wasser-trinkwasser-quellwasser-wasserreinigung","8":"product_cat-trinkwasser","9":"product_cat-wasser-reinigung-de","10":"product_cat-wasserbelebung-de","11":"product_tag-drikkevann-de","12":"product_tag-filtersystem-de","13":"product_tag-rent-vann-de","14":"product_tag-vannfilter-de","15":"product_tag-vannrensing-de","17":"first","18":"instock","19":"taxable","20":"shipping-taxable","21":"purchasable","22":"product-type-simple"},"_links":{"self":[{"href":"https:\/\/helseforhandleren.no\/de\/wp-json\/wp\/v2\/product\/42084","targetHints":{"allow":["GET"]}}],"collection":[{"href":"https:\/\/helseforhandleren.no\/de\/wp-json\/wp\/v2\/product"}],"about":[{"href":"https:\/\/helseforhandleren.no\/de\/wp-json\/wp\/v2\/types\/product"}],"replies":[{"embeddable":true,"href":"https:\/\/helseforhandleren.no\/de\/wp-json\/wp\/v2\/comments?post=42084"}],"wp:featuredmedia":[{"embeddable":true,"href":"https:\/\/helseforhandleren.no\/de\/wp-json\/wp\/v2\/media\/83602"}],"wp:attachment":[{"href":"https:\/\/helseforhandleren.no\/de\/wp-json\/wp\/v2\/media?parent=42084"}],"wp:term":[{"taxonomy":"product_brand","embeddable":true,"href":"https:\/\/helseforhandleren.no\/de\/wp-json\/wp\/v2\/product_brand?post=42084"},{"taxonomy":"product_cat","embeddable":true,"href":"https:\/\/helseforhandleren.no\/de\/wp-json\/wp\/v2\/product_cat?post=42084"},{"taxonomy":"product_tag","embeddable":true,"href":"https:\/\/helseforhandleren.no\/de\/wp-json\/wp\/v2\/product_tag?post=42084"}],"curies":[{"name":"wp","href":"https:\/\/api.w.org\/{rel}","templated":true}]}}