{"id":42107,"date":"2020-11-13T20:00:17","date_gmt":"2020-11-13T20:00:17","guid":{"rendered":"https:\/\/helseforhandleren.no\/buttik\/unkategorisiert\/olio-natura-badeolje-til-elixator\/"},"modified":"2024-04-05T09:53:02","modified_gmt":"2024-04-05T09:53:02","slug":"olio-natura-badeolje-til-elixator","status":"publish","type":"product","link":"https:\/\/helseforhandleren.no\/de\/geschaeft\/wasser\/bad-und-dusche\/badeoele\/olio-natura-badeolje-til-elixator\/","title":{"rendered":"Olio Natura badeolje til Elixator"},"content":{"rendered":"<div id=\"description\" class=\"tab-pane fade active in\" aria-expanded=\"true\">\n<div class=\"product-description\">\n<p>Das BIO-Pflege\u00f6l ohne Zusatz von Duft\u00adstoffen f\u00fcr die besonders empfindliche oder zu Allergien neigende Haut. Mit milden Pflanzen\u00ad\u00f6len und hohem Jojoba\u00adanteil f\u00fcr die hochwertige Pflege von Kopf bis Fu\u00df. Auch als Basis\u00f6l f\u00fcr die eigene Beduftung mit \u00e4therischen \u00d6len verwendbar. Geeignet f\u00fcr jeden Hauttyp.<\/p>\n<p>Ideal f\u00fcr die Verwendung im elixator douche, kann aber auch nach dem Duschen in die noch feuchte Haut einmassiert werden.<\/p>\n<p>&nbsp;<\/p>\n<p><strong>Inhaltsstoffe<\/strong><\/p>\n<p>Helianthus Annuus Seed Oil* (Sonnenblumen\u00f6l), Simondsia Chinesis* (Jojoba), Prunus Amygdalus Dulcis Oil* (Mandel\u00f6l), Tocopherol (Vitamin E).<\/p>\n<p>*Aus biologischem Anbau<\/p>\n<\/div>\n<\/div>\n","protected":false},"excerpt":{"rendered":"<p>Naturreines Dusch\u00f6l &#8211; 235 ml<\/p>\n","protected":false},"featured_media":83623,"comment_status":"closed","ping_status":"closed","template":"","meta":[],"product_brand":[],"product_cat":[1131,1132,1720,1092],"product_tag":[1714,1704,1715,1716],"class_list":{"0":"post-42107","1":"product","2":"type-product","3":"status-publish","4":"has-post-thumbnail","6":"product_cat-bad-und-dusche","7":"product_cat-badeoele","8":"product_cat-ekixator-de","9":"product_cat-oeldispersion","10":"product_tag-badeolje-de","11":"product_tag-hudpleie-de","12":"product_tag-oljedispersjonsbad-de","13":"product_tag-velvaere-de","15":"first","16":"instock","17":"taxable","18":"shipping-taxable","19":"purchasable","20":"product-type-simple"},"_links":{"self":[{"href":"https:\/\/helseforhandleren.no\/de\/wp-json\/wp\/v2\/product\/42107","targetHints":{"allow":["GET"]}}],"collection":[{"href":"https:\/\/helseforhandleren.no\/de\/wp-json\/wp\/v2\/product"}],"about":[{"href":"https:\/\/helseforhandleren.no\/de\/wp-json\/wp\/v2\/types\/product"}],"replies":[{"embeddable":true,"href":"https:\/\/helseforhandleren.no\/de\/wp-json\/wp\/v2\/comments?post=42107"}],"wp:featuredmedia":[{"embeddable":true,"href":"https:\/\/helseforhandleren.no\/de\/wp-json\/wp\/v2\/media\/83623"}],"wp:attachment":[{"href":"https:\/\/helseforhandleren.no\/de\/wp-json\/wp\/v2\/media?parent=42107"}],"wp:term":[{"taxonomy":"product_brand","embeddable":true,"href":"https:\/\/helseforhandleren.no\/de\/wp-json\/wp\/v2\/product_brand?post=42107"},{"taxonomy":"product_cat","embeddable":true,"href":"https:\/\/helseforhandleren.no\/de\/wp-json\/wp\/v2\/product_cat?post=42107"},{"taxonomy":"product_tag","embeddable":true,"href":"https:\/\/helseforhandleren.no\/de\/wp-json\/wp\/v2\/product_tag?post=42107"}],"curies":[{"name":"wp","href":"https:\/\/api.w.org\/{rel}","templated":true}]}}