{"id":42697,"date":"2021-02-19T10:04:00","date_gmt":"2021-02-19T10:04:00","guid":{"rendered":"http:\/\/helseforhandleren.no\/buttik\/unkategorisiert\/maunawai-zeolitstein-300g\/"},"modified":"2024-04-05T09:54:10","modified_gmt":"2024-04-05T09:54:10","slug":"maunawai-zeolitstein-300g","status":"publish","type":"product","link":"https:\/\/helseforhandleren.no\/de\/geschaeft\/wasser\/trinkwasser\/wasser-reinigung-de\/filter-de\/maunawai-zeolitstein-300g\/","title":{"rendered":"MAUNAWAI\u00ae zeolitstein 300g"},"content":{"rendered":"<p>Aktivierte Natur Zeolith-Steine f\u00fcr Ihr Wasser!<br \/>\nDie Zeolith-Steine haben einen leicht basischen Einfluss auf Ihr Trinkwasser,<br \/>\nda eine feine Mineralabgabe stattfindet.<\/p>\n<p>Diese Mineralabgabe ist anfangs deutlich h\u00f6her als am Ende der Nutzungsdauer.<\/p>\n<p>Deshalb ist es sinnvoll, zu Beginn nur 2\u20134 Steine zu verwenden. <\/p>\n<p>Nach und nach k\u00f6nnen Sie die Steine erg\u00e4nzen, um den gew\u00fcnschten Geschmack<br \/>\nzu erhalten.<\/p>\n<p>Die Zeolith-Steine haben einen Klinoptilolithanteil von \u00fcber 90%!<br \/>\n\u2022\t100% Naturprodukt<br \/>\n\u2022\tfrei von Zus\u00e4tzen<br \/>\n\u2022\tschonend verarbeitet<br \/>\nSie k\u00f6nnen Zeolith-Steine auch zus\u00e4tzlich zum PIPRIME K8 Wassersystem einlegen.<\/p>\n","protected":false},"excerpt":{"rendered":"<p>Aktivierte Natur Zeolith-Steine f\u00fcr Ihr Wasser! Die Zeolith-Steine haben einen  [&#8230;]<\/p>\n","protected":false},"featured_media":83659,"comment_status":"closed","ping_status":"closed","template":"","meta":[],"product_brand":[],"product_cat":[1214,1213,1464,1094,746,744],"product_tag":[1465,1244,1466,1246,1247],"class_list":{"0":"post-42697","1":"product","2":"type-product","3":"status-publish","4":"has-post-thumbnail","6":"product_cat-filter-de","7":"product_cat-filtersystemer-de","8":"product_cat-pi-wasser-trinkwasser-quellwasser-wasserreinigung","9":"product_cat-trinkwasser","10":"product_cat-wasser-reinigung-de","11":"product_cat-wasserbelebung-de","12":"product_tag-drikkevann-de","13":"product_tag-filtersystem-de","14":"product_tag-rent-vann-de","15":"product_tag-vannfilter-de","16":"product_tag-vannrensing-de","18":"first","19":"instock","20":"taxable","21":"shipping-taxable","22":"purchasable","23":"product-type-simple"},"_links":{"self":[{"href":"https:\/\/helseforhandleren.no\/de\/wp-json\/wp\/v2\/product\/42697","targetHints":{"allow":["GET"]}}],"collection":[{"href":"https:\/\/helseforhandleren.no\/de\/wp-json\/wp\/v2\/product"}],"about":[{"href":"https:\/\/helseforhandleren.no\/de\/wp-json\/wp\/v2\/types\/product"}],"replies":[{"embeddable":true,"href":"https:\/\/helseforhandleren.no\/de\/wp-json\/wp\/v2\/comments?post=42697"}],"wp:featuredmedia":[{"embeddable":true,"href":"https:\/\/helseforhandleren.no\/de\/wp-json\/wp\/v2\/media\/83659"}],"wp:attachment":[{"href":"https:\/\/helseforhandleren.no\/de\/wp-json\/wp\/v2\/media?parent=42697"}],"wp:term":[{"taxonomy":"product_brand","embeddable":true,"href":"https:\/\/helseforhandleren.no\/de\/wp-json\/wp\/v2\/product_brand?post=42697"},{"taxonomy":"product_cat","embeddable":true,"href":"https:\/\/helseforhandleren.no\/de\/wp-json\/wp\/v2\/product_cat?post=42697"},{"taxonomy":"product_tag","embeddable":true,"href":"https:\/\/helseforhandleren.no\/de\/wp-json\/wp\/v2\/product_tag?post=42697"}],"curies":[{"name":"wp","href":"https:\/\/api.w.org\/{rel}","templated":true}]}}