{"id":42708,"date":"2021-02-19T10:19:45","date_gmt":"2021-02-19T10:19:45","guid":{"rendered":"http:\/\/helseforhandleren.no\/buttik\/unkategorisiert\/edelsteine-%e2%80%8b%e2%80%8b250g\/"},"modified":"2024-04-05T09:54:20","modified_gmt":"2024-04-05T09:54:20","slug":"edelsteine-250g","status":"publish","type":"product","link":"https:\/\/helseforhandleren.no\/de\/geschaeft\/wasser\/trinkwasser\/wasser-reinigung-de\/filter-de\/edelsteine-250g\/","title":{"rendered":"Maunawai Edelsteine \u200b\u200b250g"},"content":{"rendered":"<p>Edelsteine f\u00fcr Ihr Wasser<br \/>\nDie Grundmischung besteht aus Bergkristall, Amethyst und Rosenquarz. min. 250g<br \/>\nBenutzen Sie f\u00fcr einen Einsatz 1-3 Edelsteine pro Sorte.<br \/>\nAchten Sie auf die Hygiene!<br \/>\nVorbereitung:<br \/>\nDie Edelsteine m\u00fcssen bei direktem Kontakt mit Trinkwasser immer gut gereinigt werden. Insbesondere bei der ersten Verwendung sollten Edelsteine unter flie\u00dfendem Wasser abgeb\u00fcrstet werden. Wir empfehlen anschlie\u00dfend auch mit 70%igem Alkohol zu desinfizieren.<br \/>\nAlkohol bremst die Informationen, deshalb sollten die Steine anschlie\u00dfend gr\u00fcndlich mit flie\u00dfend kaltem Wasser abgesp\u00fclt werden.<br \/>\nDie gereinigten Steine  (1-3 St\u00fcck pro Sorte) k\u00f6nnen Sie jetzt ins Glas legen und ca. 6 Monate lang nutzen.<br \/>\nRegenerierung<br \/>\nSie k\u00f6nnen die entladenen Edelsteine wieder  regenerieren.<br \/>\nHalten Sie die Steine unter flie\u00dfend kaltem Wasser und reiben Sie kr\u00e4ftig mit den Daumen.<br \/>\nNach einiger Zeit werden Sie einen Unterschied auf der Oberfl\u00e4che des Steines sp\u00fcren; Ihr Finger wird nicht mehr so gut gleiten. Das Entladen ist jetzt abgeschlossen. Sie k\u00f6nnen die Steine mindestens einen halben Tag an der Luft trocknen lassen. Danach ist er wieder aufgeladen und verwendbar.<br \/>\nViele Heilsteine werden bei mehrfacher Aufbereitung besch\u00e4digt. Auch Splitter d\u00fcrfen nicht ins Wasser geraten.<br \/>\nHinweis:<br \/>\nWasser mit dieser Mischung kann t\u00e4glich bzw. \u00fcber einen l\u00e4ngeren Zeitraum getrunken werden.<br \/>\nBenutzen Sie f\u00fcr einen Einsatz 1-3 Edelsteine pro Sorte und legen Sie diese auf den Boden des Glasbeh\u00e4lters. Sie k\u00f6nnen die Edelsteine 6 Monate lang nutzen.<br \/>\nDie Wirkung:<br \/>\nDer Bergkristall<br \/>\nDieser gilt als Heilstein, der vor sch\u00e4dlichen Strahlen bewahrt, Kopfschmerzen und verschiedene Entz\u00fcndungen lindert, Leber und Nieren reinigt und die Durchblutung (Krampfadern) st\u00e4rken soll.<br \/>\nDer Amethyst<br \/>\nBereits Hildegard von Bingen (1098\u20131179) beschrieb in ihrem \u201eBuch von den Steinen\u201c unter anderem den Gebrauch von Amethyst als Heilstein gegen Krankheiten wie Hautunreinheiten und Schwellungen, dar\u00fcber hinaus verschafft er Wachheit, Bewusstheit und inneren Frieden.<br \/>\nRosenquarz<br \/>\nDer Rosenquarz gilt als starkes Symbol f\u00fcr Liebe und Fruchtbarkeit. Er soll k\u00f6rperliche und geistige Schw\u00e4chen des Liebeslebens heilen, sowie auch z.B. Kopfschmerzen lindern, aus dem Grund gilt er als Heilstein.<\/p>\n<p>Quellenangaben: Die Steinheilkunde und das Lexikon der Heilsteine von M. Gienger.<\/p>\n","protected":false},"excerpt":{"rendered":"<p>Edelsteine f\u00fcr Ihr Wasser Die Grundmischung besteht aus Bergkristall, Amethyst  [&#8230;]<\/p>\n","protected":false},"featured_media":83665,"comment_status":"closed","ping_status":"closed","template":"","meta":[],"product_brand":[],"product_cat":[1214,1213,1464,1094,746,744],"product_tag":[1465,1244,1466,1246,1247],"class_list":{"0":"post-42708","1":"product","2":"type-product","3":"status-publish","4":"has-post-thumbnail","6":"product_cat-filter-de","7":"product_cat-filtersystemer-de","8":"product_cat-pi-wasser-trinkwasser-quellwasser-wasserreinigung","9":"product_cat-trinkwasser","10":"product_cat-wasser-reinigung-de","11":"product_cat-wasserbelebung-de","12":"product_tag-drikkevann-de","13":"product_tag-filtersystem-de","14":"product_tag-rent-vann-de","15":"product_tag-vannfilter-de","16":"product_tag-vannrensing-de","18":"first","19":"instock","20":"taxable","21":"shipping-taxable","22":"purchasable","23":"product-type-simple"},"_links":{"self":[{"href":"https:\/\/helseforhandleren.no\/de\/wp-json\/wp\/v2\/product\/42708","targetHints":{"allow":["GET"]}}],"collection":[{"href":"https:\/\/helseforhandleren.no\/de\/wp-json\/wp\/v2\/product"}],"about":[{"href":"https:\/\/helseforhandleren.no\/de\/wp-json\/wp\/v2\/types\/product"}],"replies":[{"embeddable":true,"href":"https:\/\/helseforhandleren.no\/de\/wp-json\/wp\/v2\/comments?post=42708"}],"wp:featuredmedia":[{"embeddable":true,"href":"https:\/\/helseforhandleren.no\/de\/wp-json\/wp\/v2\/media\/83665"}],"wp:attachment":[{"href":"https:\/\/helseforhandleren.no\/de\/wp-json\/wp\/v2\/media?parent=42708"}],"wp:term":[{"taxonomy":"product_brand","embeddable":true,"href":"https:\/\/helseforhandleren.no\/de\/wp-json\/wp\/v2\/product_brand?post=42708"},{"taxonomy":"product_cat","embeddable":true,"href":"https:\/\/helseforhandleren.no\/de\/wp-json\/wp\/v2\/product_cat?post=42708"},{"taxonomy":"product_tag","embeddable":true,"href":"https:\/\/helseforhandleren.no\/de\/wp-json\/wp\/v2\/product_tag?post=42708"}],"curies":[{"name":"wp","href":"https:\/\/api.w.org\/{rel}","templated":true}]}}