{"id":42764,"date":"2021-02-19T10:54:58","date_gmt":"2021-02-19T10:54:58","guid":{"rendered":"http:\/\/helseforhandleren.no\/?post_type=product&#038;p=42764"},"modified":"2024-04-05T09:54:55","modified_gmt":"2024-04-05T09:54:55","slug":"maunawai-tischwasserfilter-kini-grun-copy","status":"publish","type":"product","link":"https:\/\/helseforhandleren.no\/de\/geschaeft\/wasser\/trinkwasser\/filtersystemer-de\/maunawai-tischwasserfilter-kini-grun-copy\/","title":{"rendered":"Maunawai Tischwasserfilter KINI \/ Gr\u00fcn"},"content":{"rendered":"<div class=\"description\">\n<p>Endlich ist es soweit! Die neue Maunawai Kanne ist auf dem Markt! Vom Design bis zur Fertigung 100% <strong>made in germany<\/strong>.<\/p>\n<p>Durch die Anwendung der f\u00fcnf Prinzipien in der MAUNAWAI Kanne\u2013 Filtration, Information, Optimierung, Harmonisierung und biologische Verf\u00fcgbarmachung \u2013 wird das Wasser nicht nur\u00a0 von unerw\u00fcnschten Stoffen gereinigt, sondern auch restrukturiert und erh\u00e4lt somit seine urspr\u00fcngliche Clusterform wieder zur\u00fcck. Die geometrische Linienf\u00fchrung unserer Kanne ist dieser kristalinen Struktur des MAUNAWAI Wassers nachempfunden.<\/p>\n<p>Sehr gut geeignet f\u00fcr kleine Haushalte, f\u00fcr Unterwegs oder im B\u00fcro.<\/p>\n<p>ISO-zertifizierte Herstellung in Deutschland mit BPA freiem SAN Kunststoff.<\/p>\n<p><strong>Lieferumfang:<\/strong><\/p>\n<ul>\n<li>Kanne aus lebensmittelechtem SAN Kunststoff, enth\u00e4lt keine Weichmacher<\/li>\n<li>PI-Filterkartusche<\/li>\n<li>Kalkfilter-Pad mit Deckel<\/li>\n<li>Bedienungsanleitung in 2 Sprachen (D\/E) mit Wechselintervall<\/li>\n<\/ul>\n<p><strong>Wechselintervall:<\/strong><\/p>\n<p>PI-Filterkartusche\u00a0 3 Monate<br \/>\nKalkfilter-Pad \u00a0\u00a0\u00a0\u00a0\u00a0\u00a0 3 Monate<\/p>\n<p><strong>Kosten pro Monat: ca. 8,89\u20ac<\/strong><\/p>\n<p><strong>Kapazit\u00e4t der Beh\u00e4lter:<\/strong><br \/>\nEinf\u00fcllbeh\u00e4lter: ca.0,8 Liter<br \/>\nEntnahme Beh\u00e4lter:ca.2 Liter<\/p>\n<p><strong>Ma\u00dfe der Kanne: <\/strong><br \/>\n25,50 cm Hoch<br \/>\n24,00 cm Breit<br \/>\n12,00 cm Tief unten<\/p>\n<p>15,00 cm Tief oben<\/p>\n<\/div>\n","protected":false},"excerpt":{"rendered":"<p>Bester im Test! Maunawei Wasseraufbereitungssystem hat die besten Ergebnisse &#8211; ohne Elektrizit\u00e4t und Magnetismus. Kanne KINI ist einfach zu bedienen und bietet erstklassiges Trinkwasser.<\/p>\n","protected":false},"featured_media":83680,"comment_status":"closed","ping_status":"closed","template":"","meta":[],"product_brand":[],"product_cat":[1213,1464,1094,746,744],"product_tag":[1465,1244,1466,1246,1247],"class_list":{"0":"post-42764","1":"product","2":"type-product","3":"status-publish","4":"has-post-thumbnail","6":"product_cat-filtersystemer-de","7":"product_cat-pi-wasser-trinkwasser-quellwasser-wasserreinigung","8":"product_cat-trinkwasser","9":"product_cat-wasser-reinigung-de","10":"product_cat-wasserbelebung-de","11":"product_tag-drikkevann-de","12":"product_tag-filtersystem-de","13":"product_tag-rent-vann-de","14":"product_tag-vannfilter-de","15":"product_tag-vannrensing-de","16":"pa_farge-bla","17":"pa_farge-gronn","18":"pa_farge-hvit","19":"pa_farge-rod","20":"pa_farge-sort","22":"first","23":"instock","24":"taxable","25":"shipping-taxable","26":"purchasable","27":"product-type-simple"},"_links":{"self":[{"href":"https:\/\/helseforhandleren.no\/de\/wp-json\/wp\/v2\/product\/42764","targetHints":{"allow":["GET"]}}],"collection":[{"href":"https:\/\/helseforhandleren.no\/de\/wp-json\/wp\/v2\/product"}],"about":[{"href":"https:\/\/helseforhandleren.no\/de\/wp-json\/wp\/v2\/types\/product"}],"replies":[{"embeddable":true,"href":"https:\/\/helseforhandleren.no\/de\/wp-json\/wp\/v2\/comments?post=42764"}],"wp:featuredmedia":[{"embeddable":true,"href":"https:\/\/helseforhandleren.no\/de\/wp-json\/wp\/v2\/media\/83680"}],"wp:attachment":[{"href":"https:\/\/helseforhandleren.no\/de\/wp-json\/wp\/v2\/media?parent=42764"}],"wp:term":[{"taxonomy":"product_brand","embeddable":true,"href":"https:\/\/helseforhandleren.no\/de\/wp-json\/wp\/v2\/product_brand?post=42764"},{"taxonomy":"product_cat","embeddable":true,"href":"https:\/\/helseforhandleren.no\/de\/wp-json\/wp\/v2\/product_cat?post=42764"},{"taxonomy":"product_tag","embeddable":true,"href":"https:\/\/helseforhandleren.no\/de\/wp-json\/wp\/v2\/product_tag?post=42764"}],"curies":[{"name":"wp","href":"https:\/\/api.w.org\/{rel}","templated":true}]}}