{"id":42875,"date":"2021-02-19T11:40:24","date_gmt":"2021-02-19T11:40:24","guid":{"rendered":"http:\/\/helseforhandleren.no\/?post_type=product&#038;p=42875"},"modified":"2024-04-05T09:56:09","modified_gmt":"2024-04-05T09:56:09","slug":"maunawai-piprime-k2-bl-quelle-wasserfilter-mit-glasbehalter-blume-des-lebens-leitungswasserharte-weich-copy","status":"publish","type":"product","link":"https:\/\/helseforhandleren.no\/de\/geschaeft\/wasser\/trinkwasser\/filtersystemer-de\/maunawai-piprime-k2-bl-quelle-wasserfilter-mit-glasbehalter-blume-des-lebens-leitungswasserharte-weich-copy\/","title":{"rendered":"Maunawai PIPRIME K8 BL Quelle Wasserfilter mit Glasbeh\u00e4lter &#8222;Blume des Lebens&#8220; bei Leitungswasserh\u00e4rte hart"},"content":{"rendered":"<p>Wasserfiltersystem von Maunawai mit PIPRIME filtersystem f\u00fcr optimale Trinkwasserqualit\u00e4t.<\/p>\n<p>&nbsp;<\/p>\n<p>Das <strong>MAUNAWAI<\/strong> Wasserfiltersystem basiert auf der neuesten PI-Technologie. Aber was ist PI Technologie \u00fcberhaupt?<\/p>\n<p><strong>PI bedeutet Lebensenergie<\/strong><\/p>\n<p>Das PI-Symbol wurde bereits vor mehr als 5.000 Jahren von den Sumerern verwendet. Die Sumerer sind die \u00e4lteste bekannte Zivilisation in der Geschichte. In der Mitte des 4. Jahrhunderts B.C. sie wanderten aus dem Osten und S\u00fcdosten in das s\u00fcdliche Mesopotamien. PI wurde in ihrem Keilschrift-System verwendet, um Lebensenergie zu bezeichnen.<\/p>\n<p>&nbsp;<\/p>\n<p><strong>Von der Natur lernen<\/strong><\/p>\n<p>PI-Wasser wurde in den 1950er Jahren im Rahmen der pflanzenphysiologischen Forschung entdeckt. Der japanische Wissenschaftler Prof. Shoi YAMASHITA von der Universit\u00e4t Nagoya hat den Schwerpunkt auf die Pflanzenforschung gelegt und 1964 entdeckt, dass das lebende Wasser in Pflanzen sich in seinen physikalischen und biologischen Eigenschaften signifikant von Trink- und Quellwasser unterscheidet und dem des Menschen sehr \u00e4hnlich ist Wasser in unseren eigenen K\u00f6rperzellen. 1985 nannte YAMASHITA dieses lebende Wasser PI Wasser.<\/p>\n<p>&nbsp;<\/p>\n<p><strong>Das Ziel<\/strong><\/p>\n<p>Das ultimative Ziel der PI-Forschung ist die Umwandlung von Leitungswasser in lebendes PI-Wasser. Das heutige System wurde entwickelt, indem beobachtet wurde, was in der Natur geschieht. So simuliert das MAUNAWAI Wasserfiltersystem die Prozesse, die Wasser in der Natur durchl\u00e4uft.<\/p>\n<p>Das MAUNAWAI Wasserfiltersystem basiert auf den neuesten Erkenntnissen der PI-Forschung und ist eine etablierte, saubere Technologie, die Forschungsergebnisse f\u00fcr jedermann zug\u00e4nglich macht.<\/p>\n<p>&nbsp;<\/p>\n<p><strong>Einzigartig<\/strong><\/p>\n<p>Das verwendete Filtersystem wird speziell f\u00fcr MAUNAWAI hergestellt und ist nur in MAUNAWAI Wasserfiltersystemen erh\u00e4ltlich.<\/p>\n<p>&nbsp;<\/p>\n","protected":false},"excerpt":{"rendered":"<p>PIPRIME ist der einzigartige Filter, der Wasserqualit\u00e4t in Wasserqualit\u00e4t liefert &#8211; sauber und frisch und leicht absorbierbar.<\/p>\n<p>Der PIPRIME K8 hat einen 4l Wasserbeh\u00e4lter aus Kristallglas mit der Blume des Lebens, die in den Boden eingraviert ist. Entwickelt von der japanischen PI-Forschung und produziert in Deutschland. Eine Reihe von Langzeitstudien zeigen ungew\u00f6hnliche Ergebnisse: Lieferung mit Ger\u00e4t und Beh\u00e4lter, mit antimikrobiellem Kran, PIPRIME-Filter, Kalkfilter und Keramikfilter<\/p>\n<p>&nbsp;<\/p>\n<p>&nbsp;<\/p>\n","protected":false},"featured_media":83719,"comment_status":"closed","ping_status":"closed","template":"","meta":[],"product_brand":[],"product_cat":[1213,1464,1094,746,744],"product_tag":[1465,1244,1466,1246,1247],"class_list":{"0":"post-42875","1":"product","2":"type-product","3":"status-publish","4":"has-post-thumbnail","6":"product_cat-filtersystemer-de","7":"product_cat-pi-wasser-trinkwasser-quellwasser-wasserreinigung","8":"product_cat-trinkwasser","9":"product_cat-wasser-reinigung-de","10":"product_cat-wasserbelebung-de","11":"product_tag-drikkevann-de","12":"product_tag-filtersystem-de","13":"product_tag-rent-vann-de","14":"product_tag-vannfilter-de","15":"product_tag-vannrensing-de","17":"first","18":"instock","19":"taxable","20":"shipping-taxable","21":"purchasable","22":"product-type-simple"},"_links":{"self":[{"href":"https:\/\/helseforhandleren.no\/de\/wp-json\/wp\/v2\/product\/42875","targetHints":{"allow":["GET"]}}],"collection":[{"href":"https:\/\/helseforhandleren.no\/de\/wp-json\/wp\/v2\/product"}],"about":[{"href":"https:\/\/helseforhandleren.no\/de\/wp-json\/wp\/v2\/types\/product"}],"replies":[{"embeddable":true,"href":"https:\/\/helseforhandleren.no\/de\/wp-json\/wp\/v2\/comments?post=42875"}],"wp:featuredmedia":[{"embeddable":true,"href":"https:\/\/helseforhandleren.no\/de\/wp-json\/wp\/v2\/media\/83719"}],"wp:attachment":[{"href":"https:\/\/helseforhandleren.no\/de\/wp-json\/wp\/v2\/media?parent=42875"}],"wp:term":[{"taxonomy":"product_brand","embeddable":true,"href":"https:\/\/helseforhandleren.no\/de\/wp-json\/wp\/v2\/product_brand?post=42875"},{"taxonomy":"product_cat","embeddable":true,"href":"https:\/\/helseforhandleren.no\/de\/wp-json\/wp\/v2\/product_cat?post=42875"},{"taxonomy":"product_tag","embeddable":true,"href":"https:\/\/helseforhandleren.no\/de\/wp-json\/wp\/v2\/product_tag?post=42875"}],"curies":[{"name":"wp","href":"https:\/\/api.w.org\/{rel}","templated":true}]}}