{"id":43024,"date":"2021-02-19T12:12:06","date_gmt":"2021-02-19T12:12:06","guid":{"rendered":"http:\/\/helseforhandleren.no\/buttik\/unkategorisiert\/maunawai-peka-10-hausfilter-anlage-komplett\/"},"modified":"2024-04-05T09:57:01","modified_gmt":"2024-04-05T09:57:01","slug":"maunawai-peka-10-hausfilter-anlage-komplett","status":"publish","type":"product","link":"https:\/\/helseforhandleren.no\/de\/geschaeft\/wasser\/trinkwasser\/wasser-reinigung-de\/filter-de\/maunawai-peka-10-hausfilter-anlage-komplett\/","title":{"rendered":"Maunawai Peka 10 Hausfilter -Komplett-"},"content":{"rendered":"<p>PiConnect Hausanlage &#8222;Peka 10&#8243; mit Grundfilter, Intensivfilter, Kalkschutz und MAUNAWAI\u00ae Pi-Filter<\/p>\n<p>Peka ist eine Wasserfilteranlage f\u00fcr einzelne H\u00e4user, mehrere Wohneinheiten oder zur industriellen Anwendung. Es kann sowohl Stadt- als auch Brunnenwasser gefiltert werden. Bei der Filterung von Brunnenwasser empfehlen wir eine vorherige Wasseranalyse, um die Anlage optimal anpassen zu k\u00f6nnen.<\/p>\n<p>F\u00fcr beste Wasserqualit\u00e4t lassen sich 2-4 Filtermodule ganz nach Ihren w\u00fcnschen kombinieren. Kontaktieren Sie unser Service B\u00fcro, wir beraten Sie gerne!<br \/>\nAlle Filterteile sind NSF\u00ae-zertifiziert.<\/p>\n<p>Wasserleistung<\/p>\n<p>Die Wasserleistung ist von Ihrem Wasserdruck abh\u00e4ngig.<br \/>\nDas Peka System senkt den ankommenden Wasserdruck um ca. 0,5 bar.<\/p>\n<p>Peka 10\u201c ca. 30-40 l\/min.<\/p>\n<p>Peka 20\u201c ca. 50-60 l\/min.<\/p>\n<p>1) Grundfilter<br \/>\nZweistufiger Sedimentfilter aus Polypropylen-Schaum.<br \/>\nDer MAUNAWAI\u00ae Grundfilter hat eine dreifach h\u00f6here Schmutzaufnahmef\u00e4higkeit<br \/>\nim Vergleich zu herk\u00f6mmlichen Filterkartuschen \u00e4hnlicher Gr\u00f6\u00dfe.<br \/>\nIdeal um die folgenden Verunreinigungen aus dem Wasser zu beseitigen:<br \/>\n\u2022 Sand<br \/>\n\u2022 Schlamm<br \/>\n\u2022 Rost<br \/>\n\u2022 Bl\u00fctenstaub<br \/>\nund andere Schwebstoffe<\/p>\n<p>Filtrationsbereich: au\u00dfen 25 \u03bcm, innen 1 \u03bcm<\/p>\n<p>Die Filter-Porengr\u00f6\u00dfe wird \u201cvon au\u00dfen nach innen gesehen\u201c immer kleiner, die garantiert ein optimales Ausfiltern der Sedimente.<\/p>\n<p>In der \u00e4u\u00dferen Schicht werden zuerst alle Stoffe aufgehalten die gr\u00f6\u00dfer als 25 \u03bcm sind, in der inneren Schicht befindet sich ein zus\u00e4tzliches Filtervlies mit einer Filterdichte von 1 \u03bcm.<\/p>\n<p>Wechselintervall: ca. 12 Monate, abh\u00e4ngig von Ihrer Wasserqualit\u00e4t<\/p>\n<p>Kosten der Grund-Filterpatronen: 65,-\u20ac (f\u00fcr 1 Jahr)<\/p>\n<p>2) Intensivfilter<br \/>\nKarbon-Block-Filter aus Aktivkohle.<br \/>\nDer Wasserdruck nimmt trotz der hohen Feinheit der Filterkartusche nur um ca. 0,5 bar ab.<br \/>\nIdeal um die folgenden Verunreinigungen in Ihrem Wasser zu beseitigen:<br \/>\n\u2022 Ger\u00fcche und schlechter Geschmack im Wasser<br \/>\n\u2022 Chlor und \u00e4hnlichen unerw\u00fcnschten Stoffen<br \/>\n\u2022 Schwermetallen, wie z.B. Blei.<br \/>\n\u2022 organischen Verbindungen<\/p>\n<p>Filterfeinheit: 0,5 \u03bcm = 0,0005 mm. So ist es m\u00f6glich auch Hormon- und Medikamentenr\u00fcckst\u00e4nde zu reduzieren<\/p>\n<p>Wechselintervall: ca. 12 Monate, abh\u00e4ngig von Ihrer Wasserqualit\u00e4t<\/p>\n<p>Kosten der Intensiv-Filterpatronen: 109,-\u20ac (f\u00fcr 1 Jahr)<\/p>\n<p>3) Wasserkalkschutzfilter<\/p>\n<p>Chemiefreier Kalkschutz dank Biotechnologie<\/p>\n<p>Filtermaterial: Keramikgranulat mit einer speziellen Oberfl\u00e4che, \u00e4hnlich<br \/>\nwie bei Muscheln und Korallen.<\/p>\n<p>Vorteile<br \/>\n\u2022Mineralien bleiben im Wasser enthalten<br \/>\n\u2022das Wasser bleibt chemisch unver\u00e4ndert<br \/>\n\u2022ohne Salztabletten<br \/>\n\u2022ohne Ionentauscher<br \/>\n\u2022ohne Strom<br \/>\n\u2022ohne Abwasser<br \/>\n\u2022Verminderung von Kalkablagerungen<br \/>\n\u2022keine anhaftenden Kalkablagerungen an getrockneten Fl\u00e4chen<br \/>\n\u2022Abbau alter Kalkablagerungen in Rohren und Ger\u00e4ten<br \/>\n\u2022Aufbau einer Schutzschicht in den Rohren<br \/>\n\u2022wartungsfreie Technik<br \/>\nChemiefreier Kalkschutz<\/p>\n<p>Ohne Salztabletten, ohne Strom<\/p>\n<p>Die Kalkfilterpatrone nutzt Keramikgranulat mit einer speziell codierten Oberfl\u00e4che, um den Prozess der heterogenen Katalyse in Gang zu setzen. Ein \u00e4hnliches Verfahren kann man in der Natur bei Muscheln und Korallen beobachten.<br \/>\nDas Leitungswasser umstr\u00f6mt das Granulat. Auf der Granulatoberfl\u00e4che bilden sich automatisch und innerhalb von Sekunden kleine sogenannten \u201eImpfkristalle\u201c von wenigen zehntausendstel Millimetern.<br \/>\nDie im Wasser schwimmenden Impfkristalle werden in alle Leitungen und angeschlossenen Ger\u00e4te mitgef\u00fchrt. Sie fangen den Kalk ein und dieser haftet so im behandelten Wasser nirgendwo mehr an.<\/p>\n<p>Das Wasser wird in seiner chemischen Zusammensetzung nicht ver\u00e4ndert.<\/p>\n<p>Da die Mineralien im Wasser erhalten bleiben, \u00e4ndert sich der Messwert von TDS Ger\u00e4ten unter Umst\u00e4nden nicht.<\/p>\n<p>Nutzung: Bei einer Nutzung mit Trinkwasser ohne grobe Sedimente h\u00e4lt das Katalysator-Granulat ca. 3-5 Jahre. Durch grobe Verunreinigungen des Wassers kann sich die Oberfl\u00e4che des Granulates zusetzen und einen fr\u00fcheren Austausch erforderlich machen.<\/p>\n<p>In diesem Falle empfehlen wir eine Vorfilterung des Wassers mit unserem Grundfilter. F\u00fcr optimale Qualit\u00e4t und maximale Nutzungsdauer des Kalkschutz Filters sollte zus\u00e4tzlich auch der MAUNAWAI\u00ae Intensivfilter vorgeschaltet werden.<\/p>\n<p>Wechselintervall: ca. 3-5 Jahre, abh\u00e4ngig von Ihrer Wasserqualit\u00e4t.<\/p>\n<p>Kosten der Kalkschutz-Filterpatronen: 599,-\u20ac (f\u00fcr 3-5 Jahre)<\/p>\n<p>4) MAUNAWAI\u00ae Pi-Filter<\/p>\n<p>Die PI\u00ae Filterkartusche wurde eigens f\u00fcr das MAUNAWAI\u00ae Wasserfilter-System<br \/>\nentwickelt und bietet eine besonders hohe Wasserqualit\u00e4t.<\/p>\n<p>Vorteile:<br \/>\n\u2022 pH-Wert erh\u00f6ht sich<br \/>\n\u2022 gibt Sauerstoff ab<br \/>\n\u2022 antibakterielle Wirkung<br \/>\n\u2022 stabilisiert das Wasser<br \/>\n\u2022 feine Clusterbildung<br \/>\n\u2022 gibt Mineralien und Spurenelemente ab (TDS\/ppm Wert erh\u00f6ht sich)<\/p>\n<p>Filtermaterial: Kombination von \u00fcber 20 verschiedenen Keramikkugeln<\/p>\n<p>Die PI-Technologie wurde in den 60er Jahren in Japan entwickelt, um aus Leitungswasser bestes Trink-Wasser zu machen. Die Vorbilder waren die gro\u00dfen Heilquellen und das Leben selbst.<\/p>\n<p>Durch die Anwendung der f\u00fcnf Prinzipien in der MAUNAWAI\u00ae Kartusche \u2013 Filtration, Information, Optimierung, Harmonisierung und biologische Verf\u00fcgbarmachung \u2013 wird das Wasser nicht nur von unerw\u00fcnschten Stoffen gereinigt, sondern auch restrukturiert und erh\u00e4lt somit seine urspr\u00fcngliche Clusterform wieder zur\u00fcck.<\/p>\n<p>Der Natur nachempfunden, flie\u00dft das Wasser durch verschiedene Schichten von Maunawai  PI\u00ae- Filter aus Turmalin-Keramikkugeln, Zeolith-Elementen und EM Keramiken.<br \/>\nSo wie bei einem Bachlauf, der  eine Bergquelle entspringt, wird das Wasser durch diesen Vorgang neu strukturiert und erh\u00e4lt neue Informationen, die sich in den Wasserkristallaufnahmen des MAUNAWAI\u00ae Wassers widerspiegeln.<\/p>\n<p>Am Ende des Prozesses erhalten Sie bestes und lebendiges Wasser.<\/p>\n<p>Nutzung: Die MAUNAWAI\u00ae PI-Filterkartusche sollte nach 5 Jahren gewechselt werden.<\/p>\n<p>Kosten der PI-Ersatz-Filterpatronen: 610,-\u20ac (f\u00fcr 5 Jahre)<br \/>\nMa\u00dfe und Gewicht von Peka 10&#8220; Geh\u00e4use :<\/p>\n<p>Gesamth\u00f6he: 360mm (bis Oberkante Entl\u00fcftungsventil)<br \/>\nDurchmesser: 295 mm (Geh\u00e4usekopf mit Anschlussnippel)<br \/>\nLeergewicht: 2,4 kg<\/p>\n<p>Wenn Sie Informationen zu den gr\u00f6\u00dferen Versionen w\u00fcnschen, kontaktieren Sie unser Service B\u00fcro, wir beraten Sie gerne!<\/p>\n","protected":false},"excerpt":{"rendered":"<p>PiConnect Hausanlage &#8222;Peka 10&#8243; mit Grundfilter, Intensivfilter, Kalkschutz und MAUNAWAI\u00ae  [&#8230;]<\/p>\n","protected":false},"featured_media":83751,"comment_status":"closed","ping_status":"closed","template":"","meta":[],"product_brand":[],"product_cat":[1214,1213,1464,1094,746,744],"product_tag":[1465,1244,1466,1246,1247],"class_list":{"0":"post-43024","1":"product","2":"type-product","3":"status-publish","4":"has-post-thumbnail","6":"product_cat-filter-de","7":"product_cat-filtersystemer-de","8":"product_cat-pi-wasser-trinkwasser-quellwasser-wasserreinigung","9":"product_cat-trinkwasser","10":"product_cat-wasser-reinigung-de","11":"product_cat-wasserbelebung-de","12":"product_tag-drikkevann-de","13":"product_tag-filtersystem-de","14":"product_tag-rent-vann-de","15":"product_tag-vannfilter-de","16":"product_tag-vannrensing-de","18":"first","19":"instock","20":"taxable","21":"shipping-taxable","22":"purchasable","23":"product-type-simple"},"_links":{"self":[{"href":"https:\/\/helseforhandleren.no\/de\/wp-json\/wp\/v2\/product\/43024","targetHints":{"allow":["GET"]}}],"collection":[{"href":"https:\/\/helseforhandleren.no\/de\/wp-json\/wp\/v2\/product"}],"about":[{"href":"https:\/\/helseforhandleren.no\/de\/wp-json\/wp\/v2\/types\/product"}],"replies":[{"embeddable":true,"href":"https:\/\/helseforhandleren.no\/de\/wp-json\/wp\/v2\/comments?post=43024"}],"wp:featuredmedia":[{"embeddable":true,"href":"https:\/\/helseforhandleren.no\/de\/wp-json\/wp\/v2\/media\/83751"}],"wp:attachment":[{"href":"https:\/\/helseforhandleren.no\/de\/wp-json\/wp\/v2\/media?parent=43024"}],"wp:term":[{"taxonomy":"product_brand","embeddable":true,"href":"https:\/\/helseforhandleren.no\/de\/wp-json\/wp\/v2\/product_brand?post=43024"},{"taxonomy":"product_cat","embeddable":true,"href":"https:\/\/helseforhandleren.no\/de\/wp-json\/wp\/v2\/product_cat?post=43024"},{"taxonomy":"product_tag","embeddable":true,"href":"https:\/\/helseforhandleren.no\/de\/wp-json\/wp\/v2\/product_tag?post=43024"}],"curies":[{"name":"wp","href":"https:\/\/api.w.org\/{rel}","templated":true}]}}