{"id":43150,"date":"2021-02-19T14:24:51","date_gmt":"2021-02-19T14:24:51","guid":{"rendered":"http:\/\/helseforhandleren.no\/buttik\/unkategorisiert\/peka-10-hausfilter-grundfilter\/"},"modified":"2024-04-05T09:59:07","modified_gmt":"2024-04-05T09:59:07","slug":"peka-10-hausfilter-grundfilter","status":"publish","type":"product","link":"https:\/\/helseforhandleren.no\/de\/geschaeft\/wasser\/trinkwasser\/wasser-reinigung-de\/filter-de\/peka-10-hausfilter-grundfilter\/","title":{"rendered":"Peka 10 Hausfilter -Grundfilter-"},"content":{"rendered":"<p>PiConnect Hausanlage &#8222;Peka 10&#8220; mit Grundfilter<\/p>\n<p>Peka ist eine Wasserfilteranlage f\u00fcr einzelne H\u00e4user, mehrere Wohneinheiten oder zur industriellen Anwendung. Es kann sowohl Stadt- als auch Brunnenwasser gefiltert werden. Bei der Filterung von Brunnenwasser empfehlen wir eine vorherige Wasseranalyse, um die Anlage optimal anpassen zu k\u00f6nnen.<\/p>\n<p>F\u00fcr beste Wasserqualit\u00e4t lassen sich 2-4 Filtermodule ganz nach Ihren w\u00fcnschen kombinieren. Kontaktieren Sie unser Service B\u00fcro, wir beraten Sie gerne!<br \/>\nAlle Filterteile sind NSF\u00ae-zertifiziert.<\/p>\n<p>Wasserleistung<\/p>\n<p>Die Wasserleistung ist von Ihrem Wasserdruck abh\u00e4ngig.<br \/>\nDas Peka System senkt den ankommenden Wasserdruck um ca. 0,5 bar.<\/p>\n<p>Peka 10\u201c ca. 30-40 l\/min.<\/p>\n<p>Peka 20\u201c ca. 50-60 l\/min.<\/p>\n<p>1) Grundfilter<br \/>\nZweistufiger Sedimentfilter aus Polypropylen-Schaum.<br \/>\nDer MAUNAWAI\u00ae Grundfilter hat eine dreifach h\u00f6here Schmutzaufnahmef\u00e4higkeit<br \/>\nim Vergleich zu herk\u00f6mmlichen Filterkartuschen \u00e4hnlicher Gr\u00f6\u00dfe.<br \/>\nIdeal um die folgenden Verunreinigungen aus dem Wasser zu beseitigen:<br \/>\n\u2022 Sand<br \/>\n\u2022 Schlamm<br \/>\n\u2022 Rost<br \/>\n\u2022 Bl\u00fctenstaub<br \/>\nund andere Schwebstoffe<\/p>\n<p>Filtrationsbereich: au\u00dfen 25 \u03bcm, innen 1 \u03bcm<\/p>\n<p>Die Filter-Porengr\u00f6\u00dfe wird \u201cvon au\u00dfen nach innen gesehen\u201c immer kleiner, die garantiert ein optimales Ausfiltern der Sedimente.<\/p>\n<p>In der \u00e4u\u00dferen Schicht werden zuerst alle Stoffe aufgehalten die gr\u00f6\u00dfer als 25 \u03bcm sind, in der inneren Schicht befindet sich ein zus\u00e4tzliches Filtervlies mit einer Filterdichte von 1 \u03bcm.<\/p>\n<p>Wechselintervall: ca. 12 Monate, abh\u00e4ngig von Ihrer Wasserqualit\u00e4t<\/p>\n<p>Kosten der Grund-Filterpatronen: 65,-\u20ac (f\u00fcr 1 Jahr)<\/p>\n","protected":false},"excerpt":{"rendered":"<p>PiConnect Hausanlage &#8222;Peka 10&#8220; mit Grundfilter Peka ist eine Wasserfilteranlage  [&#8230;]<\/p>\n","protected":false},"featured_media":83828,"comment_status":"closed","ping_status":"closed","template":"","meta":[],"product_brand":[],"product_cat":[1214,1213,1464,1094,746,744],"product_tag":[1465,1244,1466,1246,1247],"class_list":{"0":"post-43150","1":"product","2":"type-product","3":"status-publish","4":"has-post-thumbnail","6":"product_cat-filter-de","7":"product_cat-filtersystemer-de","8":"product_cat-pi-wasser-trinkwasser-quellwasser-wasserreinigung","9":"product_cat-trinkwasser","10":"product_cat-wasser-reinigung-de","11":"product_cat-wasserbelebung-de","12":"product_tag-drikkevann-de","13":"product_tag-filtersystem-de","14":"product_tag-rent-vann-de","15":"product_tag-vannfilter-de","16":"product_tag-vannrensing-de","18":"first","19":"instock","20":"taxable","21":"shipping-taxable","22":"purchasable","23":"product-type-simple"},"_links":{"self":[{"href":"https:\/\/helseforhandleren.no\/de\/wp-json\/wp\/v2\/product\/43150","targetHints":{"allow":["GET"]}}],"collection":[{"href":"https:\/\/helseforhandleren.no\/de\/wp-json\/wp\/v2\/product"}],"about":[{"href":"https:\/\/helseforhandleren.no\/de\/wp-json\/wp\/v2\/types\/product"}],"replies":[{"embeddable":true,"href":"https:\/\/helseforhandleren.no\/de\/wp-json\/wp\/v2\/comments?post=43150"}],"wp:featuredmedia":[{"embeddable":true,"href":"https:\/\/helseforhandleren.no\/de\/wp-json\/wp\/v2\/media\/83828"}],"wp:attachment":[{"href":"https:\/\/helseforhandleren.no\/de\/wp-json\/wp\/v2\/media?parent=43150"}],"wp:term":[{"taxonomy":"product_brand","embeddable":true,"href":"https:\/\/helseforhandleren.no\/de\/wp-json\/wp\/v2\/product_brand?post=43150"},{"taxonomy":"product_cat","embeddable":true,"href":"https:\/\/helseforhandleren.no\/de\/wp-json\/wp\/v2\/product_cat?post=43150"},{"taxonomy":"product_tag","embeddable":true,"href":"https:\/\/helseforhandleren.no\/de\/wp-json\/wp\/v2\/product_tag?post=43150"}],"curies":[{"name":"wp","href":"https:\/\/api.w.org\/{rel}","templated":true}]}}