{"id":43153,"date":"2021-02-19T14:35:40","date_gmt":"2021-02-19T14:35:40","guid":{"rendered":"http:\/\/helseforhandleren.no\/?post_type=product&#038;p=43153"},"modified":"2024-04-05T09:59:29","modified_gmt":"2024-04-05T09:59:29","slug":"peka-10-hausfilter-grundfilter-3","status":"publish","type":"product","link":"https:\/\/helseforhandleren.no\/de\/geschaeft\/wasser\/trinkwasser\/wasser-reinigung-de\/filter-de\/peka-10-hausfilter-grundfilter-3\/","title":{"rendered":"Peka 10 Hausfilter -Kalkschutz-"},"content":{"rendered":"<p>PiConnect Hausanlage &#8222;Peka 10&#8243; Kalkschutz<\/p>\n<p>Peka ist eine Wasserfilteranlage f\u00fcr einzelne H\u00e4user, mehrere Wohneinheiten oder zur industriellen Anwendung. Es kann sowohl Stadt- als auch Brunnenwasser gefiltert werden. Bei der Filterung von Brunnenwasser empfehlen wir eine vorherige Wasseranalyse, um die Anlage optimal anpassen zu k\u00f6nnen.<\/p>\n<p>F\u00fcr beste Wasserqualit\u00e4t lassen sich 2-4 Filtermodule ganz nach Ihren w\u00fcnschen kombinieren. Kontaktieren Sie unser Service B\u00fcro, wir beraten Sie gerne!<\/p>\n<p>Alle Filterteile sind NSF\u00ae-zertifiziert.<\/p>\n<p>Wasserleistung<\/p>\n<p>Die Wasserleistung ist von Ihrem Wasserdruck abh\u00e4ngig.<br \/>\nDas Peka System senkt den ankommenden Wasserdruck um ca. 0,5 bar.<\/p>\n<p>Peka 10\u201c ca. 30-40 l\/min.<\/p>\n<p>Peka 20\u201c ca. 50-60 l\/min.<\/p>\n<p>Peka 30\u201c ca. 80-90 l\/min.<\/p>\n<p>Wasserkalkschutzfilter<\/p>\n<p>chemiefreier Kalkschutz dank Biotechnologie<\/p>\n<p>Filtermaterial: Keramikgranulat mit einer speziellen Oberfl\u00e4che, \u00e4hnlich<br \/>\nwie bei Muscheln und Korallen.<\/p>\n<p>Vorteile<br \/>\n\u2022Mineralien bleiben im Wasser enthalten<br \/>\n\u2022das Wasser bleibt chemisch unver\u00e4ndert<br \/>\n\u2022ohne Salztabeletten<br \/>\n\u2022ohne Ionentauscher<br \/>\n\u2022ohne Strom<br \/>\n\u2022ohne Abwasser<br \/>\n\u2022Verminderung von Kalkablagerungen<br \/>\n\u2022keine anhaftenden Kalkablagerungen an getrockneten Fl\u00e4chen<br \/>\n\u2022Abbau alter Kalkablagerungen in Rohren und Ger\u00e4ten<br \/>\n\u2022Aufbau einer Schutzschicht in den Rohren<br \/>\n\u2022wartungsfreie Technik<\/p>\n<p>chemiefreier Kalkschutz<\/p>\n<p>Ohne Salz-Tabletten, ohne Strom<\/p>\n<p>Die Kalkfilterpatrone nutzt Keramikgranulat mit einer speziell codierten Oberfl\u00e4che, um den Prozess der heterogenen Katalyse in Gang zu setzen. Ein \u00e4hnliches Verfahren kann man in der Natur bei Muscheln und Korallen beobachten.<br \/>\nDas Leitungswasser umstr\u00f6mt das Granulat. Auf der Granulatoberfl\u00e4che bilden sich automatisch und innerhalb von Sekunden kleine sogenannten \u201eImpfkristalle\u201c von wenigen zehntausendstel Millimetern.<br \/>\nDie im Wasser schwimmenden Impfkristalle werden in alle Leitungen und angeschlossenen Ger\u00e4te mitgef\u00fchrt. Sie fangen den Kalk ein und dieser haftet so im behandelten Wasser nirgendwo mehr an.<\/p>\n<p>Das Wasser wird in seiner chemischen Zusammensetzung nicht ver\u00e4ndert.<\/p>\n<p>Da die Mineralien im Wasser erhalten bleiben, \u00e4ndert sich der Messwert von TDS Ger\u00e4ten unter Umst\u00e4nden nicht.<\/p>\n<p>Nutzung: Bei ein Nutzung mit Trinkwasser ohne grobe Sedimente h\u00e4lt das Katalysator-Granulat ca. 3-5 Jahre. Durch grobe Verunreinigungen des Wassers kann sich die Oberfl\u00e4che des Granulates zusetzen und einen fr\u00fcheren Austausch erforderlich machen.<\/p>\n<p>In diesem Falle empfehlen wir eine Vorfilterung des Wassers mit unserem Grundfilter. F\u00fcr optimale Qulit\u00e4t und maximale Nutzungsdauer des Kalkschutz-Filters sollte zus\u00e4tzlich auch der MAUNAWAI\u00ae Intensivfilter vorgeschaltet werden.<\/p>\n<p>Wechselintervall: ca. 3-5 Jahre, abh\u00e4ngig von Ihrer Wasserqualit\u00e4t.<\/p>\n<p>Kosten der Kalkschutz-Filterpatronen: 599,-\u20ac (f\u00fcr3-5 Jahre)<\/p>\n<p>Ma\u00dfe und Gewicht von Peka 10&#8220; Geh\u00e4use:<\/p>\n<p>Gesamth\u00f6he: 360mm (bis Oberkante Entl\u00fcftungsventil)<br \/>\nDurchmesser: 295 mm (Geh\u00e4usekopf mit Anschlussnippel)<br \/>\nLeergewicht: 2,4 kg<\/p>\n<p>Wenn Sie Informationen zu den gr\u00f6\u00dferen Versionen w\u00fcnschen, kontaktieren Sie unser Service B\u00fcro, wir beraten Sie gerne!<\/p>\n","protected":false},"excerpt":{"rendered":"<p>PiConnect Hausanlage &#8222;Peka 10&#8243; Kalkschutz Peka ist eine Wasserfilteranlage f\u00fcr  [&#8230;]<\/p>\n","protected":false},"featured_media":83840,"comment_status":"closed","ping_status":"closed","template":"","meta":[],"product_brand":[],"product_cat":[1214,1213,1464,1094,746,744],"product_tag":[1465,1244,1466,1246,1247],"class_list":{"0":"post-43153","1":"product","2":"type-product","3":"status-publish","4":"has-post-thumbnail","6":"product_cat-filter-de","7":"product_cat-filtersystemer-de","8":"product_cat-pi-wasser-trinkwasser-quellwasser-wasserreinigung","9":"product_cat-trinkwasser","10":"product_cat-wasser-reinigung-de","11":"product_cat-wasserbelebung-de","12":"product_tag-drikkevann-de","13":"product_tag-filtersystem-de","14":"product_tag-rent-vann-de","15":"product_tag-vannfilter-de","16":"product_tag-vannrensing-de","18":"first","19":"instock","20":"taxable","21":"shipping-taxable","22":"purchasable","23":"product-type-simple"},"_links":{"self":[{"href":"https:\/\/helseforhandleren.no\/de\/wp-json\/wp\/v2\/product\/43153","targetHints":{"allow":["GET"]}}],"collection":[{"href":"https:\/\/helseforhandleren.no\/de\/wp-json\/wp\/v2\/product"}],"about":[{"href":"https:\/\/helseforhandleren.no\/de\/wp-json\/wp\/v2\/types\/product"}],"replies":[{"embeddable":true,"href":"https:\/\/helseforhandleren.no\/de\/wp-json\/wp\/v2\/comments?post=43153"}],"wp:featuredmedia":[{"embeddable":true,"href":"https:\/\/helseforhandleren.no\/de\/wp-json\/wp\/v2\/media\/83840"}],"wp:attachment":[{"href":"https:\/\/helseforhandleren.no\/de\/wp-json\/wp\/v2\/media?parent=43153"}],"wp:term":[{"taxonomy":"product_brand","embeddable":true,"href":"https:\/\/helseforhandleren.no\/de\/wp-json\/wp\/v2\/product_brand?post=43153"},{"taxonomy":"product_cat","embeddable":true,"href":"https:\/\/helseforhandleren.no\/de\/wp-json\/wp\/v2\/product_cat?post=43153"},{"taxonomy":"product_tag","embeddable":true,"href":"https:\/\/helseforhandleren.no\/de\/wp-json\/wp\/v2\/product_tag?post=43153"}],"curies":[{"name":"wp","href":"https:\/\/api.w.org\/{rel}","templated":true}]}}