{"id":43156,"date":"2021-02-19T14:36:10","date_gmt":"2021-02-19T14:36:10","guid":{"rendered":"http:\/\/helseforhandleren.no\/?post_type=product&#038;p=43156"},"modified":"2024-04-05T09:59:57","modified_gmt":"2024-04-05T09:59:57","slug":"peka-10-hausfilter-grundfilter-2","status":"publish","type":"product","link":"https:\/\/helseforhandleren.no\/de\/geschaeft\/wasser\/trinkwasser\/wasser-reinigung-de\/filter-de\/peka-10-hausfilter-grundfilter-2\/","title":{"rendered":"Peka 10 Hausfilter -Intensivfilter-"},"content":{"rendered":"<p>Maunawai PiConnect Hausanlage &#8222;Peka 10&#8243; mit  Intensivfilter<\/p>\n<p>Karbon-Block-Filter aus Aktivkohle.<br \/>\nDer Wasserdruck nimmt trotz der hohen Feinheit der Filterkartusche nur um ca. 0,5 bar ab.<\/p>\n<p>Ideal um die folgenden Verunreinigungen in Ihrem Wasser zu beseitigen:<\/p>\n<p>\u2022 Ger\u00fcche und schlechter Geschmack im Wasser<br \/>\n\u2022 Chlor und \u00e4hnlichen unerw\u00fcnschten Stoff en<br \/>\n\u2022 Schwermetallen, wie z.B. Blei.<br \/>\n\u2022 organischen Verbindungen<\/p>\n<p>Filterfeinheit: 0,5 \u03bcm = 0,0005 mm. So ist es m\u00f6glich auch Hormon- und Medikamentenr\u00fcckst\u00e4nde zu reduzieren<\/p>\n<p>Wasserleistung:<\/p>\n<p>Peka 10\u201c ca. 30-40 l\/min.<\/p>\n<p>Peka 20\u201c ca. 50-60 l\/min.<\/p>\n<p>Wechselintervall: ca. 12 Monate, abh\u00e4ngig von Ihrer Wasserqualit\u00e4t<\/p>\n<p>Kosten der Intensiv-Filterpatronen: 109,-\u20ac (f\u00fcr 1 Jahr)<\/p>\n<p>Ma\u00dfe und Gewicht von Peka 10&#8220; Geh\u00e4use :<\/p>\n<p>Gesamth\u00f6he: 360mm (bis Oberkante Entl\u00fcftungsventil)<br \/>\nDurchmesser: 295 mm (Geh\u00e4usekopf mit Anschlussnippel)<br \/>\nLeergewicht: 2,4 kg<\/p>\n<p>Wenn Sie Informationen zu den gr\u00f6\u00dferen Versionen w\u00fcnschen, kontaktieren Sie unser Service B\u00fcro, wir beraten Sie gerne!<\/p>\n","protected":false},"excerpt":{"rendered":"<p>Maunawai PiConnect Hausanlage &#8222;Peka 10&#8243; mit Intensivfilter Karbon-Block-Filter aus Aktivkohle.  [&#8230;]<\/p>\n","protected":false},"featured_media":83858,"comment_status":"closed","ping_status":"closed","template":"","meta":[],"product_brand":[],"product_cat":[1214,1213,1464,1094,746,744],"product_tag":[1465,1244,1466,1246,1247],"class_list":{"0":"post-43156","1":"product","2":"type-product","3":"status-publish","4":"has-post-thumbnail","6":"product_cat-filter-de","7":"product_cat-filtersystemer-de","8":"product_cat-pi-wasser-trinkwasser-quellwasser-wasserreinigung","9":"product_cat-trinkwasser","10":"product_cat-wasser-reinigung-de","11":"product_cat-wasserbelebung-de","12":"product_tag-drikkevann-de","13":"product_tag-filtersystem-de","14":"product_tag-rent-vann-de","15":"product_tag-vannfilter-de","16":"product_tag-vannrensing-de","18":"first","19":"instock","20":"taxable","21":"shipping-taxable","22":"purchasable","23":"product-type-simple"},"_links":{"self":[{"href":"https:\/\/helseforhandleren.no\/de\/wp-json\/wp\/v2\/product\/43156","targetHints":{"allow":["GET"]}}],"collection":[{"href":"https:\/\/helseforhandleren.no\/de\/wp-json\/wp\/v2\/product"}],"about":[{"href":"https:\/\/helseforhandleren.no\/de\/wp-json\/wp\/v2\/types\/product"}],"replies":[{"embeddable":true,"href":"https:\/\/helseforhandleren.no\/de\/wp-json\/wp\/v2\/comments?post=43156"}],"wp:featuredmedia":[{"embeddable":true,"href":"https:\/\/helseforhandleren.no\/de\/wp-json\/wp\/v2\/media\/83858"}],"wp:attachment":[{"href":"https:\/\/helseforhandleren.no\/de\/wp-json\/wp\/v2\/media?parent=43156"}],"wp:term":[{"taxonomy":"product_brand","embeddable":true,"href":"https:\/\/helseforhandleren.no\/de\/wp-json\/wp\/v2\/product_brand?post=43156"},{"taxonomy":"product_cat","embeddable":true,"href":"https:\/\/helseforhandleren.no\/de\/wp-json\/wp\/v2\/product_cat?post=43156"},{"taxonomy":"product_tag","embeddable":true,"href":"https:\/\/helseforhandleren.no\/de\/wp-json\/wp\/v2\/product_tag?post=43156"}],"curies":[{"name":"wp","href":"https:\/\/api.w.org\/{rel}","templated":true}]}}