{"id":43170,"date":"2021-02-19T14:51:16","date_gmt":"2021-02-19T14:51:16","guid":{"rendered":"http:\/\/helseforhandleren.no\/?post_type=product&#038;p=43170"},"modified":"2024-04-05T10:00:46","modified_gmt":"2024-04-05T10:00:46","slug":"peka-10-hausfilter-intensivfilter-copy","status":"publish","type":"product","link":"https:\/\/helseforhandleren.no\/de\/geschaeft\/wasser\/trinkwasser\/wasser-reinigung-de\/filter-de\/peka-10-hausfilter-intensivfilter-copy\/","title":{"rendered":"Peka 10 Hausfilter mit MAUNAWAI Pi-Filter"},"content":{"rendered":"<p>PiConnect Hausanlage &#8222;Peka 10&#8243; MAUNAWAI\u00ae Pi-Filter<\/p>\n<p>Peka ist eine Wasserfilteranlage f\u00fcr einzelne H\u00e4user, mehrere Wohneinheiten oder zur industriellen Anwendung. Es kann sowohl Stadt- als auch Brunnenwasser gefiltert werden. Bei der Filterung von Brunnenwasser empfehlen wir eine vorherige Wasseranalyse, um die Anlage optimal anpassen zu k\u00f6nnen.<\/p>\n<p>F\u00fcr beste Wasserqualit\u00e4t lassen sich 2-4 Filtermodule ganz nach Ihren w\u00fcnschen kombinieren. Kontaktieren Sie unser Service B\u00fcro, wir beraten Sie gerne!<\/p>\n<p>Alle Filterteile sind NSF\u00ae-zertifiziert.<\/p>\n<p>Wasserleistung<\/p>\n<p>Die Wasserleistung ist von Ihrem Wasserdruck abh\u00e4ngig.<br \/>\nDas Peka System senkt den ankommenden Wasserdruck um ca. 0,5 bar.<br \/>\nMAUNAWAI\u00ae Pi-Filter<\/p>\n<p>Die PI\u00ae Filterkartusche wurde eigens f\u00fcr das MAUNAWAI\u00ae Wasserfilter-System<br \/>\nentwickelt und bietet eine besonders hohe Wasserqualit\u00e4t.<\/p>\n<p>Vorteile:<br \/>\n\u2022 pH-Wert erh\u00f6ht sich<br \/>\n\u2022 gibt Sauerstoff ab<br \/>\n\u2022 antibakterielle Wirkung<br \/>\n\u2022 stabilisiert das Wasser<br \/>\n\u2022 feine Clusterbildung<br \/>\n\u2022 gibt Mineralien und Spurenelemente ab (TDS\/ppm Wert erh\u00f6ht sich)<\/p>\n<p>Filtermaterial: Kombination von \u00fcber 20 verschiedenen Keramikkugeln<\/p>\n<p>Die PI-Technologie wurde in den 60er Jahren in Japan entwickelt, um aus Leitungswasser bestes Trink-Wasser zu machen. Die Vorbilder waren die gro\u00dfen Heilquellen und das Leben selbst.<\/p>\n<p>Durch die Anwendung der f\u00fcnf Prinzipien in der MAUNAWAI\u00ae Kartusche \u2013 Filtration, Information, Optimierung, Harmonisierung und biologische Verf\u00fcgbarmachung \u2013 wird das Wasser nicht nur von unerw\u00fcnschten Stoffen gereinigt, sondern auch restrukturiert und erh\u00e4lt somit seine urspr\u00fcngliche Clusterform wieder zur\u00fcck.<\/p>\n<p>Der Natur nachempfunden, flie\u00dft das Wasser durch verschiedene Schichten von Maunawai  PI\u00ae- Filter aus Turmalin-Keramikkugeln, Zeolith-Elementen und EM Keramiken.<br \/>\nSo wie bei einem Bachlauf, der  eine Bergquelle entspringt, wird das Wasser durch diesen Vorgang neu strukturiert und erh\u00e4lt neue Informationen, die sich in den Wasserkristallaufnahmen des MAUNAWAI\u00ae Wassers widerspiegeln.<\/p>\n<p>Am Ende des Prozesses erhalten Sie bestes und lebendiges Wasser.<\/p>\n<p>Nutzung: Die MAUNAWAI\u00ae PI-Filterkartusche sollte nach 5 Jahren gewechselt werden.<\/p>\n<p>Kosten der PI-Ersatz-Filterpatronen: 610,-\u20ac (f\u00fcr 5 Jahre)<br \/>\nMa\u00dfe und Gewicht von Peka 10&#8220; Geh\u00e4use :<\/p>\n<p>Gesamth\u00f6he: 360mm (bis Oberkante Entl\u00fcftungsventil)<br \/>\nDurchmesser: 295 mm (Geh\u00e4usekopf mit Anschlussnippel)<br \/>\nLeergewicht: 2,4 kg<\/p>\n<p>Wenn Sie Informationen zu den gr\u00f6\u00dferen Versionen w\u00fcnschen, kontaktieren Sie unser Service B\u00fcro, wir beraten Sie gerne!<\/p>\n","protected":false},"excerpt":{"rendered":"<p>PiConnect Hausanlage &#8222;Peka 10&#8243; MAUNAWAI\u00ae Pi-Filter Peka ist eine Wasserfilteranlage  [&#8230;]<\/p>\n","protected":false},"featured_media":83882,"comment_status":"closed","ping_status":"closed","template":"","meta":[],"product_brand":[],"product_cat":[1214,1213,1464,1094,746,744],"product_tag":[1465,1244,1466,1246,1247],"class_list":{"0":"post-43170","1":"product","2":"type-product","3":"status-publish","4":"has-post-thumbnail","6":"product_cat-filter-de","7":"product_cat-filtersystemer-de","8":"product_cat-pi-wasser-trinkwasser-quellwasser-wasserreinigung","9":"product_cat-trinkwasser","10":"product_cat-wasser-reinigung-de","11":"product_cat-wasserbelebung-de","12":"product_tag-drikkevann-de","13":"product_tag-filtersystem-de","14":"product_tag-rent-vann-de","15":"product_tag-vannfilter-de","16":"product_tag-vannrensing-de","18":"first","19":"instock","20":"taxable","21":"shipping-taxable","22":"purchasable","23":"product-type-simple"},"_links":{"self":[{"href":"https:\/\/helseforhandleren.no\/de\/wp-json\/wp\/v2\/product\/43170","targetHints":{"allow":["GET"]}}],"collection":[{"href":"https:\/\/helseforhandleren.no\/de\/wp-json\/wp\/v2\/product"}],"about":[{"href":"https:\/\/helseforhandleren.no\/de\/wp-json\/wp\/v2\/types\/product"}],"replies":[{"embeddable":true,"href":"https:\/\/helseforhandleren.no\/de\/wp-json\/wp\/v2\/comments?post=43170"}],"wp:featuredmedia":[{"embeddable":true,"href":"https:\/\/helseforhandleren.no\/de\/wp-json\/wp\/v2\/media\/83882"}],"wp:attachment":[{"href":"https:\/\/helseforhandleren.no\/de\/wp-json\/wp\/v2\/media?parent=43170"}],"wp:term":[{"taxonomy":"product_brand","embeddable":true,"href":"https:\/\/helseforhandleren.no\/de\/wp-json\/wp\/v2\/product_brand?post=43170"},{"taxonomy":"product_cat","embeddable":true,"href":"https:\/\/helseforhandleren.no\/de\/wp-json\/wp\/v2\/product_cat?post=43170"},{"taxonomy":"product_tag","embeddable":true,"href":"https:\/\/helseforhandleren.no\/de\/wp-json\/wp\/v2\/product_tag?post=43170"}],"curies":[{"name":"wp","href":"https:\/\/api.w.org\/{rel}","templated":true}]}}