{"id":43281,"date":"2021-02-19T15:23:44","date_gmt":"2021-02-19T15:23:44","guid":{"rendered":"http:\/\/helseforhandleren.no\/buttik\/unkategorisiert\/neu-kanne-kini-tischwasserfilter-wechselset\/"},"modified":"2024-04-05T10:02:22","modified_gmt":"2024-04-05T10:02:22","slug":"neu-kanne-kini-tischwasserfilter-wechselset","status":"publish","type":"product","link":"https:\/\/helseforhandleren.no\/de\/geschaeft\/wasser\/trinkwasser\/wasser-reinigung-de\/filter-de\/neu-kanne-kini-tischwasserfilter-wechselset\/","title":{"rendered":"NEU Kanne Kini Tischwasserfilter + Wechselset"},"content":{"rendered":"<p>Vom Design bis zur Fertigung 100% made in germany.<\/p>\n<p>Durch die Anwendung der f\u00fcnf Prinzipien in der MAUNAWAI Kanne<\/p>\n<p>    Filtration,<br \/>\n    Information<br \/>\n    Optimierung<br \/>\n    Harmonisierung<br \/>\n    biologische Verf\u00fcgbarmachung<\/p>\n<p>\u2013 wird das Wasser nicht nur von unerw\u00fcnschten &#8211; sowie Schadstoffen gereinigt, sondern auch restrukturiert und erh\u00e4lt somit seine urspr\u00fcngliche Clusterform wieder zur\u00fcck. Die Mineralien bleiben dem Wasser dabei erhalten.<br \/>\nDie geometrische Linienf\u00fchrung unserer Kanne ist dieser kristallinen Struktur des MAUNAWAI Wassers nachempfunden.<\/p>\n<p>Sehr gut geeignet f\u00fcr kleine Haushalte, f\u00fcr Unterwegs oder im B\u00fcro.<\/p>\n<p>Die erste Kanne aus SMMA N30<\/p>\n<p>Dieses Material findet sonst nur Anwendung im medizinischen Bereich, da es selbst bei gr\u00f6\u00dfter Belastung keine messbaren Stoffe abgibt. Es erf\u00fcllt die allerh\u00f6chsten Anforderungen bzgl. Biokompatibilit\u00e4t (ISO 10993) und Lebensmittelvertr\u00e4glichkeit (FDA)<\/p>\n<p>Wir haben lange gesucht und getestet bis wir uns f\u00fcr diesen Kunststoff entschieden haben, da es all unseren Erwartungen, sowie denen der EU Richtlinie, entspricht.<br \/>\nUnd das Beste daran: Es ist zu 100% recycelbar.<\/p>\n<p>Nachhaltigkeit<\/p>\n<p>Mit dem Startschuss der neuen Kini Kanne und deren Wiederverwertbarkeit, haben wir auch die komplette Verpackung umgestellt. Diese besteht nun aus 100% recycelbarem Altpapier, frei von Lack.<br \/>\nTragen auch Sie Ihren Teil zum Umweltschutz bei und achten Sie auf unsere Tipps zur Entsorgung der Kartuschen!<\/p>\n<p>Lieferumfang:<\/p>\n<p>    Kanne aus lebensmittelechtem SMMA Kunststoff, enth\u00e4lt keine Weichmacher<br \/>\n    2x PI-Filterkartusche<br \/>\n    2x Kalkfilter-Pad<br \/>\n    1x Deckel f\u00fcr das Pad<br \/>\n    Bedienungsanleitung in 2 Sprachen (D\/E) mit Wechselintervall<\/p>\n<p>Wechselintervall:<\/p>\n<p>PI-Filterkartusche  3 Monate<br \/>\nKalkfilter-Pad        3 Monate<\/p>\n<p>Kapazit\u00e4t der Beh\u00e4lter:<br \/>\nEinf\u00fcllbeh\u00e4lter: 0,8 Liter<br \/>\nEntnahmebeh\u00e4lter: 2 Liter<\/p>\n<p>Ma\u00dfe der Kanne:<br \/>\n25,50 cm hoch<br \/>\n24,00 cm breit<br \/>\n12,00 cm tief unten<br \/>\n15,00 cm tief oben<\/p>\n","protected":false},"excerpt":{"rendered":"<p>Vom Design bis zur Fertigung 100% made in germany. Durch  [&#8230;]<\/p>\n","protected":false},"featured_media":83913,"comment_status":"closed","ping_status":"closed","template":"","meta":[],"product_brand":[],"product_cat":[1214,1213,1464,1094,746,744],"product_tag":[1465,1244,1466,1246,1247],"class_list":{"0":"post-43281","1":"product","2":"type-product","3":"status-publish","4":"has-post-thumbnail","6":"product_cat-filter-de","7":"product_cat-filtersystemer-de","8":"product_cat-pi-wasser-trinkwasser-quellwasser-wasserreinigung","9":"product_cat-trinkwasser","10":"product_cat-wasser-reinigung-de","11":"product_cat-wasserbelebung-de","12":"product_tag-drikkevann-de","13":"product_tag-filtersystem-de","14":"product_tag-rent-vann-de","15":"product_tag-vannfilter-de","16":"product_tag-vannrensing-de","17":"pa_farge-blau","18":"pa_farge-grun","19":"pa_farge-rot","20":"pa_farge-weis","22":"first","23":"instock","24":"taxable","25":"shipping-taxable","26":"purchasable","27":"product-type-variable"},"_links":{"self":[{"href":"https:\/\/helseforhandleren.no\/de\/wp-json\/wp\/v2\/product\/43281","targetHints":{"allow":["GET"]}}],"collection":[{"href":"https:\/\/helseforhandleren.no\/de\/wp-json\/wp\/v2\/product"}],"about":[{"href":"https:\/\/helseforhandleren.no\/de\/wp-json\/wp\/v2\/types\/product"}],"replies":[{"embeddable":true,"href":"https:\/\/helseforhandleren.no\/de\/wp-json\/wp\/v2\/comments?post=43281"}],"wp:featuredmedia":[{"embeddable":true,"href":"https:\/\/helseforhandleren.no\/de\/wp-json\/wp\/v2\/media\/83913"}],"wp:attachment":[{"href":"https:\/\/helseforhandleren.no\/de\/wp-json\/wp\/v2\/media?parent=43281"}],"wp:term":[{"taxonomy":"product_brand","embeddable":true,"href":"https:\/\/helseforhandleren.no\/de\/wp-json\/wp\/v2\/product_brand?post=43281"},{"taxonomy":"product_cat","embeddable":true,"href":"https:\/\/helseforhandleren.no\/de\/wp-json\/wp\/v2\/product_cat?post=43281"},{"taxonomy":"product_tag","embeddable":true,"href":"https:\/\/helseforhandleren.no\/de\/wp-json\/wp\/v2\/product_tag?post=43281"}],"curies":[{"name":"wp","href":"https:\/\/api.w.org\/{rel}","templated":true}]}}