{"id":43408,"date":"2021-02-19T17:44:40","date_gmt":"2021-02-19T17:44:40","guid":{"rendered":"http:\/\/helseforhandleren.no\/buttik\/unkategorisiert\/aunawai-reisflaske\/"},"modified":"2024-04-05T10:02:55","modified_gmt":"2024-04-05T10:02:55","slug":"maunawai-reisflaske","status":"publish","type":"product","link":"https:\/\/helseforhandleren.no\/de\/geschaeft\/wasser\/trinkwasser\/wasser-reinigung-de\/filter-de\/maunawai-reisflaske\/","title":{"rendered":"MAUNAWAI\u00ae Reiseflasche 750 ml"},"content":{"rendered":"<p>MAUNAWAI\u00ae REISEFLASCHE<\/p>\n<p>Auch auf Reisen in k\u00fcrzester Zeit leckeres MAUNAWAI\u00ae Wasser!<\/p>\n<p>Zuverl\u00e4ssig, schnell und unkompliziert. Es sind keine weiteren Hilfsmittel erforderlich. Das Geh\u00e4use ist leicht und robust &#8211; auch f\u00fcr den Au\u00dfenbereich. Die Flaschen k\u00f6nnen leicht geschlossen und gleichzeitig als Trinkflasche verwendet werden. Alle Teile sind einzeln faltbar und sehr leicht zu reinigen. Ideal auch zum Radfahren: Ihre neue Trinkflasche passt auf fast alle Fahrradhalterungen. Der enge Klappdeckel mit Dichtring und Metallfeder erm\u00f6glicht Auslaufschutz und Stabilit\u00e4t<\/p>\n<p>EIGENSCHAFTEN UND VORTEILE<br \/>\n\u00b7 Stabilisiert das Wasser<br \/>\n\u00b7 Feine Clusterbildung<br \/>\n\u00b7 Entsorgung von Mineralien und Spurenelementen<br \/>\n\u00b7 Der PH-Wert steigt an<br \/>\n\u00b7 Antibakterielle Wirkung<br \/>\n\u00b7 Revitalisiert das Wasser<\/p>\n<p>Das in die Flasche eingef\u00fcllte Wasser wird durch Dr\u00fccken der Flasche durch den Filter gedr\u00fcckt. Das Saugen an der Flasche ist nicht notwendig.<\/p>\n","protected":false},"excerpt":{"rendered":"<p>MAUNAWAI\u00ae REISEFLASCHE Auch auf Reisen in k\u00fcrzester Zeit leckeres MAUNAWAI\u00ae  [&#8230;]<\/p>\n","protected":false},"featured_media":83946,"comment_status":"closed","ping_status":"closed","template":"","meta":[],"product_brand":[],"product_cat":[1214,1213,1464,1094,746,744],"product_tag":[1465,1244,1466,1246,1247],"class_list":{"0":"post-43408","1":"product","2":"type-product","3":"status-publish","4":"has-post-thumbnail","6":"product_cat-filter-de","7":"product_cat-filtersystemer-de","8":"product_cat-pi-wasser-trinkwasser-quellwasser-wasserreinigung","9":"product_cat-trinkwasser","10":"product_cat-wasser-reinigung-de","11":"product_cat-wasserbelebung-de","12":"product_tag-drikkevann-de","13":"product_tag-filtersystem-de","14":"product_tag-rent-vann-de","15":"product_tag-vannfilter-de","16":"product_tag-vannrensing-de","18":"first","19":"instock","20":"taxable","21":"shipping-taxable","22":"purchasable","23":"product-type-simple"},"_links":{"self":[{"href":"https:\/\/helseforhandleren.no\/de\/wp-json\/wp\/v2\/product\/43408","targetHints":{"allow":["GET"]}}],"collection":[{"href":"https:\/\/helseforhandleren.no\/de\/wp-json\/wp\/v2\/product"}],"about":[{"href":"https:\/\/helseforhandleren.no\/de\/wp-json\/wp\/v2\/types\/product"}],"replies":[{"embeddable":true,"href":"https:\/\/helseforhandleren.no\/de\/wp-json\/wp\/v2\/comments?post=43408"}],"wp:featuredmedia":[{"embeddable":true,"href":"https:\/\/helseforhandleren.no\/de\/wp-json\/wp\/v2\/media\/83946"}],"wp:attachment":[{"href":"https:\/\/helseforhandleren.no\/de\/wp-json\/wp\/v2\/media?parent=43408"}],"wp:term":[{"taxonomy":"product_brand","embeddable":true,"href":"https:\/\/helseforhandleren.no\/de\/wp-json\/wp\/v2\/product_brand?post=43408"},{"taxonomy":"product_cat","embeddable":true,"href":"https:\/\/helseforhandleren.no\/de\/wp-json\/wp\/v2\/product_cat?post=43408"},{"taxonomy":"product_tag","embeddable":true,"href":"https:\/\/helseforhandleren.no\/de\/wp-json\/wp\/v2\/product_tag?post=43408"}],"curies":[{"name":"wp","href":"https:\/\/api.w.org\/{rel}","templated":true}]}}