{"id":43806,"date":"2021-02-20T09:36:13","date_gmt":"2021-02-20T09:36:13","guid":{"rendered":"http:\/\/helseforhandleren.no\/buttik\/unkategorisiert\/maunawai-maunawai-bio-waschball-set-mit-wascheduft\/"},"modified":"2024-04-05T10:03:27","modified_gmt":"2024-04-05T10:03:27","slug":"maunawai-maunawai-bio-waschball-set-mit-wascheduft","status":"publish","type":"product","link":"https:\/\/helseforhandleren.no\/de\/geschaeft\/wasser\/trinkwasser\/wasser-reinigung-de\/filter-de\/maunawai-maunawai-bio-waschball-set-mit-wascheduft\/","title":{"rendered":"MAUNAWAI\u00ae Maunawai Bio-Waschball-Set mit W\u00e4scheduft"},"content":{"rendered":"<p>PI-Bio-Waschball im Set  f\u00fcr Mensch und Umwelt!<\/p>\n<p>MAUNAWAI\u00ae Bio-Waschball mit PI-Keramiken,<\/p>\n<p>Zum Waschen ohne oder mit stark reduziertem Waschmittel<br \/>\nLieferumfang:<\/p>\n<p>1.) Bio-Waschball mit PI-Keramiken,<\/p>\n<p>2.) Sonett Bleichkomplex und Fleckenentferner,Bio<\/p>\n<p>3.) Sonett Gallseife Bio<\/p>\n<p>4.) W\u00e4scheduft Bio<\/p>\n<p>1.)Bio-Waschball mit PI-Keramiken<\/p>\n<p>Vorteile der Bio-Waschball:<br \/>\n\u00b7 ersetzt Waschpulver um bis zu 100%<br \/>\n\u00b7 frei von Chemie (Tenside) und k\u00fcnstlichen Aromen<br \/>\n\u00b7 Ideal f\u00fcr sensible Haut und Allergiker<br \/>\n\u00b7 waschen bei 30\u00b0C ausreichend<br \/>\n\u00b7 spart Waschmittel, Strom, Wasser und Geld<br \/>\n\u00b7 kein Ausbleichen, Buntw\u00e4sche beh\u00e4lt ihre Farbe<br \/>\n\u00b7 keine sch\u00e4dlichen R\u00fcckst\u00e4nde in der W\u00e4sche<br \/>\n\u00b7 entfernt zuverl\u00e4ssig alle Ger\u00fcche aus der W\u00e4sche<br \/>\n\u00b7 Lebensdauer etwa 3\u20134 Jahre bzw. 1000 Waschg\u00e4nge<br \/>\n\u00b7 hergestellt aus recyceltem Kunststoff mit nat\u00fcrlichem Jasmin \u00d6l<br \/>\n\u00b7 verleit Ihrer W\u00e4sche einen leichten und angenehmen Jasmin Duft<\/p>\n<p>Durch die Verwendung verschiedener Pi-BioCera-Keramiken<\/p>\n<p>\u00b7 wird die Oberfl\u00e4chenspannung verbessert,<\/p>\n<p>\u00b7 nimmt die Waschf\u00e4higkeit zu,<\/p>\n<p>\u00b7 der pH-Wert wird erh\u00f6ht,<\/p>\n<p>\u00b7 das Wasser wird alkalischer<\/p>\n<p>\u00b7 durch Infrarotwellen aktiviert<\/p>\n<p>\u00b7 Sauerstoff wird erh\u00f6ht<\/p>\n<p>\u00b7 Chlor wird gebunden<\/p>\n<p>\u00b7 Wassercluster werden verkleinert<\/p>\n<p>Alle Keramikkugeln haben ein spezielles Herstellungsverfahren durchlaufen, bei dem die Keramiken mit der jeweiligen Substanz vermischt werden. Durch das Zusammenspiel dieser einzigartigen Kombination erzielen Sie beste Waschergebnisse.<\/p>\n<p>Material: Der Bio-Waschball besteht aus weichem, umweltfreundlichem Recyclingmaterial (SEBS) mit nat\u00fcrlichem Jasmin \u00d6l.<\/p>\n<p>Keramiken: Die verwendeten Keramiken sind nach dem internationalen Standard der NSF\/ANSI (Standard-042) f\u00fcr Trinkwasserbehandlung getestet und zertifiziert.<\/p>\n<p>2.)Sonett Bleichkomplex und Fleckentferner 450g<br \/>\nMit reinem Sauerstoff, ohne Erd\u00f6lchemie<\/p>\n<p>    f\u00fcr alle waschbaren wei\u00dfen und farbechten Textilien aus Baumwolle, Leinen, Hanf und Mischgewebe<br \/>\n    entfernt alle oxidierbaren Flecken wie Obst, Rotwein, Tee, Kaffee, Gras, Blut usw.<br \/>\n    beugt der Vergrauung von wei\u00dfer W\u00e4sche vor<br \/>\n    hellt vergilbte oder graue W\u00e4sche wieder auf<\/p>\n<p>3.) Sonett Gallseife 100g<br \/>\nZur vielseitigen Fleckentfernung<\/p>\n<p>    Sehr ergiebiges Fleckenmittel<\/p>\n<p>    wirksam gegen Flecken von Obst, Blut, Gras, Tinte, Fett etc.<br \/>\n    100% biologisch abbaubar<\/p>\n<p>4.) Bio W\u00e4scheduft 10 ml<br \/>\nBestens geeignet f\u00fcr den Sp\u00fclgang.<br \/>\nDie W\u00e4sche duftet nach nat\u00fcrlichen \u00c4therischen \u00d6len.<\/p>\n","protected":false},"excerpt":{"rendered":"<p>PI-Bio-Waschball im Set f\u00fcr Mensch und Umwelt! MAUNAWAI\u00ae Bio-Waschball mit  [&#8230;]<\/p>\n","protected":false},"featured_media":83963,"comment_status":"closed","ping_status":"closed","template":"","meta":[],"product_brand":[],"product_cat":[1214,1213,1464,1094,746,744],"product_tag":[1465,1244,1466,1246,1247],"class_list":{"0":"post-43806","1":"product","2":"type-product","3":"status-publish","4":"has-post-thumbnail","6":"product_cat-filter-de","7":"product_cat-filtersystemer-de","8":"product_cat-pi-wasser-trinkwasser-quellwasser-wasserreinigung","9":"product_cat-trinkwasser","10":"product_cat-wasser-reinigung-de","11":"product_cat-wasserbelebung-de","12":"product_tag-drikkevann-de","13":"product_tag-filtersystem-de","14":"product_tag-rent-vann-de","15":"product_tag-vannfilter-de","16":"product_tag-vannrensing-de","18":"first","19":"instock","20":"taxable","21":"shipping-taxable","22":"purchasable","23":"product-type-simple"},"_links":{"self":[{"href":"https:\/\/helseforhandleren.no\/de\/wp-json\/wp\/v2\/product\/43806","targetHints":{"allow":["GET"]}}],"collection":[{"href":"https:\/\/helseforhandleren.no\/de\/wp-json\/wp\/v2\/product"}],"about":[{"href":"https:\/\/helseforhandleren.no\/de\/wp-json\/wp\/v2\/types\/product"}],"replies":[{"embeddable":true,"href":"https:\/\/helseforhandleren.no\/de\/wp-json\/wp\/v2\/comments?post=43806"}],"wp:featuredmedia":[{"embeddable":true,"href":"https:\/\/helseforhandleren.no\/de\/wp-json\/wp\/v2\/media\/83963"}],"wp:attachment":[{"href":"https:\/\/helseforhandleren.no\/de\/wp-json\/wp\/v2\/media?parent=43806"}],"wp:term":[{"taxonomy":"product_brand","embeddable":true,"href":"https:\/\/helseforhandleren.no\/de\/wp-json\/wp\/v2\/product_brand?post=43806"},{"taxonomy":"product_cat","embeddable":true,"href":"https:\/\/helseforhandleren.no\/de\/wp-json\/wp\/v2\/product_cat?post=43806"},{"taxonomy":"product_tag","embeddable":true,"href":"https:\/\/helseforhandleren.no\/de\/wp-json\/wp\/v2\/product_tag?post=43806"}],"curies":[{"name":"wp","href":"https:\/\/api.w.org\/{rel}","templated":true}]}}