{"id":43887,"date":"2021-02-20T09:48:15","date_gmt":"2021-02-20T09:48:15","guid":{"rendered":"http:\/\/helseforhandleren.no\/buttik\/unkategorisiert\/maunawai-ersatzpatrone-fur-oko-duschbrause\/"},"modified":"2024-04-05T10:03:32","modified_gmt":"2024-04-05T10:03:32","slug":"maunawai-ersatzpatrone-fur-oko-duschbrause","status":"publish","type":"product","link":"https:\/\/helseforhandleren.no\/de\/geschaeft\/wasser\/trinkwasser\/filtersystemer-de\/maunawai-ersatzpatrone-fur-oko-duschbrause\/","title":{"rendered":"MAUNAWAI\u00ae Ersatzpatrone f\u00fcr \u00d6ko-Duschbrause"},"content":{"rendered":"<p>Duschen mit belebtem Wasser f\u00fcr einen frischen und gesunden Tag!<\/p>\n<p>Unsere Haut nimmt  beim Duschen t\u00e4glich mindesten 0,5 Liter Wasser auf.<\/p>\n<p>Der MAUNAWAI\u00ae Duschkopf ist ideal f\u00fcr sensible Haut. Durch die Keramiken werden Keime, Allergene sowie Chlor und andere Schadstoffe<\/p>\n<p>im Leitungswasser entfernt.<\/p>\n<p>Die Mineralisierung und Belebung des Wassers hilft bei trockener Haut und unterst\u00fctzt die Zellregenerierung.<\/p>\n<p>Die kleinen \u00d6ffnungen sorgen f\u00fcr einen weichen und angenehmen Wasserstrahl.<\/p>\n<p>Eigenschaften und Vorteile<\/p>\n<p>\u00b7 wirkt antibakteriell<\/p>\n<p>\u00b7 belebt mit verschiedenen PI-Keramiken<\/p>\n<p>\u00b7 entfernt Schwebestoffe<\/p>\n<p>\u00b7 entfernt Chlor und andere Schadstoffe<\/p>\n<p>\u00b7 gibt sauberes und weiches Wasser<\/p>\n<p>\u00b7 umweltfreundlich, spart Wasser (ca 25%)<\/p>\n<p>\u00b7 passt zu jeder g\u00e4ngigen Duschleitung, Internationaler Standard: G1\/2* 14<\/p>\n<p>\u00b7 sehr einfach zu montieren<\/p>\n<p>\u00b7 auch f\u00fcr den Urlaub einfach mitzunehmen<\/p>\n<p>\u00b7 Ideal f\u00fcr Kinder und auch f\u00fcr Allergiker<\/p>\n<p>\u00b7 Filterwechsel: nach 6 Monaten bei 4 Personen Standard-Nutzung<\/p>\n<p>\u00b7 NSF und ISO9001 zertifiziert<\/p>\n","protected":false},"excerpt":{"rendered":"<p>Duschen mit belebtem Wasser f\u00fcr einen frischen und gesunden Tag!  [&#8230;]<\/p>\n","protected":false},"featured_media":83967,"comment_status":"closed","ping_status":"closed","template":"","meta":[],"product_brand":[],"product_cat":[1213,1464,746,744],"product_tag":[1852,1853,1247,1851],"class_list":{"0":"post-43887","1":"product","2":"type-product","3":"status-publish","4":"has-post-thumbnail","6":"product_cat-filtersystemer-de","7":"product_cat-pi-wasser-trinkwasser-quellwasser-wasserreinigung","8":"product_cat-wasser-reinigung-de","9":"product_cat-wasserbelebung-de","10":"product_tag-dusj-de","11":"product_tag-dusjhode-med-rensepatron-de","12":"product_tag-vannrensing-de","13":"product_tag-vitalisering","15":"first","16":"instock","17":"taxable","18":"shipping-taxable","19":"purchasable","20":"product-type-simple"},"_links":{"self":[{"href":"https:\/\/helseforhandleren.no\/de\/wp-json\/wp\/v2\/product\/43887","targetHints":{"allow":["GET"]}}],"collection":[{"href":"https:\/\/helseforhandleren.no\/de\/wp-json\/wp\/v2\/product"}],"about":[{"href":"https:\/\/helseforhandleren.no\/de\/wp-json\/wp\/v2\/types\/product"}],"replies":[{"embeddable":true,"href":"https:\/\/helseforhandleren.no\/de\/wp-json\/wp\/v2\/comments?post=43887"}],"wp:featuredmedia":[{"embeddable":true,"href":"https:\/\/helseforhandleren.no\/de\/wp-json\/wp\/v2\/media\/83967"}],"wp:attachment":[{"href":"https:\/\/helseforhandleren.no\/de\/wp-json\/wp\/v2\/media?parent=43887"}],"wp:term":[{"taxonomy":"product_brand","embeddable":true,"href":"https:\/\/helseforhandleren.no\/de\/wp-json\/wp\/v2\/product_brand?post=43887"},{"taxonomy":"product_cat","embeddable":true,"href":"https:\/\/helseforhandleren.no\/de\/wp-json\/wp\/v2\/product_cat?post=43887"},{"taxonomy":"product_tag","embeddable":true,"href":"https:\/\/helseforhandleren.no\/de\/wp-json\/wp\/v2\/product_tag?post=43887"}],"curies":[{"name":"wp","href":"https:\/\/api.w.org\/{rel}","templated":true}]}}