{"id":43897,"date":"2021-02-20T09:58:08","date_gmt":"2021-02-20T09:58:08","guid":{"rendered":"http:\/\/helseforhandleren.no\/buttik\/unkategorisiert\/maunawai-peka-10-ersatzkartusche-grundfilter\/"},"modified":"2024-04-05T10:03:46","modified_gmt":"2024-04-05T10:03:46","slug":"maunawai-peka-10-ersatzkartusche-grundfilter","status":"publish","type":"product","link":"https:\/\/helseforhandleren.no\/de\/geschaeft\/wasser\/trinkwasser\/wasser-reinigung-de\/filter-de\/maunawai-peka-10-ersatzkartusche-grundfilter\/","title":{"rendered":"MAUNAWAI\u00ae Peka 10 Ersatzkartusche &#8211; Grundfilter"},"content":{"rendered":"<p>Zweistufiger Sedimentfilter aus Polypropylen-Schaum.<\/p>\n<p>Der MAUNAWAI\u00ae Grundfilter hat eine dreifach h\u00f6here Schmutzaufnahmef\u00e4higkeit<br \/>\nim Vergleich zu herk\u00f6mmlichen Filterkartuschen \u00e4hnlicher Gr\u00f6\u00dfe.<br \/>\nIdeal um die folgenden Verunreinigungen aus dem Wasser zu beseitigen:<br \/>\n\u2022 Sand<br \/>\n\u2022 Schlamm<br \/>\n\u2022 Rost<br \/>\n\u2022 Bl\u00fctenstaub<br \/>\nund andere Schwebstoffe<\/p>\n<p>Filtrationsbereich: au\u00dfen 25 \u03bcm, innen 1 \u03bcm<\/p>\n<p>Die Filter-Porengr\u00f6\u00dfe wird \u201cvon au\u00dfen nach innen gesehen\u201c immer kleiner, die garantiert ein optimales Ausfiltern der Sedimente.<\/p>\n<p>In der \u00e4u\u00dferen Schicht werden zuerst alle Stoffe aufgehalten die gr\u00f6\u00dfer als 25 \u03bcm sind, in der inneren Schicht befindet sich ein zus\u00e4tzliches Filtervlies mit einer Filterdichte von 1 \u03bcm.<\/p>\n<p>Wechselintervall: ca. 12 Monate, abh\u00e4ngig von Ihrer Wasserqualit\u00e4t<\/p>\n","protected":false},"excerpt":{"rendered":"<p>Zweistufiger Sedimentfilter aus Polypropylen-Schaum. Der MAUNAWAI\u00ae Grundfilter hat eine dreifach  [&#8230;]<\/p>\n","protected":false},"featured_media":83974,"comment_status":"closed","ping_status":"closed","template":"","meta":[],"product_brand":[],"product_cat":[1214,1213,1464,1094,746,744],"product_tag":[1465,1244,1466,1246,1247],"class_list":{"0":"post-43897","1":"product","2":"type-product","3":"status-publish","4":"has-post-thumbnail","6":"product_cat-filter-de","7":"product_cat-filtersystemer-de","8":"product_cat-pi-wasser-trinkwasser-quellwasser-wasserreinigung","9":"product_cat-trinkwasser","10":"product_cat-wasser-reinigung-de","11":"product_cat-wasserbelebung-de","12":"product_tag-drikkevann-de","13":"product_tag-filtersystem-de","14":"product_tag-rent-vann-de","15":"product_tag-vannfilter-de","16":"product_tag-vannrensing-de","18":"first","19":"instock","20":"taxable","21":"shipping-taxable","22":"purchasable","23":"product-type-simple"},"_links":{"self":[{"href":"https:\/\/helseforhandleren.no\/de\/wp-json\/wp\/v2\/product\/43897","targetHints":{"allow":["GET"]}}],"collection":[{"href":"https:\/\/helseforhandleren.no\/de\/wp-json\/wp\/v2\/product"}],"about":[{"href":"https:\/\/helseforhandleren.no\/de\/wp-json\/wp\/v2\/types\/product"}],"replies":[{"embeddable":true,"href":"https:\/\/helseforhandleren.no\/de\/wp-json\/wp\/v2\/comments?post=43897"}],"wp:featuredmedia":[{"embeddable":true,"href":"https:\/\/helseforhandleren.no\/de\/wp-json\/wp\/v2\/media\/83974"}],"wp:attachment":[{"href":"https:\/\/helseforhandleren.no\/de\/wp-json\/wp\/v2\/media?parent=43897"}],"wp:term":[{"taxonomy":"product_brand","embeddable":true,"href":"https:\/\/helseforhandleren.no\/de\/wp-json\/wp\/v2\/product_brand?post=43897"},{"taxonomy":"product_cat","embeddable":true,"href":"https:\/\/helseforhandleren.no\/de\/wp-json\/wp\/v2\/product_cat?post=43897"},{"taxonomy":"product_tag","embeddable":true,"href":"https:\/\/helseforhandleren.no\/de\/wp-json\/wp\/v2\/product_tag?post=43897"}],"curies":[{"name":"wp","href":"https:\/\/api.w.org\/{rel}","templated":true}]}}