{"id":43907,"date":"2021-02-20T10:01:36","date_gmt":"2021-02-20T10:01:36","guid":{"rendered":"http:\/\/helseforhandleren.no\/buttik\/unkategorisiert\/maunawai-peka-10-ersatzkartusche-intensivfilter\/"},"modified":"2024-04-05T10:03:53","modified_gmt":"2024-04-05T10:03:53","slug":"maunawai-peka-10-ersatzkartusche-intensivfilter","status":"publish","type":"product","link":"https:\/\/helseforhandleren.no\/de\/geschaeft\/wasser\/trinkwasser\/wasser-reinigung-de\/filter-de\/maunawai-peka-10-ersatzkartusche-intensivfilter\/","title":{"rendered":"MAUNAWAI\u00ae Peka 10 Ersatzkartusche &#8211; Intensivfilter &#8211;"},"content":{"rendered":"<p>Karbon-Block-Filter aus Aktivkohle.<\/p>\n<p>Der Wasserdruck nimmt trotz der hohen Feinheit der Filterkartusche nur um ca. 0,5 bar ab.<\/p>\n<p>Ideal um die folgenden Verunreinigungen in Ihrem Wasser zu beseitigen:<\/p>\n<p>\u2022 Ger\u00fcche und schlechter Geschmack im Wasser<br \/>\n\u2022 Chlor und \u00e4hnlichen unerw\u00fcnschten Stoff en<br \/>\n\u2022 Schwermetallen, wie z.B. Blei.<br \/>\n\u2022 organischen Verbindungen<\/p>\n<p>Filterfeinheit: 0,5 \u03bcm = 0,0005 mm. So ist es m\u00f6glich auch Hormon- und Medikamentenr\u00fcckst\u00e4nde zu reduzieren<\/p>\n<p>Wasserleistung:<\/p>\n<p>Peka 10\u201c ca. 30-40 l\/min.<\/p>\n<p>Peka 20\u201c ca. 50-60 l\/min.<\/p>\n<p>Wechselintervall: ca. 12 Monate, abh\u00e4ngig von Ihrer Wasserqualit\u00e4t<\/p>\n","protected":false},"excerpt":{"rendered":"<p>Karbon-Block-Filter aus Aktivkohle. Der Wasserdruck nimmt trotz der hohen Feinheit  [&#8230;]<\/p>\n","protected":false},"featured_media":83977,"comment_status":"closed","ping_status":"closed","template":"","meta":[],"product_brand":[],"product_cat":[1214,1213,1464,1094,746,744],"product_tag":[1465,1244,1466,1246,1247],"class_list":{"0":"post-43907","1":"product","2":"type-product","3":"status-publish","4":"has-post-thumbnail","6":"product_cat-filter-de","7":"product_cat-filtersystemer-de","8":"product_cat-pi-wasser-trinkwasser-quellwasser-wasserreinigung","9":"product_cat-trinkwasser","10":"product_cat-wasser-reinigung-de","11":"product_cat-wasserbelebung-de","12":"product_tag-drikkevann-de","13":"product_tag-filtersystem-de","14":"product_tag-rent-vann-de","15":"product_tag-vannfilter-de","16":"product_tag-vannrensing-de","18":"first","19":"instock","20":"taxable","21":"shipping-taxable","22":"purchasable","23":"product-type-simple"},"_links":{"self":[{"href":"https:\/\/helseforhandleren.no\/de\/wp-json\/wp\/v2\/product\/43907","targetHints":{"allow":["GET"]}}],"collection":[{"href":"https:\/\/helseforhandleren.no\/de\/wp-json\/wp\/v2\/product"}],"about":[{"href":"https:\/\/helseforhandleren.no\/de\/wp-json\/wp\/v2\/types\/product"}],"replies":[{"embeddable":true,"href":"https:\/\/helseforhandleren.no\/de\/wp-json\/wp\/v2\/comments?post=43907"}],"wp:featuredmedia":[{"embeddable":true,"href":"https:\/\/helseforhandleren.no\/de\/wp-json\/wp\/v2\/media\/83977"}],"wp:attachment":[{"href":"https:\/\/helseforhandleren.no\/de\/wp-json\/wp\/v2\/media?parent=43907"}],"wp:term":[{"taxonomy":"product_brand","embeddable":true,"href":"https:\/\/helseforhandleren.no\/de\/wp-json\/wp\/v2\/product_brand?post=43907"},{"taxonomy":"product_cat","embeddable":true,"href":"https:\/\/helseforhandleren.no\/de\/wp-json\/wp\/v2\/product_cat?post=43907"},{"taxonomy":"product_tag","embeddable":true,"href":"https:\/\/helseforhandleren.no\/de\/wp-json\/wp\/v2\/product_tag?post=43907"}],"curies":[{"name":"wp","href":"https:\/\/api.w.org\/{rel}","templated":true}]}}