{"id":43922,"date":"2021-02-20T10:13:10","date_gmt":"2021-02-20T10:13:10","guid":{"rendered":"http:\/\/helseforhandleren.no\/buttik\/unkategorisiert\/maunawai-peka-10-ersatzkartusche-maunawai-pi\/"},"modified":"2024-04-05T10:04:03","modified_gmt":"2024-04-05T10:04:03","slug":"maunawai-peka-10-ersatzkartusche-maunawai-pi","status":"publish","type":"product","link":"https:\/\/helseforhandleren.no\/de\/geschaeft\/wasser\/trinkwasser\/wasser-reinigung-de\/filter-de\/maunawai-peka-10-ersatzkartusche-maunawai-pi\/","title":{"rendered":"MAUNAWAI\u00ae Peka 10 Ersatzkartusche &#8211; Maunawai Pi &#8211;"},"content":{"rendered":"<p>Die PI\u00ae Filterkartusche wurde eigens f\u00fcr das MAUNAWAI\u00ae Wasserfilter-System<br \/>\nentwickelt und bietet eine besonders hohe Wasserqualit\u00e4t.<\/p>\n<p>Vorteile:<br \/>\n\u2022 pH-Wert erh\u00f6ht sich<br \/>\n\u2022 gibt Sauerstoff ab<br \/>\n\u2022 antibakterielle Wirkung<br \/>\n\u2022 stabilisiert das Wasser<br \/>\n\u2022 feine Clusterbildung<br \/>\n\u2022 gibt Mineralien und Spurenlemente ab (TDS Wert erh\u00f6ht sich)<\/p>\n<p>Filtermateriel: Kombination von \u00fcber 20 verschiedenen Keramikkugeln<\/p>\n<p>Die PI-Technologie wurde in den 60er Jahren in Japan entwickelt, um aus Leitungswasser bestes Trink-Wasser zu machen. Die Vorbilder waren die gro\u00dfen Heilquellen und das Leben selbst.<\/p>\n<p>Durch die Anwendung der f\u00fcnf Prinzipien in der MAUNAWAI Kartusche \u2013 Filtration, Information, Optimierung, Harmonisierung und biologische Verf\u00fcgbarmachung \u2013 wird das Wasser nicht nur  von unerw\u00fcnschten Stoffen gereinigt, sondern auch restrukturiert und erh\u00e4lt somit seine urspr\u00fcngliche Clusterform wieder zur\u00fcck.<\/p>\n<p>Der Natur nachempfunden, flie\u00dft das Wasser durch verschiedene Schichten von Maunawai  PI\u00ae- Filter aus Turmalin-Keramikkugeln, Zeolith-Elementen und EMKeramiken.<br \/>\nSo wie bei einem Bachlauf, der einer Bergquelle entspringt, wird das Wasser durch diesen Vorgang neu strukturiert und erh\u00e4lt neue Informationen, die sich in den Wasserkristallaufnahmen des MAUNAWAI\u00ae Wassers widerspiegeln.<\/p>\n<p>Am Ende des Prozesses erhalten Sie bestes und lebendiges Wasser.<\/p>\n<p>Nutzung: Die Maunwai PI-Filterkartusche sollte nach 5 Jahren gewechselt werden.<\/p>\n","protected":false},"excerpt":{"rendered":"<p>Die PI\u00ae Filterkartusche wurde eigens f\u00fcr das MAUNAWAI\u00ae Wasserfilter-System entwickelt  [&#8230;]<\/p>\n","protected":false},"featured_media":83982,"comment_status":"closed","ping_status":"closed","template":"","meta":[],"product_brand":[],"product_cat":[1214,1213,1464,1094,746,744],"product_tag":[1465,1244,1466,1246,1247],"class_list":{"0":"post-43922","1":"product","2":"type-product","3":"status-publish","4":"has-post-thumbnail","6":"product_cat-filter-de","7":"product_cat-filtersystemer-de","8":"product_cat-pi-wasser-trinkwasser-quellwasser-wasserreinigung","9":"product_cat-trinkwasser","10":"product_cat-wasser-reinigung-de","11":"product_cat-wasserbelebung-de","12":"product_tag-drikkevann-de","13":"product_tag-filtersystem-de","14":"product_tag-rent-vann-de","15":"product_tag-vannfilter-de","16":"product_tag-vannrensing-de","18":"first","19":"onbackorder","20":"taxable","21":"shipping-taxable","22":"purchasable","23":"product-type-simple"},"_links":{"self":[{"href":"https:\/\/helseforhandleren.no\/de\/wp-json\/wp\/v2\/product\/43922","targetHints":{"allow":["GET"]}}],"collection":[{"href":"https:\/\/helseforhandleren.no\/de\/wp-json\/wp\/v2\/product"}],"about":[{"href":"https:\/\/helseforhandleren.no\/de\/wp-json\/wp\/v2\/types\/product"}],"replies":[{"embeddable":true,"href":"https:\/\/helseforhandleren.no\/de\/wp-json\/wp\/v2\/comments?post=43922"}],"wp:featuredmedia":[{"embeddable":true,"href":"https:\/\/helseforhandleren.no\/de\/wp-json\/wp\/v2\/media\/83982"}],"wp:attachment":[{"href":"https:\/\/helseforhandleren.no\/de\/wp-json\/wp\/v2\/media?parent=43922"}],"wp:term":[{"taxonomy":"product_brand","embeddable":true,"href":"https:\/\/helseforhandleren.no\/de\/wp-json\/wp\/v2\/product_brand?post=43922"},{"taxonomy":"product_cat","embeddable":true,"href":"https:\/\/helseforhandleren.no\/de\/wp-json\/wp\/v2\/product_cat?post=43922"},{"taxonomy":"product_tag","embeddable":true,"href":"https:\/\/helseforhandleren.no\/de\/wp-json\/wp\/v2\/product_tag?post=43922"}],"curies":[{"name":"wp","href":"https:\/\/api.w.org\/{rel}","templated":true}]}}