{"id":43937,"date":"2021-02-20T09:57:44","date_gmt":"2021-02-20T09:57:44","guid":{"rendered":"http:\/\/helseforhandleren.no\/buttik\/unkategorisiert\/maunawai-wasserspender-brunnen\/"},"modified":"2024-04-05T10:04:12","modified_gmt":"2024-04-05T10:04:12","slug":"maunawai-wasserspender-brunnen","status":"publish","type":"product","link":"https:\/\/helseforhandleren.no\/de\/geschaeft\/wasser\/trinkwasser\/wasser-reinigung-de\/filter-de\/maunawai-wasserspender-brunnen\/","title":{"rendered":"MAUNAWAI\u00ae Wasserspender-Brunnen"},"content":{"rendered":"<p>Maunawai Wasserspender-Brunnen mit Grund- und 2in1 Wasserfilter<\/p>\n<p>    Edelstahl Trinkbrunnen<br \/>\n    Bodenstehende und  Wand-Montage<br \/>\n    Wasserflu\u00df \u2013 Regulierung am Trinkauslauf<br \/>\n    verst\u00e4rkt mit Polyurethan (um Einbeulungen zu vermeiden und die typischen Metallger\u00e4usche zu verhindern)<br \/>\n    Becken innen Oberfl\u00e4che hoch poliert, Au\u00dfenverkleidung Oberfl\u00e4che matt<br \/>\n    H\u00f6he 900x350x360 mm (HxBxT)<\/p>\n<p>1) PiTec Grundfilter<\/p>\n<p>Zweistufiger Sedimentfilter aus Polypropylen-Schaum.<br \/>\nDer MAUNAWAI\u00ae Grundfilter hat eine dreifach h\u00f6here Schmutz-Aufnahmef\u00e4higkeit im Vergleich zu herk\u00f6mmlichen Filterkartuschen \u00e4hnlicher Gr\u00f6\u00dfe.<\/p>\n<p>Ideal um die folgenden Verunreinigungen aus dem Wasser zu beseitigen:<br \/>\n\u2022 Sand<br \/>\n\u2022 Schlamm<br \/>\n\u2022 Rost<br \/>\n\u2022 Bl\u00fctenstaub<br \/>\nund andere Schwebstoffe<\/p>\n<p>Filtrationsbereich: au\u00dfen 25 \u03bcm, innen 1 \u03bcm<\/p>\n<p>Die Filter-Porengr\u00f6\u00dfe wird \u201cvon au\u00dfen nach innen gesehen\u201c immer kleiner, die garantiert ein optimales Ausfiltern der Sedimente.<\/p>\n<p>In der \u00e4u\u00dferen Schicht  werden zuerst alle Stoffe aufgehalten die gr\u00f6\u00dfer als 25 \u03bcm sind, in der inneren Schicht befindet sich ein zus\u00e4tzliches Filtervlies mit einer Filterdichte von 1 \u03bcm.<\/p>\n<p>Wechselintervall: ca. 12 Monate, abh\u00e4ngig von Ihrer Wasserqualit\u00e4t<\/p>\n<p>2.) PiTec 2in1 Wasserfilter.<\/p>\n<p>Schadstoffreduktion und Regenerierung in einem Filter!<\/p>\n<p>Die MAUNAWAI 2in1 Filterkartusche kombiniert den bew\u00e4hrten MAUNAWAI Intensiv-Filter sowie den MAUNAWAI PI-Filter.<\/p>\n<p>Intensiv + MAUNAWAI Filter<\/p>\n<p>Durch die hohe Dichte der Kokosnuss-Aktivkohle von 0,45 \u03bcm gilt sie als bakteriensicher. Keime, Pilze etc. werden zur\u00fcckgehalten.<\/p>\n<p>Schadstoffe wie Pestizide, Chlor, Fluor, chemisch-physikalische Substanzen, oder auch Schwermetalle wie Kupfer, Blei etc. werden fast vollst\u00e4ndig absorbiert.<\/p>\n<p>Die MAUNAWAI PI-Keramiken sichern die Regenerierung.<\/p>\n<p>Vorteile:<\/p>\n<p>&#8211; Filterung von Schadstoffen<\/p>\n<p>&#8211; pH-Wert erh\u00f6ht sich<\/p>\n<p>&#8211; gibt Sauerstoff ab<\/p>\n<p>&#8211; antibakterielle Wirkung<\/p>\n<p>&#8211; stabilisiert das Wasser<\/p>\n<p>&#8211; feine Clusterbildung<\/p>\n<p>&#8211; gibt Mineralien und Spurenelemente ab<\/p>\n<p>&#8211; Platzsparend<\/p>\n<p>&#8211; einfache und unkomplizierte Einabau- und Austausch der Kartusche<\/p>\n<p>Nutzungsdauer\/Leistung<\/p>\n<p>Die Filterpartrone muss sp\u00e4testens nach 12 Monaten oder 10.000 Litern gewechselt werden.<\/p>\n<p>Ein fr\u00fcherer Wechsel kann erforderlich sein, wenn der Wasserdurchfluss sp\u00fcrbar reduziert ist.<\/p>\n<p>Lieferumfang:<\/p>\n<p>    Wasserspender-Brunnen<br \/>\n    Maunawai Grund-Filter<br \/>\n    Maunawai PiTec 2in1 Filter<br \/>\n    Montageanleitung<\/p>\n<p>Technische Daten:<\/p>\n<p>Filterfeinheit: 0,45 \u03bcm<\/p>\n<p>Wasserdurchfluss: ca. 4-8l\/Min., abh\u00e4ngig vom Wasserdruck<\/p>\n<p>Temperatur: Filter ist nur f\u00fcr die Kaltwasserleitung geeignet, vor Frost sch\u00fctzen.<\/p>\n<p>Anschluss: 3\/8&#8243;.<\/p>\n","protected":false},"excerpt":{"rendered":"<p>Maunawai Wasserspender-Brunnen mit Grund- und 2in1 Wasserfilter Edelstahl Trinkbrunnen Bodenstehende  [&#8230;]<\/p>\n","protected":false},"featured_media":83986,"comment_status":"closed","ping_status":"closed","template":"","meta":[],"product_brand":[],"product_cat":[1214,1213,1464,1094,746,744],"product_tag":[1465,1244,1466,1246,1247],"class_list":{"0":"post-43937","1":"product","2":"type-product","3":"status-publish","4":"has-post-thumbnail","6":"product_cat-filter-de","7":"product_cat-filtersystemer-de","8":"product_cat-pi-wasser-trinkwasser-quellwasser-wasserreinigung","9":"product_cat-trinkwasser","10":"product_cat-wasser-reinigung-de","11":"product_cat-wasserbelebung-de","12":"product_tag-drikkevann-de","13":"product_tag-filtersystem-de","14":"product_tag-rent-vann-de","15":"product_tag-vannfilter-de","16":"product_tag-vannrensing-de","18":"first","19":"instock","20":"taxable","21":"shipping-taxable","22":"purchasable","23":"product-type-simple"},"_links":{"self":[{"href":"https:\/\/helseforhandleren.no\/de\/wp-json\/wp\/v2\/product\/43937","targetHints":{"allow":["GET"]}}],"collection":[{"href":"https:\/\/helseforhandleren.no\/de\/wp-json\/wp\/v2\/product"}],"about":[{"href":"https:\/\/helseforhandleren.no\/de\/wp-json\/wp\/v2\/types\/product"}],"replies":[{"embeddable":true,"href":"https:\/\/helseforhandleren.no\/de\/wp-json\/wp\/v2\/comments?post=43937"}],"wp:featuredmedia":[{"embeddable":true,"href":"https:\/\/helseforhandleren.no\/de\/wp-json\/wp\/v2\/media\/83986"}],"wp:attachment":[{"href":"https:\/\/helseforhandleren.no\/de\/wp-json\/wp\/v2\/media?parent=43937"}],"wp:term":[{"taxonomy":"product_brand","embeddable":true,"href":"https:\/\/helseforhandleren.no\/de\/wp-json\/wp\/v2\/product_brand?post=43937"},{"taxonomy":"product_cat","embeddable":true,"href":"https:\/\/helseforhandleren.no\/de\/wp-json\/wp\/v2\/product_cat?post=43937"},{"taxonomy":"product_tag","embeddable":true,"href":"https:\/\/helseforhandleren.no\/de\/wp-json\/wp\/v2\/product_tag?post=43937"}],"curies":[{"name":"wp","href":"https:\/\/api.w.org\/{rel}","templated":true}]}}