{"id":44367,"date":"2021-02-23T19:28:10","date_gmt":"2021-02-23T19:28:10","guid":{"rendered":"http:\/\/helseforhandleren.no\/buttik\/unkategorisiert\/sanomega-naturliches-fischol-reich-an-epa-mit-fettloslichen-vitaminen\/"},"modified":"2024-04-05T10:05:55","modified_gmt":"2024-04-05T10:05:55","slug":"sanomega-naturliches-fischol-reich-an-epa-mit-fettloslichen-vitaminen","status":"publish","type":"product","link":"https:\/\/helseforhandleren.no\/de\/geschaeft\/gesundheit-de\/nahrungsergaenzungsmittel\/omega-de\/sanomega-naturliches-fischol-reich-an-epa-mit-fettloslichen-vitaminen\/","title":{"rendered":"SanOmega &#8211; Nat\u00fcrliches Fisch\u00f6l, reich an EPA! Mit fettl\u00f6slichen Vitaminen"},"content":{"rendered":"<p>Nat\u00fcrliches Fisch\u00f6l reich an EPA! Omega-3 mit den Vitaminen A, D, E und K2, Beta-Carotin, Q10 und MCT<\/p>\n<p>W\u00e4hlen Sie zwischen Zitrusgeschmack, nat\u00fcrlicher Kr\u00e4utermischung, TuttiFrutti und Zitrone und Pfefferminze.<\/p>\n<p>SanOmega ist das vollst\u00e4ndigste Omega-3-\u00d6l auf dem Markt!<\/p>\n<p>In SanOmega erhalten Sie:<\/p>\n<p>    Nat\u00fcrliches Fisch\u00f6l<br \/>\n    High-EPA-Omega-3<br \/>\n    Vitamin A.<br \/>\n    Vitamin-D<br \/>\n    Vitamin E.<br \/>\n    Vitamin K2<br \/>\n    Coenzym Q10<br \/>\n    MCT-\u00d6l<\/p>\n<p>Neben hochwertigen Zutaten schmeckt SanOmega auch hervorragend!<\/p>\n<p>Zutaten:<\/p>\n<p>Nat\u00fcrliches Fisch\u00f6l (Triglyceride), MCT aus kaltgepresstem Kokos\u00f6l, fermentiertes Coenzym Q-10 (Ubichinon), Beta-Carotin (Dunaliella Salina), Vitamin E-Komplex (\u03b2, \u03b3, \u03b4-Tocopherole), Vitamin D (Cholecalciferol), Vitamin K2 (Menacinon-7), Vitamin A (Retinolpalmitat), nat\u00fcrliches Aroma.<\/p>\n<p>Dosierung:<\/p>\n<p>Erwachsene: Bis zu 3 Gramm Omega-3-Fetts\u00e4uren pro Tag. Dies entspricht 13 ml. \u00d6l oder 1 gro\u00dfer Essl\u00f6ffel.<\/p>\n<p>W\u00e4hlen Sie zwischen den Geschmacksrichtungen:<\/p>\n<p>Geschmack von Zitrusfr\u00fcchten: S\u00fc\u00dforange und Zitrone<\/p>\n<p>Nat\u00fcrliche Kr\u00e4utermischung: Schafgarbe, Rosmarin, Oregano, Thymian und Zitronenschale<\/p>\n<p>Zitrone und Pfefferminze: Zitrone und Pfefferminze<\/p>\n<p>TuttiFrutti: Orange, Zitrone, Vanille, Ananas und Himbeere.<\/p>\n<p>Wir verwenden nat\u00fcrliche \u00d6le auf Basis von Fr\u00fcchten und Kr\u00e4utern.<\/p>\n<p>Nettoinhalt 300 ml<\/p>\n<p>Die empfohlene Tagesdosis sollte nicht \u00fcberschritten werden. Nahrungserg\u00e4nzungsmittel sollten nicht als Ersatz f\u00fcr eine abwechslungsreiche Ern\u00e4hrung verwendet werden. Empfohlen f\u00fcr Erwachsene und Kinder \u00fcber drei Jahre.<\/p>\n<p>Darf nicht in die H\u00e4nde von Kindern gelangen.<\/p>\n","protected":false},"excerpt":{"rendered":"<p>Nat\u00fcrliches Fisch\u00f6l reich an EPA! Omega-3 mit den Vitaminen A,  [&#8230;]<\/p>\n","protected":false},"featured_media":84031,"comment_status":"closed","ping_status":"closed","template":"","meta":[],"product_brand":[],"product_cat":[556,979,1759],"product_tag":[805,1898],"class_list":{"0":"post-44367","1":"product","2":"type-product","3":"status-publish","4":"has-post-thumbnail","6":"product_cat-gesundheit-de","7":"product_cat-nahrungsergaenzungsmittel","8":"product_cat-omega-de","9":"product_tag-gesundheit-de","10":"product_tag-kosttilskudd-de","12":"first","13":"instock","14":"taxable","15":"shipping-taxable","16":"purchasable","17":"product-type-variable"},"_links":{"self":[{"href":"https:\/\/helseforhandleren.no\/de\/wp-json\/wp\/v2\/product\/44367","targetHints":{"allow":["GET"]}}],"collection":[{"href":"https:\/\/helseforhandleren.no\/de\/wp-json\/wp\/v2\/product"}],"about":[{"href":"https:\/\/helseforhandleren.no\/de\/wp-json\/wp\/v2\/types\/product"}],"replies":[{"embeddable":true,"href":"https:\/\/helseforhandleren.no\/de\/wp-json\/wp\/v2\/comments?post=44367"}],"wp:featuredmedia":[{"embeddable":true,"href":"https:\/\/helseforhandleren.no\/de\/wp-json\/wp\/v2\/media\/84031"}],"wp:attachment":[{"href":"https:\/\/helseforhandleren.no\/de\/wp-json\/wp\/v2\/media?parent=44367"}],"wp:term":[{"taxonomy":"product_brand","embeddable":true,"href":"https:\/\/helseforhandleren.no\/de\/wp-json\/wp\/v2\/product_brand?post=44367"},{"taxonomy":"product_cat","embeddable":true,"href":"https:\/\/helseforhandleren.no\/de\/wp-json\/wp\/v2\/product_cat?post=44367"},{"taxonomy":"product_tag","embeddable":true,"href":"https:\/\/helseforhandleren.no\/de\/wp-json\/wp\/v2\/product_tag?post=44367"}],"curies":[{"name":"wp","href":"https:\/\/api.w.org\/{rel}","templated":true}]}}