{"id":44383,"date":"2021-02-24T09:30:45","date_gmt":"2021-02-24T09:30:45","guid":{"rendered":"http:\/\/helseforhandleren.no\/buttik\/unkategorisiert\/sanbiota-505-standard-probiotika-in-pulverform\/"},"modified":"2024-04-05T10:06:00","modified_gmt":"2024-04-05T10:06:00","slug":"sanbiota-505-standard-probiotika-in-pulverform","status":"publish","type":"product","link":"https:\/\/helseforhandleren.no\/de\/geschaeft\/gesundheit-de\/nahrungsergaenzungsmittel\/omega-de\/sanbiota-505-standard-probiotika-in-pulverform\/","title":{"rendered":"SanBiota 505 Standard &#8211; Probiotika in Pulverform"},"content":{"rendered":"<p>Bredspektret probiotika til dagen.<\/p>\n<p>SanBiota har en kombinasjon av probiotiske bakterier og prebiotiske fiber.<br \/>\nSanBiota 505 standard:<\/p>\n<p>    Dette handler om standard blanding for det lavere niv\u00e5et av lite boost i tarmfloraen.<br \/>\n    SanBiota 505 Standard har en god verdi som du b\u00f8r reise eller bruke i andre situasjoner som ikke har noen innvirkning p\u00e5 veien.<br \/>\n    Et godt alternativt ved antibiotikabehandling.<\/p>\n<p>Ingredienser:<\/p>\n<p>Maisstivelse, maltodextrin, inulin, kaliumklorid, magnesiumsulfat, fruktooligosackharider (FOS), bakteriell hammer, enzym (amylase), vaniljearoma og mangansulfat.<\/p>\n<p>Bakterier stammer:<\/p>\n<p>B. lactis W51, B. lactis W52, E. faecium W54, L. acidophilus W22, L. paracasei W20, L. plantarum W21, L. salivarius W24, L. lactis W19<\/p>\n<p>PROBIOACT\u00ae-teknologi s\u00f8rger for at komponentene som kreves for produktsettet stabiliseres og at bakteriene holdes trygge.<\/p>\n<p>Netto innhold: 100 gram<\/p>\n<p>Vedlegg d\u00f8gndose b\u00f8r ikke overskrides. Kosttilskudd b\u00f8r ikke brukes som refusjon for variert Kost. Anbefales til voksne.<\/p>\n<p>Oppbevares utilgjengelig for l\u00e5ve.<\/p>\n","protected":false},"excerpt":{"rendered":"<p>Bredspektret probiotika til dagen. SanBiota har en kombinasjon av probiotiske  [&#8230;]<\/p>\n","protected":false},"featured_media":84036,"comment_status":"closed","ping_status":"closed","template":"","meta":[],"product_brand":[],"product_cat":[556,979,1759],"product_tag":[805,1898],"class_list":{"0":"post-44383","1":"product","2":"type-product","3":"status-publish","4":"has-post-thumbnail","6":"product_cat-gesundheit-de","7":"product_cat-nahrungsergaenzungsmittel","8":"product_cat-omega-de","9":"product_tag-gesundheit-de","10":"product_tag-kosttilskudd-de","12":"first","13":"instock","14":"taxable","15":"shipping-taxable","16":"purchasable","17":"product-type-simple"},"_links":{"self":[{"href":"https:\/\/helseforhandleren.no\/de\/wp-json\/wp\/v2\/product\/44383","targetHints":{"allow":["GET"]}}],"collection":[{"href":"https:\/\/helseforhandleren.no\/de\/wp-json\/wp\/v2\/product"}],"about":[{"href":"https:\/\/helseforhandleren.no\/de\/wp-json\/wp\/v2\/types\/product"}],"replies":[{"embeddable":true,"href":"https:\/\/helseforhandleren.no\/de\/wp-json\/wp\/v2\/comments?post=44383"}],"wp:featuredmedia":[{"embeddable":true,"href":"https:\/\/helseforhandleren.no\/de\/wp-json\/wp\/v2\/media\/84036"}],"wp:attachment":[{"href":"https:\/\/helseforhandleren.no\/de\/wp-json\/wp\/v2\/media?parent=44383"}],"wp:term":[{"taxonomy":"product_brand","embeddable":true,"href":"https:\/\/helseforhandleren.no\/de\/wp-json\/wp\/v2\/product_brand?post=44383"},{"taxonomy":"product_cat","embeddable":true,"href":"https:\/\/helseforhandleren.no\/de\/wp-json\/wp\/v2\/product_cat?post=44383"},{"taxonomy":"product_tag","embeddable":true,"href":"https:\/\/helseforhandleren.no\/de\/wp-json\/wp\/v2\/product_tag?post=44383"}],"curies":[{"name":"wp","href":"https:\/\/api.w.org\/{rel}","templated":true}]}}