{"id":44392,"date":"2021-02-24T10:05:58","date_gmt":"2021-02-24T10:05:58","guid":{"rendered":"http:\/\/helseforhandleren.no\/buttik\/unkategorisiert\/sanbiota-ecologic-barrier-probiotika-in-pulverform\/"},"modified":"2024-04-05T10:06:07","modified_gmt":"2024-04-05T10:06:07","slug":"sanbiota-ecologic-barrier-probiotika-in-pulverform","status":"publish","type":"product","link":"https:\/\/helseforhandleren.no\/de\/geschaeft\/unkategorisiert\/sanbiota-ecologic-barrier-probiotika-in-pulverform\/","title":{"rendered":"SanBiota Ecologic + Barrier &#8211; Probiotika in Pulverform"},"content":{"rendered":"<p>Breitband-Probiotika.<\/p>\n<p>SanBiota hat eine Zusammensetzung, die probiotische Bakterien und pr\u00e4biotische Ballaststoffe kombiniert.<\/p>\n<p>\u00d6kologisch + Barriere:<\/p>\n<p>Die Bakterien in der Barriere arbeiten mit der Barrierefunktion der Darmschleimhaut. Das hei\u00dft, die Kontaktfl\u00e4che zwischen der Au\u00dfenseite und der Innenseite unseres K\u00f6rpers. Diese Bakterien k\u00f6nnen auch das Immunsystem in der Darmschleimhaut beeinflussen.<\/p>\n<p>Zutaten<\/p>\n<p>Mais \/ Maisst\u00e4rke \/ St\u00e4rke, Maltodextrin,<br \/>\npflanzliches Protein, Bakterienst\u00e4mme \/ -st\u00e4mme,<br \/>\nKaliumchlorid, Magnesiumsulfat und Mangansulfat.<\/p>\n<p>Die Bakterienst\u00e4mme<\/p>\n<p>B. bifidum W23, B. lactis W51, E. faecium W54, L. acidophilus W22, L. brevis W63, L. lactis W58<\/p>\n<p>Die PROBIOACT\u00ae-Technologie besteht aus Schutzkomponenten, die die Stabilit\u00e4t des Produkts verbessern und den Bakterien helfen, saure Magenbeschwerden zu \u00fcberstehen.<\/p>\n<p>Nettoinhalt 100 Gramm<\/p>\n<p>Die empfohlene Tagesdosis sollte nicht \u00fcberschritten werden. Nahrungserg\u00e4nzungsmittel sollten nicht als Ersatz f\u00fcr eine abwechslungsreiche Ern\u00e4hrung verwendet werden. Empfohlen f\u00fcr Erwachsene.<\/p>\n<p>Darf nicht in die H\u00e4nde von Kindern gelangen.<\/p>\n","protected":false},"excerpt":{"rendered":"<p>Breitband-Probiotika. SanBiota hat eine Zusammensetzung, die probiotische Bakterien und pr\u00e4biotische  [&#8230;]<\/p>\n","protected":false},"featured_media":84039,"comment_status":"closed","ping_status":"closed","template":"","meta":[],"product_brand":[],"product_cat":[1415],"product_tag":[805,1898],"class_list":{"0":"post-44392","1":"product","2":"type-product","3":"status-publish","4":"has-post-thumbnail","6":"product_cat-unkategorisiert","7":"product_tag-gesundheit-de","8":"product_tag-kosttilskudd-de","10":"first","11":"instock","12":"taxable","13":"shipping-taxable","14":"purchasable","15":"product-type-simple"},"_links":{"self":[{"href":"https:\/\/helseforhandleren.no\/de\/wp-json\/wp\/v2\/product\/44392","targetHints":{"allow":["GET"]}}],"collection":[{"href":"https:\/\/helseforhandleren.no\/de\/wp-json\/wp\/v2\/product"}],"about":[{"href":"https:\/\/helseforhandleren.no\/de\/wp-json\/wp\/v2\/types\/product"}],"replies":[{"embeddable":true,"href":"https:\/\/helseforhandleren.no\/de\/wp-json\/wp\/v2\/comments?post=44392"}],"wp:featuredmedia":[{"embeddable":true,"href":"https:\/\/helseforhandleren.no\/de\/wp-json\/wp\/v2\/media\/84039"}],"wp:attachment":[{"href":"https:\/\/helseforhandleren.no\/de\/wp-json\/wp\/v2\/media?parent=44392"}],"wp:term":[{"taxonomy":"product_brand","embeddable":true,"href":"https:\/\/helseforhandleren.no\/de\/wp-json\/wp\/v2\/product_brand?post=44392"},{"taxonomy":"product_cat","embeddable":true,"href":"https:\/\/helseforhandleren.no\/de\/wp-json\/wp\/v2\/product_cat?post=44392"},{"taxonomy":"product_tag","embeddable":true,"href":"https:\/\/helseforhandleren.no\/de\/wp-json\/wp\/v2\/product_tag?post=44392"}],"curies":[{"name":"wp","href":"https:\/\/api.w.org\/{rel}","templated":true}]}}