{"id":44399,"date":"2021-02-24T10:10:57","date_gmt":"2021-02-24T10:10:57","guid":{"rendered":"http:\/\/helseforhandleren.no\/buttik\/unkategorisiert\/sanmagnesium-magnesiumpraparat-mit-mineralien-und-b-und-c-vitaminen\/"},"modified":"2024-04-05T10:06:13","modified_gmt":"2024-04-05T10:06:13","slug":"sanmagnesium-magnesiumpraparat-mit-mineralien-und-b-und-c-vitaminen","status":"publish","type":"product","link":"https:\/\/helseforhandleren.no\/de\/geschaeft\/gesundheit-de\/nahrungsergaenzungsmittel\/omega-de\/sanmagnesium-magnesiumpraparat-mit-mineralien-und-b-und-c-vitaminen\/","title":{"rendered":"SanMagnesium &#8211; Magnesiumpr\u00e4parat mit Mineralien und B- und C-Vitaminen"},"content":{"rendered":"<p>SanMagnesium &#8211; das Mineralstoffpr\u00e4parat mit B- und C-Vitaminen<\/p>\n<p>SanMagnesium ist ein Nahrungserg\u00e4nzungsmittel, das nat\u00fcrliches Magnesium aus Meerwasser, nat\u00fcrliches Vitamin C, Bioflavonoide und Polyphenole enth\u00e4lt. Diese helfen, das Magnesium in seiner aktiven Form auf dem Weg vom Magen in den Blutkreislauf zu sch\u00fctzen. Dar\u00fcber hinaus enth\u00e4lt SanMagnesium Jod, Bor und Selen, Vitamin B\u2086 f\u00fcr eine erh\u00f6hte Aufnahme sowie B12 und Fols\u00e4ure, die in Zusammenarbeit mit Vitamin B6 f\u00fcr verschiedene Prozesse in den Blutfunktionen wichtig sind.<\/p>\n<p>SanMagnesium liegt in Pulverform vor und Wasser wird ausger\u00fchrt. Schmeckt gut mit Zitrone!<\/p>\n<p>In SanMagnesium erhalten Sie:<\/p>\n<p>    Magnesium<br \/>\n    Jod<br \/>\n    Selen<br \/>\n    Bor<br \/>\n    Vitamin B6<br \/>\n    Vitamin B12<br \/>\n    Fols\u00e4ure<br \/>\n    Vitamin C<br \/>\n    Pr\u00e4biotische Faser<br \/>\n    Polyphenole<br \/>\n    Bioflavinoide<\/p>\n<p>Zutaten:<\/p>\n<p>Marine Magnesium (Meerwasserhydroxid), Oligofructose, Dextrose, Fructose, Inulin, Acerola (Malpigia Punicifolia), Zitronensaftpulver, S\u00e4ureregulator (Apfels\u00e4ure), Antibackmittel (Silica), Bors\u00e4ure, Quadrefolic Glucosamin Pyridin (Salz) ), S\u00fc\u00dfstoffe (Stevioglycoside), Kaliumiodid (Jod), Natriumselenit (Selen), Methylcobalamin (Vitamin B12).<\/p>\n<p> Inhalt SanMagnesium<\/p>\n<p>Nettogewicht 150 g<\/p>\n<p>Das Produkt kann von Veganern verwendet werden.<\/p>\n<p>Wenn Sie schwanger sind, wird empfohlen, in den ersten drei Monaten der Schwangerschaft Fols\u00e4urepr\u00e4parate einzunehmen.<\/p>\n<p>Die empfohlene Tagesdosis sollte nicht \u00fcberschritten werden. Nahrungserg\u00e4nzungsmittel sollten nicht als Ersatz f\u00fcr eine abwechslungsreiche Ern\u00e4hrung verwendet werden. Empfohlen f\u00fcr Erwachsene und Kinder \u00fcber ein Jahr.<\/p>\n<p>Darf nicht in die H\u00e4nde von Kindern gelangen.<\/p>\n","protected":false},"excerpt":{"rendered":"<p>SanMagnesium &#8211; das Mineralstoffpr\u00e4parat mit B- und C-Vitaminen SanMagnesium ist  [&#8230;]<\/p>\n","protected":false},"featured_media":84042,"comment_status":"closed","ping_status":"closed","template":"","meta":[],"product_brand":[],"product_cat":[556,979,1759],"product_tag":[805,1898],"class_list":{"0":"post-44399","1":"product","2":"type-product","3":"status-publish","4":"has-post-thumbnail","6":"product_cat-gesundheit-de","7":"product_cat-nahrungsergaenzungsmittel","8":"product_cat-omega-de","9":"product_tag-gesundheit-de","10":"product_tag-kosttilskudd-de","12":"first","13":"instock","14":"taxable","15":"shipping-taxable","16":"purchasable","17":"product-type-simple"},"_links":{"self":[{"href":"https:\/\/helseforhandleren.no\/de\/wp-json\/wp\/v2\/product\/44399","targetHints":{"allow":["GET"]}}],"collection":[{"href":"https:\/\/helseforhandleren.no\/de\/wp-json\/wp\/v2\/product"}],"about":[{"href":"https:\/\/helseforhandleren.no\/de\/wp-json\/wp\/v2\/types\/product"}],"replies":[{"embeddable":true,"href":"https:\/\/helseforhandleren.no\/de\/wp-json\/wp\/v2\/comments?post=44399"}],"wp:featuredmedia":[{"embeddable":true,"href":"https:\/\/helseforhandleren.no\/de\/wp-json\/wp\/v2\/media\/84042"}],"wp:attachment":[{"href":"https:\/\/helseforhandleren.no\/de\/wp-json\/wp\/v2\/media?parent=44399"}],"wp:term":[{"taxonomy":"product_brand","embeddable":true,"href":"https:\/\/helseforhandleren.no\/de\/wp-json\/wp\/v2\/product_brand?post=44399"},{"taxonomy":"product_cat","embeddable":true,"href":"https:\/\/helseforhandleren.no\/de\/wp-json\/wp\/v2\/product_cat?post=44399"},{"taxonomy":"product_tag","embeddable":true,"href":"https:\/\/helseforhandleren.no\/de\/wp-json\/wp\/v2\/product_tag?post=44399"}],"curies":[{"name":"wp","href":"https:\/\/api.w.org\/{rel}","templated":true}]}}