{"id":44482,"date":"2021-03-07T15:40:54","date_gmt":"2021-03-07T15:40:54","guid":{"rendered":"https:\/\/helseforhandleren.no\/?post_type=product&#038;p=44482"},"modified":"2024-04-05T10:07:48","modified_gmt":"2024-04-05T10:07:48","slug":"skjermende-vev-hng100-90-cm-bredde","status":"publish","type":"product","link":"https:\/\/helseforhandleren.no\/de\/geschaeft\/abschirmung\/abschirmende-gewebe-und-vliese\/skjermende-vev-hng100-90-cm-bredde\/","title":{"rendered":"Skjermende vlies HNG100, 90 cm bredde"},"content":{"rendered":"<p>HNG80 er en kompakt, vevd, metallisert polyesternetting for skjerming av h\u00f8yfrekvent str\u00e5ling (HF) og lavfrekvente elektriske felt (LF). Det rimelige standardproduktet for vegger, tak og gulv. Kommersielt produkt for datasentre, laboratorier, TEMPEST-rom, &#8230; n\u00e5 tilgjengelig for privat bruk.<\/p>\n<p>Interi\u00f8r for vegger, tak og gulv. Som mellomtapet for gipsveggkonstruksjoner, l\u00f8st lagt, for \u00e5 skjerme enheter osv.<\/p>\n<p>Ved bearbeiding som et mellomtapet, for liming anbefaler vi v\u00e5rt dispersjonslim DKL90. Veggen og baksiden av materialet p\u00e5f\u00f8res lim med en malervalse. Sett inn materialet v\u00e5tt i v\u00e5tt, fest det manuelt (med engangshansker) og bruk en gummiert rull for \u00e5 f\u00e5 en kr\u00f8llfri overflate. Arbeid raskt og bare strip for stripe, slik at DKL90-limet ikke t\u00f8rker. En kr\u00f8llfri liming er bare mulig p\u00e5 perfekt plane overflater. Videre kan materialet legges l\u00f8st, f.eks. under gulvbelegg eller kan stiftes, f.eks. i gipsveggkonstruksjoner. Overlapp alltid enkeltstrimlene, slik at de kan kobles til jording.<\/p>\n<p>Demping | Jording<br \/>\nDette produktet beskytter mot h\u00f8yfrekvente elektromagnetiske felt (HF). De angitte dB-verdiene gjelder for 1 GHz, se diagram for andre frekvenser. Ekspertrapporter fra 40\/600 MHz til 40 GHz i henhold til standardene ASTM D4935-10 eller IEEE Std 299-2006, se rapporten ovenfor.<br \/>\nDette produktet med en elektrisk ledende overflate beskytter mot lavfrekvente alternerende elektriske felt (LF). For dette form\u00e5l er det n\u00f8dvendig med en jording, dvs. integrering i funksjonell-potensialutjevning (FEB). Vennligst finn passende jordingstilbeh\u00f8r under &#8222;Jording&#8220;.<\/p>\n<p>Tekniske data<\/p>\n<p>    Bredde: 90 cm<br \/>\n    Lengde: Ved meter \/ 100 m rull<br \/>\n    Demping: 80 dB (produksjonsrelatert +\/- 5 dB)<br \/>\n    Vekt: 75 g \/ m\u00b2<br \/>\n    Materialtykkelse: 0,075 mm<br \/>\n    Farge: Gr\u00e5 \/ Brun<br \/>\n    Strekkfasthet: 90 lbf<br \/>\n    Materialer: Polyester, kobber, nikkel<br \/>\n    Overflateledningsevne: 0,02 ohm (kvadratmotstand) <\/p>\n","protected":false},"excerpt":{"rendered":"<p>Skjermende metallisert vev 100dB for effektiv skjerming i vegg og gulv. Bredde 90cm , <\/p>\n","protected":false},"featured_media":84093,"comment_status":"closed","ping_status":"closed","template":"","meta":[],"product_brand":[],"product_cat":[1037],"product_tag":[],"class_list":{"0":"post-44482","1":"product","2":"type-product","3":"status-publish","4":"has-post-thumbnail","6":"product_cat-abschirmende-gewebe-und-vliese","8":"first","9":"instock","10":"taxable","11":"shipping-taxable","12":"purchasable","13":"product-type-simple"},"_links":{"self":[{"href":"https:\/\/helseforhandleren.no\/de\/wp-json\/wp\/v2\/product\/44482","targetHints":{"allow":["GET"]}}],"collection":[{"href":"https:\/\/helseforhandleren.no\/de\/wp-json\/wp\/v2\/product"}],"about":[{"href":"https:\/\/helseforhandleren.no\/de\/wp-json\/wp\/v2\/types\/product"}],"replies":[{"embeddable":true,"href":"https:\/\/helseforhandleren.no\/de\/wp-json\/wp\/v2\/comments?post=44482"}],"wp:featuredmedia":[{"embeddable":true,"href":"https:\/\/helseforhandleren.no\/de\/wp-json\/wp\/v2\/media\/84093"}],"wp:attachment":[{"href":"https:\/\/helseforhandleren.no\/de\/wp-json\/wp\/v2\/media?parent=44482"}],"wp:term":[{"taxonomy":"product_brand","embeddable":true,"href":"https:\/\/helseforhandleren.no\/de\/wp-json\/wp\/v2\/product_brand?post=44482"},{"taxonomy":"product_cat","embeddable":true,"href":"https:\/\/helseforhandleren.no\/de\/wp-json\/wp\/v2\/product_cat?post=44482"},{"taxonomy":"product_tag","embeddable":true,"href":"https:\/\/helseforhandleren.no\/de\/wp-json\/wp\/v2\/product_tag?post=44482"}],"curies":[{"name":"wp","href":"https:\/\/api.w.org\/{rel}","templated":true}]}}