{"id":44499,"date":"2019-03-02T10:09:16","date_gmt":"2019-03-02T10:09:16","guid":{"rendered":"https:\/\/helseforhandleren.no\/buttik\/unkategorisiert\/re_lux-energi-lasur\/"},"modified":"2024-04-05T10:07:59","modified_gmt":"2024-04-05T10:07:59","slug":"re_lux-energi-lasur","status":"publish","type":"product","link":"https:\/\/helseforhandleren.no\/de\/geschaeft\/abschirmung\/skjerming-de\/re_lux-energi-lasur\/","title":{"rendered":"RE-LUX Energie-lasur"},"content":{"rendered":"<p><strong>Als Anstrich f\u00fcr Innenw\u00e4nde<br \/>\nFunktion und Anwendung<\/strong><\/p>\n<p>Bringen Sie die Kraft des Lichtes und des Goldes in ihre Wohnr\u00e4ume, Schlafzimmer, an den Arbeitsplatz, in Praxen, B\u00fcros und L\u00e4den. Schaffen Sie sich ein Ort, der Kraft und Wohlbefinden spendet!<\/p>\n<p>Die Energie-Lasur l\u00e4sst Ihre W\u00e4nde und Decken zu einer \u201eSchutz- und Energie-Umh\u00fcllung\u201c werden. Sie besteht aus 2 Komponenten: der Re Lux Lasur zur Harmonisierung bei Elektrosmog sowie der Aurum-Lasur f\u00fcr Ausgleich und Wohlbefinden. Lassen Sie in den eigenen R\u00e4umen wieder ein Lebensgef\u00fchl der Entspannung, Weite und W\u00e4rme entstehen.<\/p>\n<p>Elektrosmog ist ein Teil unseres modernen Lebens geworden. Durch entsprechende Ma\u00dfnahmen an WLAN-Routern und schnurlosen Telefonen k\u00f6nnen wir unseren Beitrag dazu leisten, den eigenen Anteil daran zu reduzieren. Was jedoch von au\u00dfen in unsere R\u00e4ume eindringt, darauf haben wir i.d.R. keinen Einfluss. H\u00e4ufig entsteht so selbst in den sch\u00f6nsten und hellsten R\u00e4umen ein Lebensgef\u00fchl von Druck, Anspannung, und Dauerstress.<br \/>\nMehr zum Thema Elektrosmog und was Sie zu seiner Reduzierung beitragen k\u00f6nnen, <a href=\"http:\/\/www.re-lux.eu\/node\/94\">finden Sie hier.<\/a><\/p>\n<p>Durch die Re Lux Lasur werden Energien in den Raum \u00fcbertragen, die eine Weite und W\u00e4rme erm\u00f6glichen, eine sp\u00fcrbare Entspannung auf allen Ebenen. Durch die zweite Komponente, der Aurum-Lasur, kann in diese Atmosph\u00e4re hinein die Kraft des Goldes \u00fcbertragen werden: pure Lebensfreude, Ausgleich, Wohlbefinden.<\/p>\n","protected":false},"excerpt":{"rendered":"<p>Die Relux Energie Lasur als Anstrich f\u00fcr Innenw\u00e4nde zum Spr\u00fchen oder Streichen.<br \/>\nEin vitales Raumklima f\u00fcr Harmonie und Wohlbefinden<\/p>\n","protected":false},"featured_media":84099,"comment_status":"closed","ping_status":"closed","template":"","meta":[],"product_brand":[],"product_cat":[553,1184],"product_tag":[806],"class_list":{"0":"post-44499","1":"product","2":"type-product","3":"status-publish","4":"has-post-thumbnail","6":"product_cat-skjerming-de","7":"product_cat-re-lux-nb-de","8":"product_tag-re-lux-nb-de","10":"first","11":"instock","12":"taxable","13":"shipping-taxable","14":"purchasable","15":"product-type-simple"},"_links":{"self":[{"href":"https:\/\/helseforhandleren.no\/de\/wp-json\/wp\/v2\/product\/44499","targetHints":{"allow":["GET"]}}],"collection":[{"href":"https:\/\/helseforhandleren.no\/de\/wp-json\/wp\/v2\/product"}],"about":[{"href":"https:\/\/helseforhandleren.no\/de\/wp-json\/wp\/v2\/types\/product"}],"replies":[{"embeddable":true,"href":"https:\/\/helseforhandleren.no\/de\/wp-json\/wp\/v2\/comments?post=44499"}],"wp:featuredmedia":[{"embeddable":true,"href":"https:\/\/helseforhandleren.no\/de\/wp-json\/wp\/v2\/media\/84099"}],"wp:attachment":[{"href":"https:\/\/helseforhandleren.no\/de\/wp-json\/wp\/v2\/media?parent=44499"}],"wp:term":[{"taxonomy":"product_brand","embeddable":true,"href":"https:\/\/helseforhandleren.no\/de\/wp-json\/wp\/v2\/product_brand?post=44499"},{"taxonomy":"product_cat","embeddable":true,"href":"https:\/\/helseforhandleren.no\/de\/wp-json\/wp\/v2\/product_cat?post=44499"},{"taxonomy":"product_tag","embeddable":true,"href":"https:\/\/helseforhandleren.no\/de\/wp-json\/wp\/v2\/product_tag?post=44499"}],"curies":[{"name":"wp","href":"https:\/\/api.w.org\/{rel}","templated":true}]}}