{"id":44526,"date":"2021-03-09T11:23:47","date_gmt":"2021-03-09T11:23:47","guid":{"rendered":"https:\/\/helseforhandleren.no\/buttik\/unkategorisiert\/reluxquelle-glaslinse\/"},"modified":"2024-04-05T10:08:24","modified_gmt":"2024-04-05T10:08:24","slug":"reluxquelle-glaslinse","status":"publish","type":"product","link":"https:\/\/helseforhandleren.no\/de\/geschaeft\/abschirmung\/re-lux-nb-de\/reluxquelle-glaslinse\/","title":{"rendered":"Reluxquelle Glaslinse"},"content":{"rendered":"<p>!! Die Reluxquelle Glaslinse ist derzeit leider ausverkauft !!<\/p>\n<p>Vorbestellungen k\u00f6nnen Sie gerne telefonisch oder per Email aufgeben.<\/p>\n<p>Funktion und Anwendung<\/p>\n<p>Die Reluxquelle Glaslinse wird in enger Zusammenarbeit mit Lichtblick e.V. Glaskunst-und Forschung in aufw\u00e4ndiger Handarbeit gefertigt.<\/p>\n<p>Dank der eigens f\u00fcr uns zusammengestellten Legierung des Glases, sowie seiner besonderen Form, k\u00f6nnen die Energien sehr stark und weit in den Raum getragen werden.<\/p>\n<p>Harmonisierung von Elektrosmog<\/p>\n<p>Die Reluxquelle Glaslinse ist einsetzbar f\u00fcr die pers\u00f6nliche Anwendung bei Elektrosmog-Belastungen in Wohn- und Arbeitsr\u00e4umen durch W-Lan, schnurlose Telefone, Handys, Babyphone etc.<\/p>\n<p>Jedes Glas ist in aufw\u00e4ndiger Handarbeit gefertigt und ein ganz pers\u00f6nliches Kleinod. Die praktische Gr\u00f6\u00dfe und Form erlauben es, sie ohne weiteres im Alltag und auf Reisen mitzunehmen. Dadurch hat man z.B. auch im Auto einen sch\u00fctzenden, ausgleichenden Wegbegleiter.<\/p>\n<p>Inhaltsstoffe<br \/>\nSpezialglas, Mineralienpulver<\/p>\n<p>Ma\u00dfe<br \/>\nRund, Durchmesser ca. 100 mm, H\u00f6he  ca. 45 mm, Gewicht ca. 0,5 kg<br \/>\nLieferung inklusive Filzuntersetzer.<\/p>\n","protected":false},"excerpt":{"rendered":"<p>!! Die Reluxquelle Glaslinse ist derzeit leider ausverkauft !!<\/p>\n<p>Vorbestellungen k\u00f6nnen Sie gerne telefonisch oder per Email aufgeben.<\/p>\n<p>Stress-Symptome effektiv abbauen<br \/>\nSteigerung des Wohlbefindens,<br \/>\nErh\u00f6hung der Konzentrationsf\u00e4higkeit,<br \/>\nAbbau von Stress-Symptomen<\/p>\n","protected":false},"featured_media":84117,"comment_status":"closed","ping_status":"closed","template":"","meta":[],"product_brand":[],"product_cat":[1184],"product_tag":[806],"class_list":{"0":"post-44526","1":"product","2":"type-product","3":"status-publish","4":"has-post-thumbnail","6":"product_cat-re-lux-nb-de","7":"product_tag-re-lux-nb-de","9":"first","10":"onbackorder","11":"taxable","12":"shipping-taxable","13":"purchasable","14":"product-type-simple"},"_links":{"self":[{"href":"https:\/\/helseforhandleren.no\/de\/wp-json\/wp\/v2\/product\/44526","targetHints":{"allow":["GET"]}}],"collection":[{"href":"https:\/\/helseforhandleren.no\/de\/wp-json\/wp\/v2\/product"}],"about":[{"href":"https:\/\/helseforhandleren.no\/de\/wp-json\/wp\/v2\/types\/product"}],"replies":[{"embeddable":true,"href":"https:\/\/helseforhandleren.no\/de\/wp-json\/wp\/v2\/comments?post=44526"}],"wp:featuredmedia":[{"embeddable":true,"href":"https:\/\/helseforhandleren.no\/de\/wp-json\/wp\/v2\/media\/84117"}],"wp:attachment":[{"href":"https:\/\/helseforhandleren.no\/de\/wp-json\/wp\/v2\/media?parent=44526"}],"wp:term":[{"taxonomy":"product_brand","embeddable":true,"href":"https:\/\/helseforhandleren.no\/de\/wp-json\/wp\/v2\/product_brand?post=44526"},{"taxonomy":"product_cat","embeddable":true,"href":"https:\/\/helseforhandleren.no\/de\/wp-json\/wp\/v2\/product_cat?post=44526"},{"taxonomy":"product_tag","embeddable":true,"href":"https:\/\/helseforhandleren.no\/de\/wp-json\/wp\/v2\/product_tag?post=44526"}],"curies":[{"name":"wp","href":"https:\/\/api.w.org\/{rel}","templated":true}]}}