{"id":44543,"date":"2021-03-09T11:57:02","date_gmt":"2021-03-09T11:57:02","guid":{"rendered":"https:\/\/helseforhandleren.no\/buttik\/unkategorisiert\/aqua-relux-system\/"},"modified":"2024-04-05T10:08:38","modified_gmt":"2024-04-05T10:08:38","slug":"aqua-relux-system","status":"publish","type":"product","link":"https:\/\/helseforhandleren.no\/de\/geschaeft\/abschirmung\/re-lux-nb-de\/aqua-relux-system\/","title":{"rendered":"Aqua Relux System"},"content":{"rendered":"<p>Wasser ist bekannt als eines der sensibelsten Medien u\u0308berhaupt \u2013 es nimmt Informationen aus der Umgebung rasch auf und speichert sie u\u0308ber lange Zeitr\u00e4ume. Diese Eigenschaften des Wassers nutzt AquaReLux, um eine Verbesserung der Wasserqualit\u00e4ten zu erreichen.<br \/>\nMit AquaReLux wird das Wasser mit den Eigenfrequenzen von Gold, Diamant, Rosenquarz und Sauerstoff energetisiert. Durch die drei Verwirbelungs-Stufen wird das Wasser zus\u00e4tzlich vitalisiert und seine Eigenschaften und der Gesschmack spu\u0308rbar veredelt.<\/p>\n<p>Das AquaReLux-System wird an der Hauptleitung angebracht und kann mit allen g\u00e4ngigen Wasserfi ltern kombiniert werden. Auf Wunsch liefern wir auch gerne ein komplettes Filtersystem mit.<\/p>\n<p>Das AquaRelux-Sytem ist in 3 Varianten erh\u00e4ltlich:<\/p>\n<p>Ger\u00e4t Gr\u00f6\u00dfe I f\u00fcr Jahresverbrauch < 200 m3\nGer\u00e4t Gr\u00f6\u00dfe II f\u00fcr Jahresverbrauch 200m3 - 750 m3\nGer\u00e4t Gr\u00f6\u00dfe III f\u00fcr Jahresverbrauch >750 m3<\/p>\n<p>Mehrschichtverbundrohr, Edelstahl, Borosilikatglas,  ReLux Substanzen<\/p>\n<p>Ma\u00dfe<br \/>\nBxHxT: 460 x 690 x 370 mm<\/p>\n<p>Gewicht:<br \/>\nunbef\u00fcllt ca. 12 kg<\/p>\n","protected":false},"excerpt":{"rendered":"<p>Zur Montage an kompletten Wasserleitungssystemen.<br \/>\nVitalisiert und energetiesiert Ihr Wasser und steigert das Wohlbefinden.<\/p>\n","protected":false},"featured_media":84124,"comment_status":"closed","ping_status":"closed","template":"","meta":[],"product_brand":[],"product_cat":[1184],"product_tag":[806],"class_list":{"0":"post-44543","1":"product","2":"type-product","3":"status-publish","4":"has-post-thumbnail","6":"product_cat-re-lux-nb-de","7":"product_tag-re-lux-nb-de","9":"first","10":"instock","11":"taxable","12":"shipping-taxable","13":"purchasable","14":"product-type-simple"},"_links":{"self":[{"href":"https:\/\/helseforhandleren.no\/de\/wp-json\/wp\/v2\/product\/44543","targetHints":{"allow":["GET"]}}],"collection":[{"href":"https:\/\/helseforhandleren.no\/de\/wp-json\/wp\/v2\/product"}],"about":[{"href":"https:\/\/helseforhandleren.no\/de\/wp-json\/wp\/v2\/types\/product"}],"replies":[{"embeddable":true,"href":"https:\/\/helseforhandleren.no\/de\/wp-json\/wp\/v2\/comments?post=44543"}],"wp:featuredmedia":[{"embeddable":true,"href":"https:\/\/helseforhandleren.no\/de\/wp-json\/wp\/v2\/media\/84124"}],"wp:attachment":[{"href":"https:\/\/helseforhandleren.no\/de\/wp-json\/wp\/v2\/media?parent=44543"}],"wp:term":[{"taxonomy":"product_brand","embeddable":true,"href":"https:\/\/helseforhandleren.no\/de\/wp-json\/wp\/v2\/product_brand?post=44543"},{"taxonomy":"product_cat","embeddable":true,"href":"https:\/\/helseforhandleren.no\/de\/wp-json\/wp\/v2\/product_cat?post=44543"},{"taxonomy":"product_tag","embeddable":true,"href":"https:\/\/helseforhandleren.no\/de\/wp-json\/wp\/v2\/product_tag?post=44543"}],"curies":[{"name":"wp","href":"https:\/\/api.w.org\/{rel}","templated":true}]}}