{"id":44554,"date":"2021-03-09T12:10:50","date_gmt":"2021-03-09T12:10:50","guid":{"rendered":"https:\/\/helseforhandleren.no\/buttik\/unkategorisiert\/aqua-relux-karaffe\/"},"modified":"2024-04-05T10:08:47","modified_gmt":"2024-04-05T10:08:47","slug":"aqua-relux-karaffe","status":"publish","type":"product","link":"https:\/\/helseforhandleren.no\/de\/geschaeft\/abschirmung\/re-lux-nb-de\/aqua-relux-karaffe\/","title":{"rendered":"Aqua Relux Karaffe"},"content":{"rendered":"<p>Funktion und Anwendung<\/p>\n<p>Die AquaReLux-Karaffe energetisiert und vitalisiert kalte und hei\u00dfe Getr\u00e4nke aller Art.<br \/>\nEinfach Wasser, S\u00e4fte, Tees, Limonaden, oder auch Wein einf\u00fcllen und genie\u00dfen:<br \/>\ndie unmittelbare Erfrischung f\u00fcr ihr k\u00f6rperliches und seelisches Wohl.<\/p>\n<p>Aqua ReLux verleiht dem Wasser wieder seine urspr\u00fcngliche Dynamik und Energie. Viele unserer Kunden berichten, dass dies eindr\u00fccklich und direkt erlebt werden kann.<\/p>\n<p>Aber auch auf wissenschaftlicher Ebene l\u00e4sst sich AquaReLux nachweisen. Eine Untersuchung durch die Wirksensorik GmbH zeigt signifikante Unterschiede:<\/p>\n<p>&#8222;Licht und \u00d6ffnung nach oben hin, &#8230;Weitung und Betonung der K\u00f6rpermitte,&#8230; Frische und Belebung.\u201c<\/p>\n<p>Die WirkSensorik GmbH bietet eine wissenschaftlich anerkannte Methode, um seelisch-k\u00f6rperliche Qualit\u00e4tsunterschiede durch geschulte Beobachter in Lebensmitteln und Rohstoffen festzustellen.<\/p>\n<p>Ein Panel von 11 Menschen, die in der Beschreibung seelisch-k\u00f6rperlicher Lebensmittelwirkungen erfahren sind, bewertete unsere Proben mit dem EmpathicFoodTest und einer qualitativen Analyse auf Basis einer freien Beschreibung. Die Ergebnisse wurden statistisch ausgewertet.<\/p>\n<p>Die Methode der Wirksensorik ist f\u00fcr uns von auch deshalb interessant, da sie nicht nur wissenschaftlich anerkannt und von geschulten Mitarbeitern ausgef\u00fchrt wird, sondern auch Qualit\u00e4ten nachweisen kann, die eine rein chemische Analyse nicht liefern kann, eben die \u201eWirkung hinter dem Geschmack\u201c. Zum Beispiel: wie geht es mir, wie f\u00fchle ich mich, nachdem ich ein bestimmtes Lebensmittel verkostet habe? Welche Ver\u00e4nderungen treten in meinem Befinden auf?<\/p>\n<p>Getestet wurde unbehandeltes Leitungswasser sowie AquaReLux-Wasser (ein fr\u00fcher Prototyp unseres AquaReLux-Systems plus der Karaffe).<\/p>\n<p>Ausz\u00fcge aus dem Pr\u00fcfungsbericht best\u00e4tigen die positiven Ver\u00e4nderungen im Wasser durch AquaReLux:<\/p>\n<p>\u201eIn der freien Beschreibung hebt sich die Probe Ger\u00e4t plus Krug durch den Umfang positiver und die Abwesenheit negativer Charakterisierungen von den anderen Proben ab\u2026Drei Qualit\u00e4ten treten bei der Probe besonders hervor: die erste und deutlichste weist auf Licht und \u00d6ffnung nach oben hin. Eine zweite weist auf eine Weitung und Betonung der K\u00f6rpermitte. Und die dritte steht im Zusammenhang mit Frische und Belebung.\u201c<\/p>\n<p>Inhaltsstoffe<br \/>\nGlas mundgeblasen, ReLux Substanzen<\/p>\n<p>Ma\u00dfe<br \/>\nBxH: 120 x 210  mm<\/p>\n<p>Fasst ca. 1,2 Liter<\/p>\n<p>Reinigung und Pflege:<br \/>\ndie Karaffe ist sp\u00fclmaschinenfest und kann mit allen \u00fcblichen Mitteln gereinigt werden.<\/p>\n","protected":false},"excerpt":{"rendered":"<p>Mundgeblasene Karaffe zur Vitalisierung von Wasser &#8211; schnell, einfach, f\u00fcr alle mit besserem Geschmack und ohne Kisten tragen zu m\u00fcssen.<\/p>\n","protected":false},"featured_media":84131,"comment_status":"closed","ping_status":"closed","template":"","meta":[],"product_brand":[],"product_cat":[1184],"product_tag":[],"class_list":{"0":"post-44554","1":"product","2":"type-product","3":"status-publish","4":"has-post-thumbnail","6":"product_cat-re-lux-nb-de","8":"first","9":"instock","10":"taxable","11":"shipping-taxable","12":"purchasable","13":"product-type-simple"},"_links":{"self":[{"href":"https:\/\/helseforhandleren.no\/de\/wp-json\/wp\/v2\/product\/44554","targetHints":{"allow":["GET"]}}],"collection":[{"href":"https:\/\/helseforhandleren.no\/de\/wp-json\/wp\/v2\/product"}],"about":[{"href":"https:\/\/helseforhandleren.no\/de\/wp-json\/wp\/v2\/types\/product"}],"replies":[{"embeddable":true,"href":"https:\/\/helseforhandleren.no\/de\/wp-json\/wp\/v2\/comments?post=44554"}],"wp:featuredmedia":[{"embeddable":true,"href":"https:\/\/helseforhandleren.no\/de\/wp-json\/wp\/v2\/media\/84131"}],"wp:attachment":[{"href":"https:\/\/helseforhandleren.no\/de\/wp-json\/wp\/v2\/media?parent=44554"}],"wp:term":[{"taxonomy":"product_brand","embeddable":true,"href":"https:\/\/helseforhandleren.no\/de\/wp-json\/wp\/v2\/product_brand?post=44554"},{"taxonomy":"product_cat","embeddable":true,"href":"https:\/\/helseforhandleren.no\/de\/wp-json\/wp\/v2\/product_cat?post=44554"},{"taxonomy":"product_tag","embeddable":true,"href":"https:\/\/helseforhandleren.no\/de\/wp-json\/wp\/v2\/product_tag?post=44554"}],"curies":[{"name":"wp","href":"https:\/\/api.w.org\/{rel}","templated":true}]}}