{"id":44566,"date":"2021-03-09T12:15:14","date_gmt":"2021-03-09T12:15:14","guid":{"rendered":"https:\/\/helseforhandleren.no\/buttik\/unkategorisiert\/re-lux-reluxquelle-energie-skulptur\/"},"modified":"2024-04-05T10:09:03","modified_gmt":"2024-04-05T10:09:03","slug":"re-lux-reluxquelle-energie-skulptur","status":"publish","type":"product","link":"https:\/\/helseforhandleren.no\/de\/geschaeft\/abschirmung\/re-lux-nb-de\/re-lux-reluxquelle-energie-skulptur\/","title":{"rendered":"RE-LUX Reluxquelle Energie-Skulptur"},"content":{"rendered":"<p>Funktion und Anwendung<\/p>\n<p>In Zusammenarbeit mi der \u00d6ko-Schreinerei Der Holzhof entwickelten wir die neue ReLux &#8211; Energie-Skulptur.<\/p>\n<p>Umwandlung st\u00f6render Erdstrahlen<\/p>\n<p>Sie ist eine Kombination unserer neu entwickelten Geometh und der Reluxquelle. Durch die genau definierten Abstandsverh\u00e4ltnisse erh\u00f6ht sich die Wirksamkeiten beider: der Ausgleich von den Wirkungen des Elektrosmogs wie auch die aufbauende Umwandlung st\u00f6render geopathogener Zonen.<br \/>\nMehr zum Thema Elektrosmog und was Sie zu seiner Reduzierung beitragen k\u00f6nnen, finden Sie hier.<\/p>\n<p>Die ReLux Energie-Skulptur kann einfach und flexibel in L\u00e4den, B\u00fcros, Tagungs- und Wohnr\u00e4umen installiert werden.<\/p>\n<p>Inhaltsstoffe<br \/>\nEichenholz gebeizt, Fichtenholz, Plexiglas, Silicium, Magnesium, Bienenwachs, Gold 24 Karat.<\/p>\n<p>Ma\u00dfe und Gewicht<br \/>\n35 x 35 x 45 cm. Gewicht ca. 2,5 kg.<\/p>\n","protected":false},"excerpt":{"rendered":"<p>Reluxquelle und Geometh als effektive L\u00f6sung.<br \/>\nSteigerung des Wohlbefindens,<br \/>\nErh\u00f6hung der Konzentrationsf\u00e4higkeit,<br \/>\nAbbau von Stress-Symptomen<\/p>\n","protected":false},"featured_media":84138,"comment_status":"closed","ping_status":"closed","template":"","meta":[],"product_brand":[],"product_cat":[1184],"product_tag":[560,561,562,563,564,803,565,804,566,567,568,569,805,570,806,571,807,808,572],"class_list":{"0":"post-44566","1":"product","2":"type-product","3":"status-publish","4":"has-post-thumbnail","6":"product_cat-re-lux-nb-de","7":"product_tag-alternativ-de","8":"product_tag-alternativ-helse-de","9":"product_tag-amulett-de","10":"product_tag-amulett-alternativ-eter-relux-findeisen-straling-antroposofi-orgon-energi-de","11":"product_tag-antroposofi-de","12":"product_tag-energetisk-skjerming-de","13":"product_tag-energi-de","14":"product_tag-energimedisin-de","15":"product_tag-eter-de","16":"product_tag-eterteknologi-de","17":"product_tag-findeisen-de","18":"product_tag-findeisen-straling-antroposofi-orgon-energi-de","19":"product_tag-gesundheit-de","20":"product_tag-orgon-de","21":"product_tag-re-lux-nb-de","22":"product_tag-relux-de","23":"product_tag-skjerming-alternativ-de","24":"product_tag-strahlung-emf-de","25":"product_tag-straling-de","27":"first","28":"instock","29":"taxable","30":"shipping-taxable","31":"purchasable","32":"product-type-simple"},"_links":{"self":[{"href":"https:\/\/helseforhandleren.no\/de\/wp-json\/wp\/v2\/product\/44566","targetHints":{"allow":["GET"]}}],"collection":[{"href":"https:\/\/helseforhandleren.no\/de\/wp-json\/wp\/v2\/product"}],"about":[{"href":"https:\/\/helseforhandleren.no\/de\/wp-json\/wp\/v2\/types\/product"}],"replies":[{"embeddable":true,"href":"https:\/\/helseforhandleren.no\/de\/wp-json\/wp\/v2\/comments?post=44566"}],"wp:featuredmedia":[{"embeddable":true,"href":"https:\/\/helseforhandleren.no\/de\/wp-json\/wp\/v2\/media\/84138"}],"wp:attachment":[{"href":"https:\/\/helseforhandleren.no\/de\/wp-json\/wp\/v2\/media?parent=44566"}],"wp:term":[{"taxonomy":"product_brand","embeddable":true,"href":"https:\/\/helseforhandleren.no\/de\/wp-json\/wp\/v2\/product_brand?post=44566"},{"taxonomy":"product_cat","embeddable":true,"href":"https:\/\/helseforhandleren.no\/de\/wp-json\/wp\/v2\/product_cat?post=44566"},{"taxonomy":"product_tag","embeddable":true,"href":"https:\/\/helseforhandleren.no\/de\/wp-json\/wp\/v2\/product_tag?post=44566"}],"curies":[{"name":"wp","href":"https:\/\/api.w.org\/{rel}","templated":true}]}}